{"id":4610,"date":"2010-09-25T00:55:17","date_gmt":"2010-09-25T00:55:17","guid":{"rendered":"http:\/\/udesignwordpresstheme.com\/?page_id=5"},"modified":"2021-12-23T17:29:11","modified_gmt":"2021-12-23T16:29:11","slug":"contact","status":"publish","type":"page","link":"http:\/\/mffe.ci\/MRCN\/reconciliation_21\/contact\/","title":{"rendered":"Contact"},"content":{"rendered":"<div class=\"pvc_clear\"><\/div>\n<p class=\"pvc_stats total_only \" data-element-id=\"4610\" style=\"\"><i class=\"pvc-stats-icon medium\" aria-hidden=\"true\"><svg aria-hidden=\"true\" focusable=\"false\" data-prefix=\"far\" data-icon=\"chart-bar\" role=\"img\" xmlns=\"http:\/\/www.w3.org\/2000\/svg\" viewBox=\"0 0 512 512\" class=\"svg-inline--fa fa-chart-bar fa-w-16 fa-2x\"><path fill=\"currentColor\" d=\"M396.8 352h22.4c6.4 0 12.8-6.4 12.8-12.8V108.8c0-6.4-6.4-12.8-12.8-12.8h-22.4c-6.4 0-12.8 6.4-12.8 12.8v230.4c0 6.4 6.4 12.8 12.8 12.8zm-192 0h22.4c6.4 0 12.8-6.4 12.8-12.8V140.8c0-6.4-6.4-12.8-12.8-12.8h-22.4c-6.4 0-12.8 6.4-12.8 12.8v198.4c0 6.4 6.4 12.8 12.8 12.8zm96 0h22.4c6.4 0 12.8-6.4 12.8-12.8V204.8c0-6.4-6.4-12.8-12.8-12.8h-22.4c-6.4 0-12.8 6.4-12.8 12.8v134.4c0 6.4 6.4 12.8 12.8 12.8zM496 400H48V80c0-8.84-7.16-16-16-16H16C7.16 64 0 71.16 0 80v336c0 17.67 14.33 32 32 32h464c8.84 0 16-7.16 16-16v-16c0-8.84-7.16-16-16-16zm-387.2-48h22.4c6.4 0 12.8-6.4 12.8-12.8v-70.4c0-6.4-6.4-12.8-12.8-12.8h-22.4c-6.4 0-12.8 6.4-12.8 12.8v70.4c0 6.4 6.4 12.8 12.8 12.8z\" class=\"\"><\/path><\/svg><\/i> &nbsp;335&nbsp;vues<\/p>\n<div class=\"pvc_clear\"><\/div>\n<h3 class=\"block_header\">CONTACTEZ-NOUS<\/h3>\n<div class=\"custom-frame-wrapper alignright\"><div class=\"custom-frame-inner-wrapper\"><div class=\"custom-frame-padding\"><img loading=\"lazy\" decoding=\"async\" class=\"alignnone size-full wp-image-4692\" src=\"http:\/\/mffe.ci\/MRCN\/reconciliation_21\/wp-content\/uploads\/2021\/10\/logo_mirecona_130_150.jpg\" alt=\"\" width=\"131\" height=\"150\" \/><\/div><\/div><\/div>Pour nous aider dans vos \u00e9changes avec votre minist\u00e8re, trouvez le bon interlocuteur et acc\u00e9der aux services de l&rsquo;Etat par voies \u00e9lectronique.<\/p>\n","protected":false},"excerpt":{"rendered":"<div class=\"pvc_clear\"><\/div>\n<p class=\"pvc_stats total_only \" data-element-id=\"4610\" style=\"\"><i class=\"pvc-stats-icon medium\" aria-hidden=\"true\"><svg aria-hidden=\"true\" focusable=\"false\" data-prefix=\"far\" data-icon=\"chart-bar\" role=\"img\" xmlns=\"http:\/\/www.w3.org\/2000\/svg\" viewBox=\"0 0 512 512\" class=\"svg-inline--fa fa-chart-bar fa-w-16 fa-2x\"><path fill=\"currentColor\" d=\"M396.8 352h22.4c6.4 0 12.8-6.4 12.8-12.8V108.8c0-6.4-6.4-12.8-12.8-12.8h-22.4c-6.4 0-12.8 6.4-12.8 12.8v230.4c0 6.4 6.4 12.8 12.8 12.8zm-192 0h22.4c6.4 0 12.8-6.4 12.8-12.8V140.8c0-6.4-6.4-12.8-12.8-12.8h-22.4c-6.4 0-12.8 6.4-12.8 12.8v198.4c0 6.4 6.4 12.8 12.8 12.8zm96 0h22.4c6.4 0 12.8-6.4 12.8-12.8V204.8c0-6.4-6.4-12.8-12.8-12.8h-22.4c-6.4 0-12.8 6.4-12.8 12.8v134.4c0 6.4 6.4 12.8 12.8 12.8zM496 400H48V80c0-8.84-7.16-16-16-16H16C7.16 64 0 71.16 0 80v336c0 17.67 14.33 32 32 32h464c8.84 0 16-7.16 16-16v-16c0-8.84-7.16-16-16-16zm-387.2-48h22.4c6.4 0 12.8-6.4 12.8-12.8v-70.4c0-6.4-6.4-12.8-12.8-12.8h-22.4c-6.4 0-12.8 6.4-12.8 12.8v70.4c0 6.4 6.4 12.8 12.8 12.8z\" class=\"\"><\/path><\/svg><\/i> &nbsp;335&nbsp;vues<\/p>\n<div class=\"pvc_clear\"><\/div>\n<p>&nbsp;335&nbsp;vues CONTACTEZ-NOUS Pour nous aider dans vos \u00e9changes avec votre minist\u00e8re, trouvez le bon interlocuteur et acc\u00e9der aux services de l&rsquo;Etat par voies \u00e9lectronique.<\/p>\n","protected":false},"author":1,"featured_media":0,"parent":0,"menu_order":0,"comment_status":"closed","ping_status":"closed","template":"page-Contact.php","meta":{"footnotes":""},"class_list":["post-4610","page","type-page","status-publish","hentry"],"_links":{"self":[{"href":"http:\/\/mffe.ci\/MRCN\/reconciliation_21\/wp-json\/wp\/v2\/pages\/4610","targetHints":{"allow":["GET"]}}],"collection":[{"href":"http:\/\/mffe.ci\/MRCN\/reconciliation_21\/wp-json\/wp\/v2\/pages"}],"about":[{"href":"http:\/\/mffe.ci\/MRCN\/reconciliation_21\/wp-json\/wp\/v2\/types\/page"}],"author":[{"embeddable":true,"href":"http:\/\/mffe.ci\/MRCN\/reconciliation_21\/wp-json\/wp\/v2\/users\/1"}],"replies":[{"embeddable":true,"href":"http:\/\/mffe.ci\/MRCN\/reconciliation_21\/wp-json\/wp\/v2\/comments?post=4610"}],"version-history":[{"count":2,"href":"http:\/\/mffe.ci\/MRCN\/reconciliation_21\/wp-json\/wp\/v2\/pages\/4610\/revisions"}],"predecessor-version":[{"id":5027,"href":"http:\/\/mffe.ci\/MRCN\/reconciliation_21\/wp-json\/wp\/v2\/pages\/4610\/revisions\/5027"}],"wp:attachment":[{"href":"http:\/\/mffe.ci\/MRCN\/reconciliation_21\/wp-json\/wp\/v2\/media?parent=4610"}],"curies":[{"name":"wp","href":"https:\/\/api.w.org\/{rel}","templated":true}]}}