{"id":4700,"date":"2021-10-30T01:53:39","date_gmt":"2021-10-29T23:53:39","guid":{"rendered":"http:\/\/mffe.ci\/MRCN\/reconciliation_21\/?page_id=4700"},"modified":"2021-12-23T12:49:49","modified_gmt":"2021-12-23T11:49:49","slug":"organigramme-du-ministere","status":"publish","type":"page","link":"http:\/\/mffe.ci\/MRCN\/reconciliation_21\/presentation-du-ministere\/organigramme-du-ministere\/","title":{"rendered":"Organigramme du cabinet"},"content":{"rendered":"<div class=\"pvc_clear\"><\/div><p class=\"pvc_stats total_only \" data-element-id=\"4700\" style=\"\"><i class=\"pvc-stats-icon medium\" aria-hidden=\"true\"><svg aria-hidden=\"true\" focusable=\"false\" data-prefix=\"far\" data-icon=\"chart-bar\" role=\"img\" xmlns=\"http:\/\/www.w3.org\/2000\/svg\" viewBox=\"0 0 512 512\" class=\"svg-inline--fa fa-chart-bar fa-w-16 fa-2x\"><path fill=\"currentColor\" d=\"M396.8 352h22.4c6.4 0 12.8-6.4 12.8-12.8V108.8c0-6.4-6.4-12.8-12.8-12.8h-22.4c-6.4 0-12.8 6.4-12.8 12.8v230.4c0 6.4 6.4 12.8 12.8 12.8zm-192 0h22.4c6.4 0 12.8-6.4 12.8-12.8V140.8c0-6.4-6.4-12.8-12.8-12.8h-22.4c-6.4 0-12.8 6.4-12.8 12.8v198.4c0 6.4 6.4 12.8 12.8 12.8zm96 0h22.4c6.4 0 12.8-6.4 12.8-12.8V204.8c0-6.4-6.4-12.8-12.8-12.8h-22.4c-6.4 0-12.8 6.4-12.8 12.8v134.4c0 6.4 6.4 12.8 12.8 12.8zM496 400H48V80c0-8.84-7.16-16-16-16H16C7.16 64 0 71.16 0 80v336c0 17.67 14.33 32 32 32h464c8.84 0 16-7.16 16-16v-16c0-8.84-7.16-16-16-16zm-387.2-48h22.4c6.4 0 12.8-6.4 12.8-12.8v-70.4c0-6.4-6.4-12.8-12.8-12.8h-22.4c-6.4 0-12.8 6.4-12.8 12.8v70.4c0 6.4 6.4 12.8 12.8 12.8z\" class=\"\"><\/path><\/svg><\/i> &nbsp;310&nbsp;vues<\/p><div class=\"pvc_clear\"><\/div>\n<h5 class=\"wp-block-heading\"><strong>Organisation du Cabinet du Minist\u00e8re de la R\u00e9conciliation et de la Coh\u00e9sion Nationale<\/strong><\/h5>\n\n\n\n<button class=\"collapsible\">COMPOSITION DU CABINET <\/button>\n\t\t\t\t<div class=\"content\">\n\t\t\t\t  <p>\n\t\t\t\t\t Le Cabinet comprend :\n\t\t\t\t\t<ul>\n\t\t\t\t\t\t<li> Un Directeur de Cabinet;<\/li>\n\t\t\t\t\t\t<li> Un Directeur de Cabinet Adjoint;<\/li>\n\t\t\t\t\t\t<li> Un Chef de Cabinet;<\/li>\n\t\t\t\t\t\t<li> Cinq Charg\u00e9s d\u2019Etudes;<\/li>\n\t\t\t\t\t\t<li> Un charg\u00e9 de Missions;<\/li>\n\t\t\t\t\t\t<li> Un Chef de Secr\u00e9tariat Particulier<\/li>\n\t\t\t\t\t<\/ul>\n\t\t\t\t\t<\/p>\n\t\t\t\t<\/div>\n","protected":false},"excerpt":{"rendered":"<div class=\"pvc_clear\"><\/div>\n<p class=\"pvc_stats total_only \" data-element-id=\"4700\" style=\"\"><i class=\"pvc-stats-icon medium\" aria-hidden=\"true\"><svg aria-hidden=\"true\" focusable=\"false\" data-prefix=\"far\" data-icon=\"chart-bar\" role=\"img\" xmlns=\"http:\/\/www.w3.org\/2000\/svg\" viewBox=\"0 0 512 512\" class=\"svg-inline--fa fa-chart-bar fa-w-16 fa-2x\"><path fill=\"currentColor\" d=\"M396.8 352h22.4c6.4 0 12.8-6.4 12.8-12.8V108.8c0-6.4-6.4-12.8-12.8-12.8h-22.4c-6.4 0-12.8 6.4-12.8 12.8v230.4c0 6.4 6.4 12.8 12.8 12.8zm-192 0h22.4c6.4 0 12.8-6.4 12.8-12.8V140.8c0-6.4-6.4-12.8-12.8-12.8h-22.4c-6.4 0-12.8 6.4-12.8 12.8v198.4c0 6.4 6.4 12.8 12.8 12.8zm96 0h22.4c6.4 0 12.8-6.4 12.8-12.8V204.8c0-6.4-6.4-12.8-12.8-12.8h-22.4c-6.4 0-12.8 6.4-12.8 12.8v134.4c0 6.4 6.4 12.8 12.8 12.8zM496 400H48V80c0-8.84-7.16-16-16-16H16C7.16 64 0 71.16 0 80v336c0 17.67 14.33 32 32 32h464c8.84 0 16-7.16 16-16v-16c0-8.84-7.16-16-16-16zm-387.2-48h22.4c6.4 0 12.8-6.4 12.8-12.8v-70.4c0-6.4-6.4-12.8-12.8-12.8h-22.4c-6.4 0-12.8 6.4-12.8 12.8v70.4c0 6.4 6.4 12.8 12.8 12.8z\" class=\"\"><\/path><\/svg><\/i> &nbsp;310&nbsp;vues<\/p>\n<div class=\"pvc_clear\"><\/div>\n<p>&nbsp;310&nbsp;vues Organisation du Cabinet du Minist\u00e8re de la R\u00e9conciliation et de la Coh\u00e9sion Nationale COMPOSITION DU CABINET Le Cabinet comprend : Un Directeur de Cabinet; Un Directeur de Cabinet Adjoint; Un Chef de Cabinet; Cinq Charg\u00e9s d\u2019Etudes; Un charg\u00e9 de Missions; Un Chef de Secr\u00e9tariat Particulier<\/p>\n","protected":false},"author":1,"featured_media":0,"parent":4698,"menu_order":0,"comment_status":"closed","ping_status":"closed","template":"page-PageTemplate3.php","meta":{"footnotes":""},"class_list":["post-4700","page","type-page","status-publish","hentry"],"_links":{"self":[{"href":"http:\/\/mffe.ci\/MRCN\/reconciliation_21\/wp-json\/wp\/v2\/pages\/4700","targetHints":{"allow":["GET"]}}],"collection":[{"href":"http:\/\/mffe.ci\/MRCN\/reconciliation_21\/wp-json\/wp\/v2\/pages"}],"about":[{"href":"http:\/\/mffe.ci\/MRCN\/reconciliation_21\/wp-json\/wp\/v2\/types\/page"}],"author":[{"embeddable":true,"href":"http:\/\/mffe.ci\/MRCN\/reconciliation_21\/wp-json\/wp\/v2\/users\/1"}],"replies":[{"embeddable":true,"href":"http:\/\/mffe.ci\/MRCN\/reconciliation_21\/wp-json\/wp\/v2\/comments?post=4700"}],"version-history":[{"count":3,"href":"http:\/\/mffe.ci\/MRCN\/reconciliation_21\/wp-json\/wp\/v2\/pages\/4700\/revisions"}],"predecessor-version":[{"id":5004,"href":"http:\/\/mffe.ci\/MRCN\/reconciliation_21\/wp-json\/wp\/v2\/pages\/4700\/revisions\/5004"}],"up":[{"embeddable":true,"href":"http:\/\/mffe.ci\/MRCN\/reconciliation_21\/wp-json\/wp\/v2\/pages\/4698"}],"wp:attachment":[{"href":"http:\/\/mffe.ci\/MRCN\/reconciliation_21\/wp-json\/wp\/v2\/media?parent=4700"}],"curies":[{"name":"wp","href":"https:\/\/api.w.org\/{rel}","templated":true}]}}