{"id":4704,"date":"2021-10-30T01:56:21","date_gmt":"2021-10-29T23:56:21","guid":{"rendered":"http:\/\/mffe.ci\/MRCN\/reconciliation_21\/?page_id=4704"},"modified":"2021-12-24T11:47:48","modified_gmt":"2021-12-24T10:47:48","slug":"structures-et-partenaires","status":"publish","type":"page","link":"http:\/\/mffe.ci\/MRCN\/reconciliation_21\/structures-et-partenaires\/","title":{"rendered":"Structures et Partenaires"},"content":{"rendered":"<div class=\"pvc_clear\"><\/div><p class=\"pvc_stats total_only \" data-element-id=\"4704\" style=\"\"><i class=\"pvc-stats-icon medium\" aria-hidden=\"true\"><svg aria-hidden=\"true\" focusable=\"false\" data-prefix=\"far\" data-icon=\"chart-bar\" role=\"img\" xmlns=\"http:\/\/www.w3.org\/2000\/svg\" viewBox=\"0 0 512 512\" class=\"svg-inline--fa fa-chart-bar fa-w-16 fa-2x\"><path fill=\"currentColor\" d=\"M396.8 352h22.4c6.4 0 12.8-6.4 12.8-12.8V108.8c0-6.4-6.4-12.8-12.8-12.8h-22.4c-6.4 0-12.8 6.4-12.8 12.8v230.4c0 6.4 6.4 12.8 12.8 12.8zm-192 0h22.4c6.4 0 12.8-6.4 12.8-12.8V140.8c0-6.4-6.4-12.8-12.8-12.8h-22.4c-6.4 0-12.8 6.4-12.8 12.8v198.4c0 6.4 6.4 12.8 12.8 12.8zm96 0h22.4c6.4 0 12.8-6.4 12.8-12.8V204.8c0-6.4-6.4-12.8-12.8-12.8h-22.4c-6.4 0-12.8 6.4-12.8 12.8v134.4c0 6.4 6.4 12.8 12.8 12.8zM496 400H48V80c0-8.84-7.16-16-16-16H16C7.16 64 0 71.16 0 80v336c0 17.67 14.33 32 32 32h464c8.84 0 16-7.16 16-16v-16c0-8.84-7.16-16-16-16zm-387.2-48h22.4c6.4 0 12.8-6.4 12.8-12.8v-70.4c0-6.4-6.4-12.8-12.8-12.8h-22.4c-6.4 0-12.8 6.4-12.8 12.8v70.4c0 6.4 6.4 12.8 12.8 12.8z\" class=\"\"><\/path><\/svg><\/i> &nbsp;295&nbsp;vues<\/p><div class=\"pvc_clear\"><\/div>\n<h5 class=\"wp-block-heading\"><strong>Structures et Partenaires<\/strong><\/h5>\n\n\n\n<button class=\"collapsible\">CHAPITRE IV : LES STRUCTURES TECHNIQUES CONSULTATIVES ET SOUS TUTELLE <\/button>\n\t\t\t\t<div class=\"content\">\n\t\t\t\t  <p>\n\t\t\t\t<STRONG>Article 23 :<\/STRONG> La Structure Technique Consultative est le Conseil National de la R\u00e9conciliation et de la Coh\u00e9sion Nationale.<br\/>\n                                Il est repr\u00e9sentatif de la population vivant en C\u00f4te d&rsquo;Ivoire.\n                               \n\t\t\t\t<\/p>\n\t\t\t\t<p>\n\t\t\t\t<STRONG>Article 24 :<\/STRONG> Les structures sous tutelle sont :\n\t\t\t\t<ul>\n\t\t\t\t\t<li> le Programme National de Coh\u00e9sion Sociale (PNCS) ;<\/li>\n\t\t\t\t\t<li> l&rsquo;Observatoire de la Coh\u00e9sion Nationale (OCN) ;<\/li>\n\t\t\t\t\t<li> le Fond National de Consolidation de la Paix. <\/li>\n\t\t\t\t\t\n\t\t\t\t<\/ul>\n\t\t\t\t<\/p>\n\t\t\t\t\n\t\t\t\t<\/div>\n\n\n\n<button class=\"collapsible\">CHAPITRE V : LES SERVICES EXTERIEURS <\/button>\n\t\t\t\t<div class=\"content\">\n\t\t\t\t<p>\n\t\t\t\t<STRONG>Article 25 :<\/STRONG> Les services ext\u00e9rieurs comprennent:\n\t\t\t\t<ul>\n\t\t\t\t\t<li> les 31 Directions R\u00e9gionales de la R\u00e9conciliation et de la Coh\u00e9sion Nationale  ;<\/li>\n\t\t\t\t\t<li> les Directions D\u00e9partementales de la R\u00e9conciliation et de la Coh\u00e9sion Nationale ;<\/li>\n\t\t\t\t\t<li> les Comit\u00e9s Locaux de la R\u00e9conciliation et de la Coh\u00e9sion Nationale.<\/li>\n\t\t\t\t\t\n\t\t\t\t<\/ul>\n                                Les Directions R\u00e9gionales de la R\u00e9conciliation et de la Coh\u00e9sion Nationale  sont dirig\u00e9es par des Directeurs R\u00e9gionaux nomm\u00e9s par arr\u00eat\u00e9. Ils ont rang de Sous-directeur d&rsquo;administration centrale. <br\/>\n\n                                Les Comit\u00e9s Locaux de la R\u00e9conciliation et de la Coh\u00e9sion Nationale sont anim\u00e9s par les leaders religieux, coutumiers, de jeunes, de femmes, de communaut\u00e9s, sous la supervision du Sous-Pr\u00e9fet.\n\t\t\t\t<\/p>\n\t\t\t\t\n\t\t\t\t<\/div>\n","protected":false},"excerpt":{"rendered":"<div class=\"pvc_clear\"><\/div>\n<p class=\"pvc_stats total_only \" data-element-id=\"4704\" style=\"\"><i class=\"pvc-stats-icon medium\" aria-hidden=\"true\"><svg aria-hidden=\"true\" focusable=\"false\" data-prefix=\"far\" data-icon=\"chart-bar\" role=\"img\" xmlns=\"http:\/\/www.w3.org\/2000\/svg\" viewBox=\"0 0 512 512\" class=\"svg-inline--fa fa-chart-bar fa-w-16 fa-2x\"><path fill=\"currentColor\" d=\"M396.8 352h22.4c6.4 0 12.8-6.4 12.8-12.8V108.8c0-6.4-6.4-12.8-12.8-12.8h-22.4c-6.4 0-12.8 6.4-12.8 12.8v230.4c0 6.4 6.4 12.8 12.8 12.8zm-192 0h22.4c6.4 0 12.8-6.4 12.8-12.8V140.8c0-6.4-6.4-12.8-12.8-12.8h-22.4c-6.4 0-12.8 6.4-12.8 12.8v198.4c0 6.4 6.4 12.8 12.8 12.8zm96 0h22.4c6.4 0 12.8-6.4 12.8-12.8V204.8c0-6.4-6.4-12.8-12.8-12.8h-22.4c-6.4 0-12.8 6.4-12.8 12.8v134.4c0 6.4 6.4 12.8 12.8 12.8zM496 400H48V80c0-8.84-7.16-16-16-16H16C7.16 64 0 71.16 0 80v336c0 17.67 14.33 32 32 32h464c8.84 0 16-7.16 16-16v-16c0-8.84-7.16-16-16-16zm-387.2-48h22.4c6.4 0 12.8-6.4 12.8-12.8v-70.4c0-6.4-6.4-12.8-12.8-12.8h-22.4c-6.4 0-12.8 6.4-12.8 12.8v70.4c0 6.4 6.4 12.8 12.8 12.8z\" class=\"\"><\/path><\/svg><\/i> &nbsp;295&nbsp;vues<\/p>\n<div class=\"pvc_clear\"><\/div>\n<p>&nbsp;295&nbsp;vues Structures et Partenaires CHAPITRE IV : LES STRUCTURES TECHNIQUES CONSULTATIVES ET SOUS TUTELLE Article 23 : La Structure Technique Consultative est le Conseil National de la R\u00e9conciliation et de la Coh\u00e9sion Nationale. Il est repr\u00e9sentatif de la population vivant en C\u00f4te d&rsquo;Ivoire. Article 24 : Les<\/p>\n","protected":false},"author":1,"featured_media":0,"parent":0,"menu_order":0,"comment_status":"closed","ping_status":"closed","template":"page-PageTemplate3.php","meta":{"footnotes":""},"class_list":["post-4704","page","type-page","status-publish","hentry"],"_links":{"self":[{"href":"http:\/\/mffe.ci\/MRCN\/reconciliation_21\/wp-json\/wp\/v2\/pages\/4704","targetHints":{"allow":["GET"]}}],"collection":[{"href":"http:\/\/mffe.ci\/MRCN\/reconciliation_21\/wp-json\/wp\/v2\/pages"}],"about":[{"href":"http:\/\/mffe.ci\/MRCN\/reconciliation_21\/wp-json\/wp\/v2\/types\/page"}],"author":[{"embeddable":true,"href":"http:\/\/mffe.ci\/MRCN\/reconciliation_21\/wp-json\/wp\/v2\/users\/1"}],"replies":[{"embeddable":true,"href":"http:\/\/mffe.ci\/MRCN\/reconciliation_21\/wp-json\/wp\/v2\/comments?post=4704"}],"version-history":[{"count":2,"href":"http:\/\/mffe.ci\/MRCN\/reconciliation_21\/wp-json\/wp\/v2\/pages\/4704\/revisions"}],"predecessor-version":[{"id":5038,"href":"http:\/\/mffe.ci\/MRCN\/reconciliation_21\/wp-json\/wp\/v2\/pages\/4704\/revisions\/5038"}],"wp:attachment":[{"href":"http:\/\/mffe.ci\/MRCN\/reconciliation_21\/wp-json\/wp\/v2\/media?parent=4704"}],"curies":[{"name":"wp","href":"https:\/\/api.w.org\/{rel}","templated":true}]}}