{"id":4931,"date":"2021-11-05T21:12:06","date_gmt":"2021-11-05T20:12:06","guid":{"rendered":"http:\/\/mffe.ci\/MRCN\/reconciliation_21\/?page_id=4931"},"modified":"2021-12-23T17:53:44","modified_gmt":"2021-12-23T16:53:44","slug":"biographie-du-ministre","status":"publish","type":"page","link":"http:\/\/mffe.ci\/MRCN\/reconciliation_21\/biographie-du-ministre\/","title":{"rendered":"Biographie du Ministre"},"content":{"rendered":"<div class=\"pvc_clear\"><\/div><p class=\"pvc_stats total_only \" data-element-id=\"4931\" style=\"\"><i class=\"pvc-stats-icon medium\" aria-hidden=\"true\"><svg aria-hidden=\"true\" focusable=\"false\" data-prefix=\"far\" data-icon=\"chart-bar\" role=\"img\" xmlns=\"http:\/\/www.w3.org\/2000\/svg\" viewBox=\"0 0 512 512\" class=\"svg-inline--fa fa-chart-bar fa-w-16 fa-2x\"><path fill=\"currentColor\" d=\"M396.8 352h22.4c6.4 0 12.8-6.4 12.8-12.8V108.8c0-6.4-6.4-12.8-12.8-12.8h-22.4c-6.4 0-12.8 6.4-12.8 12.8v230.4c0 6.4 6.4 12.8 12.8 12.8zm-192 0h22.4c6.4 0 12.8-6.4 12.8-12.8V140.8c0-6.4-6.4-12.8-12.8-12.8h-22.4c-6.4 0-12.8 6.4-12.8 12.8v198.4c0 6.4 6.4 12.8 12.8 12.8zm96 0h22.4c6.4 0 12.8-6.4 12.8-12.8V204.8c0-6.4-6.4-12.8-12.8-12.8h-22.4c-6.4 0-12.8 6.4-12.8 12.8v134.4c0 6.4 6.4 12.8 12.8 12.8zM496 400H48V80c0-8.84-7.16-16-16-16H16C7.16 64 0 71.16 0 80v336c0 17.67 14.33 32 32 32h464c8.84 0 16-7.16 16-16v-16c0-8.84-7.16-16-16-16zm-387.2-48h22.4c6.4 0 12.8-6.4 12.8-12.8v-70.4c0-6.4-6.4-12.8-12.8-12.8h-22.4c-6.4 0-12.8 6.4-12.8 12.8v70.4c0 6.4 6.4 12.8 12.8 12.8z\" class=\"\"><\/path><\/svg><\/i> &nbsp;1,553&nbsp;vues<\/p><div class=\"pvc_clear\"><\/div>\n<h5 class=\"wp-block-heading\">Biographie du Ministre Kouadio Konan Bertin<\/h5>\n\n\n<div class=\"custom-frame-wrapper alignleft\"><div class=\"custom-frame-inner-wrapper\"><div class=\"custom-frame-padding\"><img decoding=\"async\" class=\"alignnone size-full wp-image-4691\" src=\"http:\/\/mffe.ci\/MRCN\/reconciliation_21\/wp-content\/uploads\/2021\/10\/IMG-20210623-WA0057_1.jpg\" alt=\"\" width=\"200\"><\/div><\/div><\/div>\n\n\n\n<p><strong>Bertin Kouadio Konan<\/strong>, dit \u00ab<strong>\u00a0KKB\u00a0<\/strong>\u00bb, n\u00e9 le\u00a026\u00a0d\u00e9cembre\u00a01968\u00a0\u00e0\u00a0Lakota, est un homme politique\u00a0ivoirien,\u00a0d\u00e9put\u00e9\u00a0de\u00a0Port-Bou\u00ebt\u00a0de\u00a02011\u00a0\u00e0\u00a02016.<\/p>\n\n\n\n<p><strong>Enfance et scolarit\u00e9<\/strong><\/p>\n\n\n\n<p>N\u00e9 \u00e0\u00a0Lakota, dans le sud de la\u00a0C\u00f4te d&rsquo;Ivoire, d\u2019une m\u00e8re\u00a0dida\u00a0et d\u2019un p\u00e8re planteur de cacao\u00a0baoul\u00e9, Kouadio Konan Bertin se consid\u00e8re comme \u00ab\u00a0le fruit d\u2019un m\u00e9tissage ivoirien\u00a0\u00bb. Il est l&rsquo;a\u00een\u00e9 d&rsquo;une fratrie de six enfants.<\/p>\n\n\n\n<p>\u00c9tudiant \u00e0 l&rsquo;universit\u00e9 d&rsquo;Abidjan, il s&rsquo;oppose \u00e0 la toute-puissance de la\u00a0F\u00e9d\u00e9ration estudiantine et scolaire de C\u00f4te d\u2019Ivoire (FESCI)\u00a0qu&rsquo;il juge trop radicale, et cr\u00e9e en 1994 la Cellule de r\u00e9flexion et d&rsquo;actions concr\u00e8tes (CERAC).<\/p>\n\n\n\n<p>Il se consid\u00e8re comme \u00ab\u00a0un pur produit de l\u2019enseignement public ivoirien d\u2019avant la crise\u00a0\u00bb.<\/p>\n\n\n\n<p><strong>Militant politique<\/strong><\/p>\n\n\n\n<p>Militant de l&rsquo;organisation de Jeunesse du\u00a0PDCI\u00a0cr\u00e9\u00e9e en 1991, il soutient l&rsquo;action du Pr\u00e9sident\u00a0F\u00e9lix Houphou\u00ebt-Boigny\u00a0puis du Pr\u00e9sident\u00a0Henri Konan B\u00e9di\u00e9\u00a0qui lui succ\u00e8de \u00e0 sa mort le 7 d\u00e9cembre 1993.<\/p>\n\n\n\n<p>Lors des\u00a0\u00e9lections l\u00e9gislatives de 2011, Kouadio Konan Bertin est \u00e9lu\u00a0d\u00e9put\u00e9\u00a0de la commune de\u00a0Port-Bou\u00ebt\u00a0avec 93,81\u00a0% des suffrages.<\/p>\n\n\n\n<p><strong>Ministre de la R\u00e9conciliation nationale<\/strong><\/p>\n\n\n\n<p>Kouadio Konan Bertin est nomm\u00e9 le 15 d\u00e9cembre 2020 ministre de la R\u00e9conciliation nationale, avec pour mission de renforcer \u00ab\u00a0la coh\u00e9sion nationale et la r\u00e9conciliation des fils et des filles de C\u00f4te d\u2019Ivoire\u00a0\u00bb. Il est reconduit \u00e0 son poste dans le\u00a0gouvernement\u00a0de\u00a0Patrick Achi, en fonction depuis le 6 avril 2021.<\/p>\n\n\n\n<p>Le 25 mai 2021, lors d\u00e8s 8e \u00e9dition des Marley d\u2019Or. Kouadio Konan Bertin re\u00e7oit un awards pour son engagement pour la paix.<\/p>\n","protected":false},"excerpt":{"rendered":"<div class=\"pvc_clear\"><\/div>\n<p class=\"pvc_stats total_only \" data-element-id=\"4931\" style=\"\"><i class=\"pvc-stats-icon medium\" aria-hidden=\"true\"><svg aria-hidden=\"true\" focusable=\"false\" data-prefix=\"far\" data-icon=\"chart-bar\" role=\"img\" xmlns=\"http:\/\/www.w3.org\/2000\/svg\" viewBox=\"0 0 512 512\" class=\"svg-inline--fa fa-chart-bar fa-w-16 fa-2x\"><path fill=\"currentColor\" d=\"M396.8 352h22.4c6.4 0 12.8-6.4 12.8-12.8V108.8c0-6.4-6.4-12.8-12.8-12.8h-22.4c-6.4 0-12.8 6.4-12.8 12.8v230.4c0 6.4 6.4 12.8 12.8 12.8zm-192 0h22.4c6.4 0 12.8-6.4 12.8-12.8V140.8c0-6.4-6.4-12.8-12.8-12.8h-22.4c-6.4 0-12.8 6.4-12.8 12.8v198.4c0 6.4 6.4 12.8 12.8 12.8zm96 0h22.4c6.4 0 12.8-6.4 12.8-12.8V204.8c0-6.4-6.4-12.8-12.8-12.8h-22.4c-6.4 0-12.8 6.4-12.8 12.8v134.4c0 6.4 6.4 12.8 12.8 12.8zM496 400H48V80c0-8.84-7.16-16-16-16H16C7.16 64 0 71.16 0 80v336c0 17.67 14.33 32 32 32h464c8.84 0 16-7.16 16-16v-16c0-8.84-7.16-16-16-16zm-387.2-48h22.4c6.4 0 12.8-6.4 12.8-12.8v-70.4c0-6.4-6.4-12.8-12.8-12.8h-22.4c-6.4 0-12.8 6.4-12.8 12.8v70.4c0 6.4 6.4 12.8 12.8 12.8z\" class=\"\"><\/path><\/svg><\/i> &nbsp;1,553&nbsp;vues<\/p>\n<div class=\"pvc_clear\"><\/div>\n<p>&nbsp;1,553&nbsp;vues Biographie du Ministre Kouadio Konan Bertin Bertin Kouadio Konan, dit \u00ab\u00a0KKB\u00a0\u00bb, n\u00e9 le\u00a026\u00a0d\u00e9cembre\u00a01968\u00a0\u00e0\u00a0Lakota, est un homme politique\u00a0ivoirien,\u00a0d\u00e9put\u00e9\u00a0de\u00a0Port-Bou\u00ebt\u00a0de\u00a02011\u00a0\u00e0\u00a02016. Enfance et scolarit\u00e9 N\u00e9 \u00e0\u00a0Lakota, dans le sud de la\u00a0C\u00f4te d&rsquo;Ivoire, d\u2019une m\u00e8re\u00a0dida\u00a0et d\u2019un p\u00e8re planteur de cacao\u00a0baoul\u00e9, Kouadio Konan Bertin se consid\u00e8re comme \u00ab\u00a0le fruit d\u2019un m\u00e9tissage ivoirien\u00a0\u00bb.<\/p>\n","protected":false},"author":1,"featured_media":0,"parent":0,"menu_order":0,"comment_status":"closed","ping_status":"closed","template":"page-PageTemplate3.php","meta":{"footnotes":""},"class_list":["post-4931","page","type-page","status-publish","hentry"],"_links":{"self":[{"href":"http:\/\/mffe.ci\/MRCN\/reconciliation_21\/wp-json\/wp\/v2\/pages\/4931","targetHints":{"allow":["GET"]}}],"collection":[{"href":"http:\/\/mffe.ci\/MRCN\/reconciliation_21\/wp-json\/wp\/v2\/pages"}],"about":[{"href":"http:\/\/mffe.ci\/MRCN\/reconciliation_21\/wp-json\/wp\/v2\/types\/page"}],"author":[{"embeddable":true,"href":"http:\/\/mffe.ci\/MRCN\/reconciliation_21\/wp-json\/wp\/v2\/users\/1"}],"replies":[{"embeddable":true,"href":"http:\/\/mffe.ci\/MRCN\/reconciliation_21\/wp-json\/wp\/v2\/comments?post=4931"}],"version-history":[{"count":3,"href":"http:\/\/mffe.ci\/MRCN\/reconciliation_21\/wp-json\/wp\/v2\/pages\/4931\/revisions"}],"predecessor-version":[{"id":5031,"href":"http:\/\/mffe.ci\/MRCN\/reconciliation_21\/wp-json\/wp\/v2\/pages\/4931\/revisions\/5031"}],"wp:attachment":[{"href":"http:\/\/mffe.ci\/MRCN\/reconciliation_21\/wp-json\/wp\/v2\/media?parent=4931"}],"curies":[{"name":"wp","href":"https:\/\/api.w.org\/{rel}","templated":true}]}}