{"id":5015,"date":"2021-12-23T13:57:57","date_gmt":"2021-12-23T12:57:57","guid":{"rendered":"http:\/\/mffe.ci\/MRCN\/reconciliation_21\/?page_id=5015"},"modified":"2021-12-23T13:59:19","modified_gmt":"2021-12-23T12:59:19","slug":"direction-generale-de-la-reconciliation","status":"publish","type":"page","link":"http:\/\/mffe.ci\/MRCN\/reconciliation_21\/presentation-du-ministere\/directions-generales\/direction-generale-de-la-reconciliation\/","title":{"rendered":"Direction G\u00e9n\u00e9rale de la R\u00e9conciliation"},"content":{"rendered":"<div class=\"pvc_clear\"><\/div><p class=\"pvc_stats total_only \" data-element-id=\"5015\" style=\"\"><i class=\"pvc-stats-icon medium\" aria-hidden=\"true\"><svg aria-hidden=\"true\" focusable=\"false\" data-prefix=\"far\" data-icon=\"chart-bar\" role=\"img\" xmlns=\"http:\/\/www.w3.org\/2000\/svg\" viewBox=\"0 0 512 512\" class=\"svg-inline--fa fa-chart-bar fa-w-16 fa-2x\"><path fill=\"currentColor\" d=\"M396.8 352h22.4c6.4 0 12.8-6.4 12.8-12.8V108.8c0-6.4-6.4-12.8-12.8-12.8h-22.4c-6.4 0-12.8 6.4-12.8 12.8v230.4c0 6.4 6.4 12.8 12.8 12.8zm-192 0h22.4c6.4 0 12.8-6.4 12.8-12.8V140.8c0-6.4-6.4-12.8-12.8-12.8h-22.4c-6.4 0-12.8 6.4-12.8 12.8v198.4c0 6.4 6.4 12.8 12.8 12.8zm96 0h22.4c6.4 0 12.8-6.4 12.8-12.8V204.8c0-6.4-6.4-12.8-12.8-12.8h-22.4c-6.4 0-12.8 6.4-12.8 12.8v134.4c0 6.4 6.4 12.8 12.8 12.8zM496 400H48V80c0-8.84-7.16-16-16-16H16C7.16 64 0 71.16 0 80v336c0 17.67 14.33 32 32 32h464c8.84 0 16-7.16 16-16v-16c0-8.84-7.16-16-16-16zm-387.2-48h22.4c6.4 0 12.8-6.4 12.8-12.8v-70.4c0-6.4-6.4-12.8-12.8-12.8h-22.4c-6.4 0-12.8 6.4-12.8 12.8v70.4c0 6.4 6.4 12.8 12.8 12.8z\" class=\"\"><\/path><\/svg><\/i> &nbsp;407&nbsp;vues<\/p><div class=\"pvc_clear\"><\/div>\n<h5 class=\"wp-block-heading\"><strong>Direction G\u00e9n\u00e9rale de la R\u00e9conciliation<\/strong><\/h5>\n\n\n\n<p>\n\t\t\t\tLa Direction G\u00e9n\u00e9rale de la R\u00e9conciliation est charg\u00e9e :\n\t\t\t\t<ul>\n\t\t\t\t\t<li> de promouvoir et mettre en \u0153uvre des actions de r\u00e9conciliation ;<\/li>\n\t\t\t\t\t<li> d&rsquo;initier et de coordonner l&rsquo;ensemble des politiques, programmes et initiatives en mati\u00e8re de promotion du dialogue, de pr\u00e9vention des conflits et de valorisation de l&rsquo;\u00e9thique et de la d\u00e9mocratie en relation avec les institutions de la R\u00e9publique, partis politiques, groupements politiques, groupements religieux, Organisations de la soci\u00e9t\u00e9 civile ;<\/li>\n\t\t\t\t\t<li> de renforcer le cadre juridique de la promotion de la r\u00e9conciliation ;<\/li>\n\t\t\t\t\t<li> de coordonner les activit\u00e9s des directions centrales plac\u00e9es sous son autorit\u00e9 et constituer le relais avec le Cabinet du Ministre;<\/li>\n\t\t\t\t\t<li> de suivre et \u00e9valuer les strat\u00e9gies, actions et activit\u00e9s de r\u00e9conciliation ;<\/li>\n\t\t\t\t\t<li> de suivre les activit\u00e9s des Directions Centrales plac\u00e9es sous son autorit\u00e9 ;<\/li>\n\t\t\t\t\t\n\t\t\t\t<\/ul>\n\t\t\t\tLa Direction G\u00e9n\u00e9rale de la R\u00e9conciliation Nationale comprend Trois Directions centrales : \n                               <ul>\n                                   <li> la Direction du Dialogue ;<\/li>\n                                   <li> la Direction de la R\u00e9paration;<\/li>\n                                   <li> la Direction du Suivi-Evaluation, de la Promotion de la D\u00e9mocratie.<\/li>\n                               <\/ul>\n\n\t\t\t\t<\/p>\n\n\n\n<button class=\"collapsible\">Direction du Dialogue <\/button>\n\t\t\t\t<div class=\"content\">\n\t\t\t\t<p>\n\t\t\t\tLa Direction du Dialogue est charg\u00e9e :\n\t\t\t\t<ul>\n\t\t\t\t\t<li> d&rsquo;\u00e9tablir une de dialogue et d&rsquo;\u00e9changes avec les Institutions de la R\u00e9publique, le Gouvernement, les partis et groupements politiques, les organisations confessionnelles ainsi que les organisations de la soci\u00e9t\u00e9 civile ;<\/li>\n\t\t\t\t\t<li> d&rsquo;assurer les m\u00e9diations et r\u00e8glements pacifiques de tout diff\u00e9rends et conflits constituant une menace pour la paix sociale ;<\/li>\n\t\t\t\t\t<li> de concevoir les programmes, projets et plans d&rsquo;actions permettant la mise en application des recommandations, des r\u00e9solutions, des accords et tout autre instrument ou dispositif juridique issus des concertations auxquelles sont partis les pouvoirs publics, les forces vives de la nation et la communaut\u00e9 internationale en mati\u00e8re de consolidation de la paix et de r\u00e9conciliation nationale;<\/li>\n\t\t\t\t\t<li> d&rsquo;assurer la diffusion et la vulgarisation des valeurs et principes qui sont \u00e0 la base du processus de r\u00e9conciliation nationale, notamment le pardon, le dialogue participatif et inclusif comme mode de r\u00e8glement des conflits ainsi que le respect et l&rsquo;acceptation de la diff\u00e9rence ethnique, culturelle et confessionnelle  ;<\/li>\n\t\t\t\t\t<li> de concevoir et d&rsquo;assurer la mise en \u0153uvre des programmes, les projets et les plans d&rsquo;actions en mati\u00e8re de promotion de la paix et de la r\u00e9conciliation nationale ;<\/li>\n\t\t\t\t\t<li> d&rsquo;assurer un bilan r\u00e9gulier de l&rsquo;\u00e9tat des relations entre les institutions de la R\u00e9publique et le Gouvernement d&rsquo;une part, ceux-ci et les partis et groupements politiques ainsi que les organisations de la soci\u00e9t\u00e9 civile, d&rsquo;autre part ;<\/li>\n\t\t\t\t\t\n\t\t\t\t<\/ul>\n\t\t\t\tLa Direction du Dialogue est dirig\u00e9e par un Directeur nomm\u00e9 par d\u00e9cret pris en Conseil des Ministres. Il a rang de Directeur D\u2019Administration Centrale ;\n\t\t\t\t\n\t\t\t\tLa Direction du Dialogue comprend deux Sous-directions :\n\t\t\t\t<ul> \n\t\t\t\t\t<li> La Sous-direction du Dialogue Politique ;<\/li> \n\t\t\t\t\t<li> La Sous-direction du Dialogue Social.<\/li> \n\t\t\t\t\n\t\t\t\t<\/ul>\n\t\t\t\t<\/p>\n\t\t\t\t<\/div>\n\n\n\n<button class=\"collapsible\">Direction de la R\u00e9paration <\/button>\n\t\t\t\t<div class=\"content\">\n\t\t\t\t<p>\n\t\t\t\tLa Direction de la R\u00e9paration est charg\u00e9e :\n\t\t\t\t<ul>\n\t\t\t\t\t<li> de concevoir et mettre en \u0153uvre le Plan National de R\u00e9paration des pr\u00e9judices des crises, tensions et conflits ;<\/li>\n\t\t\t\t\t<li> d&rsquo;assurer la r\u00e9int\u00e9gration sociale des victime de crises, tensions et conflits ;<\/li>\n\t\t\t\t\t<li> de mettre en place des m\u00e9canismes de r\u00e9paration des pr\u00e9judices des crises, tension et conflits ;<\/li>\n\t\t\t\t\t<li> de mettre en \u0153uvre des actions du souvenir et du pardon en lien avec les crises, tension et conflits survenus en C\u00f4te d&rsquo;Ivoire ;<\/li>\n\t\t\t\t\t<li> de d\u00e9velopper et de mettre en \u0153uvre le plaidoyer en faveur des victimes de crises, tension et conflits ;<\/li>\n\t\t\t\t\t\n\t\t\t\t<\/ul>\n\t\t\t\tLa Direction de la R\u00e9paration est dirig\u00e9e par un Directeur nomm\u00e9 par d\u00e9cret pris en Conseil des Ministres. Il a rang de Directeur d\u2019Administration Centrale.\n\t\t\t\tLa Direction de la R\u00e9paration comprend trois Sous-directions :\n\t\t\t\t<ul> \n\t\t\t\t\t<li> La Sous-direction de l&rsquo;Identification et de l&rsquo;Indemnisation ;<\/li> \n\t\t\t\t\t<li> La Sous-direction de la R\u00e9paration, de la R\u00e9int\u00e9gration Socio-Professionnelle ;<\/li> \n                                        <li> La Sous-direction de l&rsquo;Assistance psycho-m\u00e9dicale.<\/li> \n\t\t\t\t\n\t\t\t\t<\/ul>\n\t\t\t\tLes Sous-directions sont dirig\u00e9es par des Sous-directeurs nomm\u00e9s par arr\u00eat\u00e9. Ils ont rang de Sous-directeur d\u2019Administration Centrale.\n\t\t\t\t<\/p>\n\n\t\t\t\t<\/div>\n\n\n\n<button class=\"collapsible\">Direction G\u00e9n\u00e9rale de la Coh\u00e9sion Nationale <\/button>\n\t\t\t\t<div class=\"content\">\n                                <p>\n\t\t\t\tLa Direction G\u00e9n\u00e9rale de la Coh\u00e9sion Nationale est charg\u00e9e :\n\t\t\t\t<ul>\n\t\t\t\t\t<li> de mettre en \u0153uvre la politique de renforcement et de promotion de l&rsquo;unit\u00e9 nationale ;<\/li>\n\t\t\t\t\t<li> de proposer au Gouvernement des mesures visant \u00e0 lutter contre les injustices, les in\u00e9galit\u00e9s de toutes natures, l&rsquo;exclusion ainsi que la haine sous toutes ses formes ;<\/li>\n\t\t\t\t\t<li> de maintenir et de renforcer la coh\u00e9sion et l&rsquo;unit\u00e9 entre toutes les composantes de la nation ivoirienne ;<\/li>\n\t\t\t\t\t<li> de promouvoir des moyens de pr\u00e9vention, de gestion et de r\u00e9solution pacifique des conflits ;<\/li>\n\t\t\t\t\t<li> de promouvoir la culture de l&rsquo;\u00e9quit\u00e9 ;<\/li>\n\t\t\t\t\t<li> de promouvoir la culture de la Paix ;<\/li>\n\t\t\t\t\t<li> de promouvoir des m\u00e9canismes et politiques du vivre ensemble, d&rsquo;am\u00e9lioration de la s\u00e9curit\u00e9 humaine ;<\/li>\n\t\t\t\t\t<li> de coordonner l&rsquo;ensemble des politiques, programmes et initiatives en mati\u00e8re de coh\u00e9sion nationale ;<\/li>\n\t\t\t\t\t<li> de coordonner les activit\u00e9s des directions centrales plac\u00e9es sous son autorit\u00e9 et constituer le relais avec le Cabinet du Ministre ;<\/li>\n\t\t\t\t\t<li> de suivre et \u00e9valuer les activit\u00e9s de coh\u00e9sion nationale ;<\/li>\n\t\t\t\t\t<li> de veiller \u00e0 l&rsquo;\u00e9ducation de la Paix ;<\/li>\n\t\t\t\t\t\n\t\t\t\t<\/ul>\n\t\t\t\tla Direction G\u00e9n\u00e9rale de la Coh\u00e9sion Nationale est dirig\u00e9e par un Directeur nomm\u00e9 par d\u00e9cret pris en Conseil des Ministres. Il a rang de Directeur d\u2019Administration Centrale. \n\t\t\t\tla Direction G\u00e9n\u00e9rale de la Coh\u00e9sion Nationale comprend trois directions centrales : \n\t\t\t\t<ul> \n\t\t\t\t\t<li> la Direction de la Pr\u00e9vention et de la Gestion des Conflits ;<\/li> \n\t\t\t\t\t<li> la Direction de la S\u00e9curit\u00e9 Humaine;<\/li>\n \t\t\t\t\t<li> la Direction de l&rsquo;Unit\u00e9 Nationale.<\/li>\n\t\t\t\t\n\t\t\t\t<\/ul>\n\t\t\t\t<\/p>\n\t\t\t\t<\/div>\n","protected":false},"excerpt":{"rendered":"<div class=\"pvc_clear\"><\/div>\n<p class=\"pvc_stats total_only \" data-element-id=\"5015\" style=\"\"><i class=\"pvc-stats-icon medium\" aria-hidden=\"true\"><svg aria-hidden=\"true\" focusable=\"false\" data-prefix=\"far\" data-icon=\"chart-bar\" role=\"img\" xmlns=\"http:\/\/www.w3.org\/2000\/svg\" viewBox=\"0 0 512 512\" class=\"svg-inline--fa fa-chart-bar fa-w-16 fa-2x\"><path fill=\"currentColor\" d=\"M396.8 352h22.4c6.4 0 12.8-6.4 12.8-12.8V108.8c0-6.4-6.4-12.8-12.8-12.8h-22.4c-6.4 0-12.8 6.4-12.8 12.8v230.4c0 6.4 6.4 12.8 12.8 12.8zm-192 0h22.4c6.4 0 12.8-6.4 12.8-12.8V140.8c0-6.4-6.4-12.8-12.8-12.8h-22.4c-6.4 0-12.8 6.4-12.8 12.8v198.4c0 6.4 6.4 12.8 12.8 12.8zm96 0h22.4c6.4 0 12.8-6.4 12.8-12.8V204.8c0-6.4-6.4-12.8-12.8-12.8h-22.4c-6.4 0-12.8 6.4-12.8 12.8v134.4c0 6.4 6.4 12.8 12.8 12.8zM496 400H48V80c0-8.84-7.16-16-16-16H16C7.16 64 0 71.16 0 80v336c0 17.67 14.33 32 32 32h464c8.84 0 16-7.16 16-16v-16c0-8.84-7.16-16-16-16zm-387.2-48h22.4c6.4 0 12.8-6.4 12.8-12.8v-70.4c0-6.4-6.4-12.8-12.8-12.8h-22.4c-6.4 0-12.8 6.4-12.8 12.8v70.4c0 6.4 6.4 12.8 12.8 12.8z\" class=\"\"><\/path><\/svg><\/i> &nbsp;407&nbsp;vues<\/p>\n<div class=\"pvc_clear\"><\/div>\n<p>&nbsp;407&nbsp;vues Direction G\u00e9n\u00e9rale de la R\u00e9conciliation La Direction G\u00e9n\u00e9rale de la R\u00e9conciliation est charg\u00e9e : de promouvoir et mettre en \u0153uvre des actions de r\u00e9conciliation ; d&rsquo;initier et de coordonner l&rsquo;ensemble des politiques, programmes et initiatives en mati\u00e8re de promotion du dialogue, de pr\u00e9vention des conflits et<\/p>\n","protected":false},"author":1,"featured_media":0,"parent":5011,"menu_order":0,"comment_status":"closed","ping_status":"closed","template":"page-PageTemplate3.php","meta":{"footnotes":""},"class_list":["post-5015","page","type-page","status-publish","hentry"],"_links":{"self":[{"href":"http:\/\/mffe.ci\/MRCN\/reconciliation_21\/wp-json\/wp\/v2\/pages\/5015","targetHints":{"allow":["GET"]}}],"collection":[{"href":"http:\/\/mffe.ci\/MRCN\/reconciliation_21\/wp-json\/wp\/v2\/pages"}],"about":[{"href":"http:\/\/mffe.ci\/MRCN\/reconciliation_21\/wp-json\/wp\/v2\/types\/page"}],"author":[{"embeddable":true,"href":"http:\/\/mffe.ci\/MRCN\/reconciliation_21\/wp-json\/wp\/v2\/users\/1"}],"replies":[{"embeddable":true,"href":"http:\/\/mffe.ci\/MRCN\/reconciliation_21\/wp-json\/wp\/v2\/comments?post=5015"}],"version-history":[{"count":3,"href":"http:\/\/mffe.ci\/MRCN\/reconciliation_21\/wp-json\/wp\/v2\/pages\/5015\/revisions"}],"predecessor-version":[{"id":5020,"href":"http:\/\/mffe.ci\/MRCN\/reconciliation_21\/wp-json\/wp\/v2\/pages\/5015\/revisions\/5020"}],"up":[{"embeddable":true,"href":"http:\/\/mffe.ci\/MRCN\/reconciliation_21\/wp-json\/wp\/v2\/pages\/5011"}],"wp:attachment":[{"href":"http:\/\/mffe.ci\/MRCN\/reconciliation_21\/wp-json\/wp\/v2\/media?parent=5015"}],"curies":[{"name":"wp","href":"https:\/\/api.w.org\/{rel}","templated":true}]}}