{"id":5019,"date":"2021-12-23T14:14:08","date_gmt":"2021-12-23T13:14:08","guid":{"rendered":"http:\/\/mffe.ci\/MRCN\/reconciliation_21\/?page_id=5019"},"modified":"2021-12-23T14:14:10","modified_gmt":"2021-12-23T13:14:10","slug":"direction-generale-de-la-cohesion-nationale","status":"publish","type":"page","link":"http:\/\/mffe.ci\/MRCN\/reconciliation_21\/presentation-du-ministere\/directions-generales\/direction-generale-de-la-cohesion-nationale\/","title":{"rendered":"Direction G\u00e9n\u00e9rale de la Coh\u00e9sion Nationale"},"content":{"rendered":"<div class=\"pvc_clear\"><\/div><p class=\"pvc_stats total_only \" data-element-id=\"5019\" style=\"\"><i class=\"pvc-stats-icon medium\" aria-hidden=\"true\"><svg aria-hidden=\"true\" focusable=\"false\" data-prefix=\"far\" data-icon=\"chart-bar\" role=\"img\" xmlns=\"http:\/\/www.w3.org\/2000\/svg\" viewBox=\"0 0 512 512\" class=\"svg-inline--fa fa-chart-bar fa-w-16 fa-2x\"><path fill=\"currentColor\" d=\"M396.8 352h22.4c6.4 0 12.8-6.4 12.8-12.8V108.8c0-6.4-6.4-12.8-12.8-12.8h-22.4c-6.4 0-12.8 6.4-12.8 12.8v230.4c0 6.4 6.4 12.8 12.8 12.8zm-192 0h22.4c6.4 0 12.8-6.4 12.8-12.8V140.8c0-6.4-6.4-12.8-12.8-12.8h-22.4c-6.4 0-12.8 6.4-12.8 12.8v198.4c0 6.4 6.4 12.8 12.8 12.8zm96 0h22.4c6.4 0 12.8-6.4 12.8-12.8V204.8c0-6.4-6.4-12.8-12.8-12.8h-22.4c-6.4 0-12.8 6.4-12.8 12.8v134.4c0 6.4 6.4 12.8 12.8 12.8zM496 400H48V80c0-8.84-7.16-16-16-16H16C7.16 64 0 71.16 0 80v336c0 17.67 14.33 32 32 32h464c8.84 0 16-7.16 16-16v-16c0-8.84-7.16-16-16-16zm-387.2-48h22.4c6.4 0 12.8-6.4 12.8-12.8v-70.4c0-6.4-6.4-12.8-12.8-12.8h-22.4c-6.4 0-12.8 6.4-12.8 12.8v70.4c0 6.4 6.4 12.8 12.8 12.8z\" class=\"\"><\/path><\/svg><\/i> &nbsp;323&nbsp;vues<\/p><div class=\"pvc_clear\"><\/div>\n<h5 class=\"wp-block-heading\"><strong>Direction G\u00e9n\u00e9rale de la Coh\u00e9sion Nationale<\/strong><\/h5>\n\n\n\n                                <p>\n\t\t\t\tLa Direction G\u00e9n\u00e9rale de la Coh\u00e9sion Nationale est charg\u00e9e :\n\t\t\t\t<ul>\n\t\t\t\t\t<li> de mettre en \u0153uvre la politique de renforcement et de promotion de l&rsquo;unit\u00e9 nationale ;<\/li>\n\t\t\t\t\t<li> de proposer au Gouvernement des mesures visant \u00e0 lutter contre les injustices, les in\u00e9galit\u00e9s de toutes natures, l&rsquo;exclusion ainsi que la haine sous toutes ses formes ;<\/li>\n\t\t\t\t\t<li> de maintenir et de renforcer la coh\u00e9sion et l&rsquo;unit\u00e9 entre toutes les composantes de la nation ivoirienne ;<\/li>\n\t\t\t\t\t<li> de promouvoir des moyens de pr\u00e9vention, de gestion et de r\u00e9solution pacifique des conflits ;<\/li>\n\t\t\t\t\t<li> de promouvoir la culture de l&rsquo;\u00e9quit\u00e9 ;<\/li>\n\t\t\t\t\t<li> de promouvoir la culture de la Paix ;<\/li>\n\t\t\t\t\t<li> de promouvoir des m\u00e9canismes et politiques du vivre ensemble, d&rsquo;am\u00e9lioration de la s\u00e9curit\u00e9 humaine ;<\/li>\n\t\t\t\t\t<li> de coordonner l&rsquo;ensemble des politiques, programmes et initiatives en mati\u00e8re de coh\u00e9sion nationale ;<\/li>\n\t\t\t\t\t<li> de coordonner les activit\u00e9s des directions centrales plac\u00e9es sous son autorit\u00e9 et constituer le relais avec le Cabinet du Ministre ;<\/li>\n\t\t\t\t\t<li> de suivre et \u00e9valuer les activit\u00e9s de coh\u00e9sion nationale ;<\/li>\n\t\t\t\t\t<li> de veiller \u00e0 l&rsquo;\u00e9ducation de la Paix ;<\/li>\n\t\t\t\t\t\n\t\t\t\t<\/ul>\n\t\t\t\tla Direction G\u00e9n\u00e9rale de la Coh\u00e9sion Nationale est dirig\u00e9e par un Directeur nomm\u00e9 par d\u00e9cret pris en Conseil des Ministres. Il a rang de Directeur d\u2019Administration Centrale. \n\t\t\t\tla Direction G\u00e9n\u00e9rale de la Coh\u00e9sion Nationale comprend trois directions centrales : \n\t\t\t\t<ul> \n\t\t\t\t\t<li> la Direction de la Pr\u00e9vention et de la Gestion des Conflits ;<\/li> \n\t\t\t\t\t<li> la Direction de la S\u00e9curit\u00e9 Humaine;<\/li>\n \t\t\t\t\t<li> la Direction de l&rsquo;Unit\u00e9 Nationale.<\/li>\n\t\t\t\t\n\t\t\t\t<\/ul>\n\t\t\t\t<\/p>\n\n\n\n<button class=\"collapsible\">Direction de la Pr\u00e9vention et de la Gestion des Conflits <\/button>\n\t\t\t\t<div class=\"content\">\n\t\t\t\t<p>\n\t\t\t\tla Direction de la Pr\u00e9vention et de la Gestion des Conflits est charg\u00e9e :\n\t\t\t\t<ul>\n\t\t\t\t\t<li> de mettre en place les instruments de veille et d&rsquo;alerte en mati\u00e8re de pr\u00e9vention des conflits;<\/li>\n\t\t\t\t\t<li> de concevoir et de mettre en \u0153uvre des programmes de renforcement des capacit\u00e9s des acteurs sociaux en mati\u00e8re de pr\u00e9vention et de gestion pacifiques des conflits ;<\/li>\n\t\t\t\t\t<li> d&rsquo;assurer la promotion des m\u00e9thodes de pr\u00e9vention, de gestion et de r\u00e9solution pacifique des conflits ;<\/li>\n\t\t\t\t\t<li> de valoriser la m\u00e9diation et la justice traditionnelle ;<\/li>\n\t\t\t\t\t<li> de promouvoir la participation effective des femmes, des jeunes et de repr\u00e9sentants de communaut\u00e9 allochtones et allog\u00e8nes \u00e0 la vie, au d\u00e9veloppement et \u00e0 la gouvernance des communaut\u00e9s locales ;<\/li>\n\t\t\t\t\t<li> d&rsquo;organiser un cadre permanent de r\u00e9flexion et de participation des organisations non gouvernementales, nationales et internationales, dans la recherche de m\u00e9canismes de pr\u00e9vention et de gestion pacifique de conflits;<\/li>\n\t\t\t\t\t<li> de promouvoir les cadres de r\u00e9solution pacifique de conflits en cas de survenance. <\/li>\n\t\t\t\t\t\n\t\t\t\t\t\n\t\t\t\t<\/ul>\n\t\t\t\tla Direction de la Pr\u00e9vention et de la Gestion des Conflits est dirig\u00e9e par le Directeur nomm\u00e9 par d\u00e9cret pris en Conseil des Ministres. Il a rang de Directeur d\u2019Administration Centrale.\n\t\t\t\tla Direction de la Pr\u00e9vention et de la Gestion des Conflits comprend deux Sous-directions :\n\t\t\t\t<ul> \n\t\t\t\t\t<li> La Sous-direction des Veille, d&rsquo;Alerte et de Diagnostic ;<\/li> \n\t\t\t\t\t<li> La Sous-direction de Gestion des Conflits Communautaires.<\/li> \n\t\t\t\t\n\t\t\t\t<\/ul>\n\t\t\t\tLes Sous-directions sont dirig\u00e9es par des Sous-directeurs nomm\u00e9s par arr\u00eat\u00e9. Ils ont rang de Sous-directeur d\u2019Administration Centrale.\n\t\t\t\t<\/p>\n\t\t\t\t<\/div>\n\n\n\n<button class=\"collapsible\">Direction de la S\u00e9curit\u00e9 Humaine <\/button>\n\t\t\t\t<div class=\"content\">\n\t\t\t\t<p>\n\t\t\t\tLa Direction de la S\u00e9curit\u00e9 Humaine est charg\u00e9e :\n\t\t\t\t<ul>\n\t\t\t\t\t<li> de r\u00e9duire les disparit\u00e9s sociales ;<\/li>\n\t\t\t\t\t<li> d&rsquo;assurer la mobilisation de l&rsquo;ensemble des acteurs sociaux autour de la promotion de la s\u00e9curit\u00e9 humaine ;<\/li>\n\t\t\t\t\t<li> de mettre en \u0153uvre les mesures de lutte contre les injustices, les in\u00e9galit\u00e9s de toutes natures, l&rsquo;exclusion ainsi que la haine sous toutes ses formes ;<\/li>\n\t\t\t\t\t<li> de mettre en \u0153uvre les actions de renforcement de la s\u00e9curit\u00e9 humaine ;<\/li>\n\t\t\t\t\t<li> d&rsquo;\u00e9valuer les strat\u00e9gies et actions de renforcement de la s\u00e9curit\u00e9 humaine ;<\/li>\n\t\t\t\t\t<li> de contribuer \u00e0 la gestion des fonds mobilis\u00e9es dans le cadre de la s\u00e9curit\u00e9 humaine ;<\/li>\n\t\t\t\t\t<li> de proposer et de faire le suivi des actions en faveur de la r\u00e9duction des disparit\u00e9s sociales constat\u00e9es en lien avec les minist\u00e8res concern\u00e9s ;<\/li>\n\t\t\t\t<\/ul>\n\t\t\t\tLa Direction de la S\u00e9curit\u00e9 Humaine est dirig\u00e9 par un Directeur nomm\u00e9 par d\u00e9cret pris en Conseil des Ministre. IL a rang de Directeur  d\u2019Administration Centrale.\n\n                                La Direction de la S\u00e9curit\u00e9 Humaine comprend deux Sous-directions :\n\t\t\t\t<ul> \n\t\t\t\t\t<li> La Sous-direction du D\u00e9veloppement Humain Durable ;<\/li> \n\t\t\t\t\t<li> La Sous-direction du contr\u00f4le et de l&rsquo;Equit\u00e9.<\/li> \n\t\t\t\t\n\t\t\t\t<\/ul>\n\t\t\t\tLes Sous-directions sont dirig\u00e9es par des Sous-directeurs nomm\u00e9s par arr\u00eat\u00e9. Ils ont rang de Sous-directeur d\u2019Administration Centrale.\n\t\t\t\t<\/p>\n\t\t\t\t<\/div>\n\n\n\n<button class=\"collapsible\">Direction de l&rsquo;Unit\u00e9 Nationale <\/button>\n\t\t\t\t<div class=\"content\">\n\t\t\t\t<p>\n\t\t\t\tLa Direction de l&rsquo;Unit\u00e9 Nationale est charg\u00e9e :\n\t\t\t\t<ul>\n\t\t\t\t\t<li> d&rsquo;assurer la mobilisation de l&rsquo;ensemble des acteurs sociaux autour de la promotion des valeurs de la coh\u00e9sion et de l&rsquo;unit\u00e9 nationale ;<\/li>\n\t\t\t\t\t<li> de faire des propositions de mesures visant \u00e0 lutter contre les injustices, les in\u00e9galit\u00e9s de toutes natures, l&rsquo;exclusion ainsi que la haine sous toutes ses formes ;<\/li>\n\t\t\t\t\t<li> de renforcer le cadre juridique en vue de promouvoir la coh\u00e9sion et l&rsquo;unit\u00e9 ;<\/li>\n\t\t\t\t\t<li> de suivre et \u00e9valuer les strat\u00e9gies et actions de coh\u00e9sion et d&rsquo;unit\u00e9 nationale ;<\/li>\n\t\t\t\t\t<li> de promouvoir la culture de l&rsquo;\u00e9galit\u00e9 des chances et des sexes ;<\/li>\n\t\t\t\t\t<li> de veiller au renforcement des capabilit\u00e9s techniques et op\u00e9rationnelles des structures de paix;<\/li>\n\t\t\t\t\t\n\t\t\t\t<\/ul>\n\t\t\t\tLa Direction de l&rsquo;Unit\u00e9 Nationale est dirig\u00e9e par le Directeur nomm\u00e9 par d\u00e9cret pris en Conseil des Ministres. Il a rang de Directeur d\u2019Administration Centrale. \n\t\t\t\tLa Direction de l&rsquo;Unit\u00e9 Nationale comprend trois Sous-directions : \n\t\t\t\t<ul> \n\t\t\t\t\t<li> La Sous-Direction de la Sensibilisation et de Promotion de l&rsquo;Ethique ;<\/li> \n\t\t\t\t\t<li> La Sous-Direction de la Promotion des m\u00e9canismes du Vivre-Ensemble ;<\/li>\n                                        <li> La Sous-Direction de l&rsquo;Encadrement, du Suivi et de l&rsquo;Evaluation des Acteurs Sociaux .<\/li> \n\t\t\t\t\n\t\t\t\t<\/ul>\n\t\t\t\tLes Sous-directions sont dirig\u00e9es par des Sous-directeurs nomm\u00e9s par arr\u00eat\u00e9. Ils ont rang de Sous-directeur d\u2019administration centrale.\n\t\t\t\t<\/p>\n\t\t\t\t<\/div>\n","protected":false},"excerpt":{"rendered":"<div class=\"pvc_clear\"><\/div>\n<p class=\"pvc_stats total_only \" data-element-id=\"5019\" style=\"\"><i class=\"pvc-stats-icon medium\" aria-hidden=\"true\"><svg aria-hidden=\"true\" focusable=\"false\" data-prefix=\"far\" data-icon=\"chart-bar\" role=\"img\" xmlns=\"http:\/\/www.w3.org\/2000\/svg\" viewBox=\"0 0 512 512\" class=\"svg-inline--fa fa-chart-bar fa-w-16 fa-2x\"><path fill=\"currentColor\" d=\"M396.8 352h22.4c6.4 0 12.8-6.4 12.8-12.8V108.8c0-6.4-6.4-12.8-12.8-12.8h-22.4c-6.4 0-12.8 6.4-12.8 12.8v230.4c0 6.4 6.4 12.8 12.8 12.8zm-192 0h22.4c6.4 0 12.8-6.4 12.8-12.8V140.8c0-6.4-6.4-12.8-12.8-12.8h-22.4c-6.4 0-12.8 6.4-12.8 12.8v198.4c0 6.4 6.4 12.8 12.8 12.8zm96 0h22.4c6.4 0 12.8-6.4 12.8-12.8V204.8c0-6.4-6.4-12.8-12.8-12.8h-22.4c-6.4 0-12.8 6.4-12.8 12.8v134.4c0 6.4 6.4 12.8 12.8 12.8zM496 400H48V80c0-8.84-7.16-16-16-16H16C7.16 64 0 71.16 0 80v336c0 17.67 14.33 32 32 32h464c8.84 0 16-7.16 16-16v-16c0-8.84-7.16-16-16-16zm-387.2-48h22.4c6.4 0 12.8-6.4 12.8-12.8v-70.4c0-6.4-6.4-12.8-12.8-12.8h-22.4c-6.4 0-12.8 6.4-12.8 12.8v70.4c0 6.4 6.4 12.8 12.8 12.8z\" class=\"\"><\/path><\/svg><\/i> &nbsp;323&nbsp;vues<\/p>\n<div class=\"pvc_clear\"><\/div>\n<p>&nbsp;323&nbsp;vues Direction G\u00e9n\u00e9rale de la Coh\u00e9sion Nationale La Direction G\u00e9n\u00e9rale de la Coh\u00e9sion Nationale est charg\u00e9e : de mettre en \u0153uvre la politique de renforcement et de promotion de l&rsquo;unit\u00e9 nationale ; de proposer au Gouvernement des mesures visant \u00e0 lutter contre les injustices, les in\u00e9galit\u00e9s de<\/p>\n","protected":false},"author":1,"featured_media":0,"parent":5011,"menu_order":0,"comment_status":"closed","ping_status":"closed","template":"page-PageTemplate3.php","meta":{"footnotes":""},"class_list":["post-5019","page","type-page","status-publish","hentry"],"_links":{"self":[{"href":"http:\/\/mffe.ci\/MRCN\/reconciliation_21\/wp-json\/wp\/v2\/pages\/5019","targetHints":{"allow":["GET"]}}],"collection":[{"href":"http:\/\/mffe.ci\/MRCN\/reconciliation_21\/wp-json\/wp\/v2\/pages"}],"about":[{"href":"http:\/\/mffe.ci\/MRCN\/reconciliation_21\/wp-json\/wp\/v2\/types\/page"}],"author":[{"embeddable":true,"href":"http:\/\/mffe.ci\/MRCN\/reconciliation_21\/wp-json\/wp\/v2\/users\/1"}],"replies":[{"embeddable":true,"href":"http:\/\/mffe.ci\/MRCN\/reconciliation_21\/wp-json\/wp\/v2\/comments?post=5019"}],"version-history":[{"count":2,"href":"http:\/\/mffe.ci\/MRCN\/reconciliation_21\/wp-json\/wp\/v2\/pages\/5019\/revisions"}],"predecessor-version":[{"id":5037,"href":"http:\/\/mffe.ci\/MRCN\/reconciliation_21\/wp-json\/wp\/v2\/pages\/5019\/revisions\/5037"}],"up":[{"embeddable":true,"href":"http:\/\/mffe.ci\/MRCN\/reconciliation_21\/wp-json\/wp\/v2\/pages\/5011"}],"wp:attachment":[{"href":"http:\/\/mffe.ci\/MRCN\/reconciliation_21\/wp-json\/wp\/v2\/media?parent=5019"}],"curies":[{"name":"wp","href":"https:\/\/api.w.org\/{rel}","templated":true}]}}