{"id":4713,"date":"2021-11-09T19:12:57","date_gmt":"2021-11-09T18:12:57","guid":{"rendered":"https:\/\/mffe.ci\/MFFE\/site_famille\/?page_id=4713"},"modified":"2021-12-08T19:29:08","modified_gmt":"2021-12-08T18:29:08","slug":"mot-du-ministre","status":"publish","type":"page","link":"https:\/\/mffe.ci\/MFFE\/site_famille\/mot-du-ministre\/","title":{"rendered":"Mot du Ministre"},"content":{"rendered":"<div class=\"pvc_clear\"><\/div><p class=\"pvc_stats total_only \" data-element-id=\"4713\" style=\"\"><i class=\"pvc-stats-icon medium\" aria-hidden=\"true\"><svg aria-hidden=\"true\" focusable=\"false\" data-prefix=\"far\" data-icon=\"chart-bar\" role=\"img\" xmlns=\"http:\/\/www.w3.org\/2000\/svg\" viewBox=\"0 0 512 512\" class=\"svg-inline--fa fa-chart-bar fa-w-16 fa-2x\"><path fill=\"currentColor\" d=\"M396.8 352h22.4c6.4 0 12.8-6.4 12.8-12.8V108.8c0-6.4-6.4-12.8-12.8-12.8h-22.4c-6.4 0-12.8 6.4-12.8 12.8v230.4c0 6.4 6.4 12.8 12.8 12.8zm-192 0h22.4c6.4 0 12.8-6.4 12.8-12.8V140.8c0-6.4-6.4-12.8-12.8-12.8h-22.4c-6.4 0-12.8 6.4-12.8 12.8v198.4c0 6.4 6.4 12.8 12.8 12.8zm96 0h22.4c6.4 0 12.8-6.4 12.8-12.8V204.8c0-6.4-6.4-12.8-12.8-12.8h-22.4c-6.4 0-12.8 6.4-12.8 12.8v134.4c0 6.4 6.4 12.8 12.8 12.8zM496 400H48V80c0-8.84-7.16-16-16-16H16C7.16 64 0 71.16 0 80v336c0 17.67 14.33 32 32 32h464c8.84 0 16-7.16 16-16v-16c0-8.84-7.16-16-16-16zm-387.2-48h22.4c6.4 0 12.8-6.4 12.8-12.8v-70.4c0-6.4-6.4-12.8-12.8-12.8h-22.4c-6.4 0-12.8 6.4-12.8 12.8v70.4c0 6.4 6.4 12.8 12.8 12.8z\" class=\"\"><\/path><\/svg><\/i> &nbsp;2,122&nbsp;vues<\/p><div class=\"pvc_clear\"><\/div>\n<h5 class=\"wp-block-heading\"><strong>Mot du Ministre<\/strong><\/h5>\n\n\n\n<p>Chers internautes,<\/p>\n\n\n\n<p>Je voudrais exprimer toute ma gratitude \u00e0 votre endroit et ma gratitude pour la visite de notre site web. Cela t\u00e9moigne de votre int\u00e9r\u00eat pour les th\u00e9matiques relevant de mon d\u00e9partement.<\/p>\n\n\n\n<p>Le Minist\u00e8re de la Femme, de la Famille et de l&rsquo;Enfant a comme vision de faire en sorte que chaque femme soit autonome et participe pleinement au processus de d\u00e9veloppement national, les familles promues et consolid\u00e9es et chaque enfant prot\u00e9g\u00e9, dans un environnement propice.<\/p>\n\n\n\n<p>Pour y parvenir, nous nous sommes assign\u00e9s comme missions de :<\/p>\n\n\n\n<ul class=\"wp-block-list\"><li>Promouvoir le Genre en tant qu\u2019approche de d\u00e9veloppement.<\/li><\/ul>\n\n\n\n<ul class=\"wp-block-list\"><li>Assurer l\u2019autonomisation des femmes et la valorisation des comp\u00e9tences f\u00e9minines.<\/li><\/ul>\n\n\n\n<ul class=\"wp-block-list\"><li> Favoriser l\u2019\u00e9panouissement des citoyens dans le cadre de la famille.<\/li><\/ul>\n\n\n\n<ul class=\"wp-block-list\"><li> Prot\u00e9ger et promouvoir les droits de l&rsquo;enfant.<\/li><\/ul>\n\n\n\n<p>A ce titre, le Minist\u00e8re de la Femme, de la Famille et de l\u2019Enfant met en place des strat\u00e9gies pour :<\/p>\n\n\n\n<ul class=\"wp-block-list\"><li>promouvoir, d\u00e9velopper et coordonner les activit\u00e9s des structures de base que sont les Complexes Socio-\u00e9ducatifs, les Cr\u00e8ches, les Garderies, les Pouponni\u00e8res, les Haltes garderies, les Centres de Protection de la Petite Enfance et les Centres d\u2019Action Communautaire pour l\u2019Enfance ;<\/li><\/ul>\n\n\n\n<ul class=\"wp-block-list\"><li> promouvoir la cr\u00e9ation des structures socio-\u00e9ducatives de base.<\/li><\/ul>\n\n\n\n<ul class=\"wp-block-list\"><li>mettre en \u0153uvre la politique nationale sur l\u2019\u00e9galit\u00e9 des chances, l\u2019\u00e9quit\u00e9 et le genre,<\/li><\/ul>\n\n\n\n<ul class=\"wp-block-list\"><li>sensibiliser et informer la communaut\u00e9 sur les droits de la femme,<\/li><\/ul>\n\n\n\n<ul class=\"wp-block-list\"><li>veiller \u00e0 une int\u00e9gration syst\u00e9matique du Genre dans l\u2019\u00e9laboration, la mise en \u0153uvre et l\u2019\u00e9valuation des documents cadres, programmes et projets nationaux de d\u00e9veloppement,<\/li><\/ul>\n\n\n\n<ul class=\"wp-block-list\"><li>promouvoir, coordonner et suivre les mouvements coop\u00e9ratifs et mutualistes f\u00e9minins en milieu urbain et rural, en liaison avec les minist\u00e8res concern\u00e9s etc.<\/li><\/ul>\n\n\n\n<p>La mise en ligne de ce site web rentre dans le cadre de la bonne gouvernance et la culture de partager l\u2019information pr\u00f4n\u00e9e par notre d\u00e9partement.<\/p>\n\n\n\n<p>Ce site web pr\u00e9sente les missions, l\u2019organisation, et le fonctionnement du minist\u00e8re et fournit \u00e9galement des informations utiles et indispensables sur les structures rattach\u00e9es au Cabinet.<\/p>\n\n\n\n<p>Notre espoir est que les informations disponibles sur ce site soient d\u2019une grande utilit\u00e9 pour tous : institutions internationales, partenaires techniques et financiers, chercheurs, familles, collectivit\u00e9s etc.<\/p>\n\n\n\n<p>Votre participation active et vos suggestions seront d\u2019un apport important dans l\u2019ajustement progressif et le ciblage des pr\u00e9occupations \u00e9mises.<\/p>\n\n\n\n<p>Au nom du Minist\u00e8re de la Femme, de la Famille et de l&rsquo;Enfant, je vous souhaite beaucoup de plaisir et d\u2019int\u00e9r\u00eat en consultant notre site web.<\/p>\n\n\n\n<p>Que les informations qui y sont publi\u00e9es r\u00e9pondent \u00e0 vos attentes !<\/p>\n\n\n\n<p>Merci de votre aimable attention.<\/p>\n","protected":false},"excerpt":{"rendered":"<div class=\"pvc_clear\"><\/div>\n<p class=\"pvc_stats total_only \" data-element-id=\"4713\" style=\"\"><i class=\"pvc-stats-icon medium\" aria-hidden=\"true\"><svg aria-hidden=\"true\" focusable=\"false\" data-prefix=\"far\" data-icon=\"chart-bar\" role=\"img\" xmlns=\"http:\/\/www.w3.org\/2000\/svg\" viewBox=\"0 0 512 512\" class=\"svg-inline--fa fa-chart-bar fa-w-16 fa-2x\"><path fill=\"currentColor\" d=\"M396.8 352h22.4c6.4 0 12.8-6.4 12.8-12.8V108.8c0-6.4-6.4-12.8-12.8-12.8h-22.4c-6.4 0-12.8 6.4-12.8 12.8v230.4c0 6.4 6.4 12.8 12.8 12.8zm-192 0h22.4c6.4 0 12.8-6.4 12.8-12.8V140.8c0-6.4-6.4-12.8-12.8-12.8h-22.4c-6.4 0-12.8 6.4-12.8 12.8v198.4c0 6.4 6.4 12.8 12.8 12.8zm96 0h22.4c6.4 0 12.8-6.4 12.8-12.8V204.8c0-6.4-6.4-12.8-12.8-12.8h-22.4c-6.4 0-12.8 6.4-12.8 12.8v134.4c0 6.4 6.4 12.8 12.8 12.8zM496 400H48V80c0-8.84-7.16-16-16-16H16C7.16 64 0 71.16 0 80v336c0 17.67 14.33 32 32 32h464c8.84 0 16-7.16 16-16v-16c0-8.84-7.16-16-16-16zm-387.2-48h22.4c6.4 0 12.8-6.4 12.8-12.8v-70.4c0-6.4-6.4-12.8-12.8-12.8h-22.4c-6.4 0-12.8 6.4-12.8 12.8v70.4c0 6.4 6.4 12.8 12.8 12.8z\" class=\"\"><\/path><\/svg><\/i> &nbsp;2,122&nbsp;vues<\/p>\n<div class=\"pvc_clear\"><\/div>\n<p>&nbsp;2,122&nbsp;vues Mot du Ministre Chers internautes, Je voudrais exprimer toute ma gratitude \u00e0 votre endroit et ma gratitude pour la visite de notre site web. Cela t\u00e9moigne de votre int\u00e9r\u00eat pour les th\u00e9matiques relevant de mon d\u00e9partement. Le Minist\u00e8re de la Femme, de la Famille et de<\/p>\n","protected":false},"author":1,"featured_media":0,"parent":0,"menu_order":0,"comment_status":"closed","ping_status":"closed","template":"page-PageTemplate3.php","meta":{"footnotes":""},"class_list":["post-4713","page","type-page","status-publish","hentry"],"_links":{"self":[{"href":"https:\/\/mffe.ci\/MFFE\/site_famille\/wp-json\/wp\/v2\/pages\/4713","targetHints":{"allow":["GET"]}}],"collection":[{"href":"https:\/\/mffe.ci\/MFFE\/site_famille\/wp-json\/wp\/v2\/pages"}],"about":[{"href":"https:\/\/mffe.ci\/MFFE\/site_famille\/wp-json\/wp\/v2\/types\/page"}],"author":[{"embeddable":true,"href":"https:\/\/mffe.ci\/MFFE\/site_famille\/wp-json\/wp\/v2\/users\/1"}],"replies":[{"embeddable":true,"href":"https:\/\/mffe.ci\/MFFE\/site_famille\/wp-json\/wp\/v2\/comments?post=4713"}],"version-history":[{"count":4,"href":"https:\/\/mffe.ci\/MFFE\/site_famille\/wp-json\/wp\/v2\/pages\/4713\/revisions"}],"predecessor-version":[{"id":5134,"href":"https:\/\/mffe.ci\/MFFE\/site_famille\/wp-json\/wp\/v2\/pages\/4713\/revisions\/5134"}],"wp:attachment":[{"href":"https:\/\/mffe.ci\/MFFE\/site_famille\/wp-json\/wp\/v2\/media?parent=4713"}],"curies":[{"name":"wp","href":"https:\/\/api.w.org\/{rel}","templated":true}]}}