{"id":4717,"date":"2021-11-09T19:18:37","date_gmt":"2021-11-09T18:18:37","guid":{"rendered":"https:\/\/mffe.ci\/MFFE\/site_famille\/?page_id=4717"},"modified":"2021-12-08T19:27:18","modified_gmt":"2021-12-08T18:27:18","slug":"biographie-du-ministre","status":"publish","type":"page","link":"https:\/\/mffe.ci\/MFFE\/site_famille\/biographie-du-ministre\/","title":{"rendered":"Biographie du Ministre"},"content":{"rendered":"<div class=\"pvc_clear\"><\/div><p class=\"pvc_stats total_only \" data-element-id=\"4717\" style=\"\"><i class=\"pvc-stats-icon medium\" aria-hidden=\"true\"><svg aria-hidden=\"true\" focusable=\"false\" data-prefix=\"far\" data-icon=\"chart-bar\" role=\"img\" xmlns=\"http:\/\/www.w3.org\/2000\/svg\" viewBox=\"0 0 512 512\" class=\"svg-inline--fa fa-chart-bar fa-w-16 fa-2x\"><path fill=\"currentColor\" d=\"M396.8 352h22.4c6.4 0 12.8-6.4 12.8-12.8V108.8c0-6.4-6.4-12.8-12.8-12.8h-22.4c-6.4 0-12.8 6.4-12.8 12.8v230.4c0 6.4 6.4 12.8 12.8 12.8zm-192 0h22.4c6.4 0 12.8-6.4 12.8-12.8V140.8c0-6.4-6.4-12.8-12.8-12.8h-22.4c-6.4 0-12.8 6.4-12.8 12.8v198.4c0 6.4 6.4 12.8 12.8 12.8zm96 0h22.4c6.4 0 12.8-6.4 12.8-12.8V204.8c0-6.4-6.4-12.8-12.8-12.8h-22.4c-6.4 0-12.8 6.4-12.8 12.8v134.4c0 6.4 6.4 12.8 12.8 12.8zM496 400H48V80c0-8.84-7.16-16-16-16H16C7.16 64 0 71.16 0 80v336c0 17.67 14.33 32 32 32h464c8.84 0 16-7.16 16-16v-16c0-8.84-7.16-16-16-16zm-387.2-48h22.4c6.4 0 12.8-6.4 12.8-12.8v-70.4c0-6.4-6.4-12.8-12.8-12.8h-22.4c-6.4 0-12.8 6.4-12.8 12.8v70.4c0 6.4 6.4 12.8 12.8 12.8z\" class=\"\"><\/path><\/svg><\/i> &nbsp;1,607&nbsp;vues<\/p><div class=\"pvc_clear\"><\/div>\n<div class=\"wp-block-columns is-layout-flex wp-container-core-columns-is-layout-9d6595d7 wp-block-columns-is-layout-flex\">\n<div class=\"wp-block-column is-layout-flow wp-block-column-is-layout-flow\">\n<div class=\"wp-block-columns is-layout-flex wp-container-core-columns-is-layout-9d6595d7 wp-block-columns-is-layout-flex\">\n<div class=\"wp-block-column is-layout-flow wp-block-column-is-layout-flow\" style=\"flex-basis:66.66%\"><\/div>\n<\/div>\n\n\n\n<h5 class=\"wp-block-heading\"><strong> Biographie de la Ministre Nass\u00e9n\u00e9ba TOUR\u00c9 <\/strong><\/h5>\n<\/div>\n<\/div>\n\n\n<div class=\"custom-frame-wrapper alignleft\"><div class=\"custom-frame-inner-wrapper\"><div class=\"custom-frame-padding\"><img decoding=\"async\" class=\"alignnone size-full wp-image-4691\" src=\"https:\/\/mffe.ci\/MFFE\/site_famille\/wp-content\/uploads\/2021\/12\/m-mffe.jpg\" alt=\"\"><\/div><\/div><\/div>\n\n\n\n<p> Mme Nasseneba Tour\u00e9 est n\u00e9e le 24 septembre 1972 \u00e0 Korhogo o\u00f9 elle d\u00e9bute son cursus scolaire. \u00c0 19 ans, apr\u00e8s le baccalaur\u00e9at, elle part poursuivre ses \u00e9tudes aux \u00c9tats-Unis. C\u2019est l\u00e0-bas qu&rsquo;elle d\u00e9bute la politique. Dipl\u00f4m\u00e9e en informatique et t\u00e9l\u00e9communications, elle a commence sa carri\u00e8re chez Comsat, l&rsquo;un des leaders am\u00e9ricains du secteur avant d\u2019atterrir \u00e0 la Soci\u00e9t\u00e9 financi\u00e8re internationale (SFI), puis \u00e0 la Banque mondiale \u00e0 Washington. Depuis 2012, Nasseneba Tour\u00e9 est maire de la commune d\u2019Odienn\u00e9 dans le nord-ouest de la C\u00f4te d\u2019Ivoire. <\/p>\n\n\n\n<p> <\/p>\n\n\n\n<p><strong>Carri\u00e8re <\/strong><\/p>\n\n\n\n<p> En 1995, alors qu\u2019elle poursuit encore ses \u00e9tudes, Nasseneba Tour\u00e9 fait la rencontre du Pr\u00e9sident ivoirien Alassane Ouattara lors de la visite de Feu Dj\u00e9ni Kobina pour l\u2019installation des sections du Rassemblement des r\u00e9publicains (RDR), parti politique cr\u00e9\u00e9 une ann\u00e9e avant. Elle devient par la suite Secr\u00e9taire charg\u00e9e des femmes et de la mobilisation \u00e0 Washington DC, pour la Virginie et le Maryland. Elle participe \u00e0 la mobilisation et aux activit\u00e9s des d\u00e9mocrates en faveur de Bill Clinton pour son deuxi\u00e8me mandat lors \u00e9lections pr\u00e9sidentielles am\u00e9ricaines en 1996. <\/p>\n\n\n\n<p> Nasseneba Tour\u00e9 entre ensuite de 2003 \u00e0 2006 \u00e0 la Banque mondiale au D\u00e9partement transport et infrastructures. Par la suite analyste informaticienne, elle occupera la fonction de Chef du service archivage \u00e9lectronique et adjointe au Chef du D\u00e9partement achats et approvisionnements. <\/p>\n\n\n\n<p> En 2006, alors que la C\u00f4te d&rsquo;Ivoire traverse encore une crise militaro-politique, cette dame d\u00e9cide de rentrer dans son pays. Son premier poste est celui de Coordonnatrice technique des bureaux de l&rsquo;Afrique de l&rsquo;Ouest pour le compte du groupe Comium. <\/p>\n\n\n\n<p> En 2007, elle fait son entr\u00e9e dans l&rsquo;administration ivoirienne comme Conseill\u00e8re technique au minist\u00e8re des Nouvelles Techniques de l\u2019information et de la communication (NTIC). Elle est nomm\u00e9e ensuite devient Conseill\u00e8re technique du Premier ministre d\u2019alors Guillaume Kigbafori Soro en 2008. Ce dernier, une fois \u00e0 l&rsquo;Assembl\u00e9e nationale ivoirienne, apr\u00e8s la crise, fait appel \u00e0 elle en tant que Conseill\u00e8re sp\u00e9ciale. <\/p>\n\n\n\n<p> Ambitieuse et surtout engag\u00e9e, son exp\u00e9rience politique acquise aux \u00c9tats-Unis et dans son pays, vont l&rsquo;amener \u00e0 briguer un mandat \u00e9lectoral. En avril 2012, elle devient la premi\u00e8re femme maire d&rsquo;Odienn\u00e9, Commune au nord-ouest de la C\u00f4te d&rsquo;Ivoire et 4e Vice-Pr\u00e9sidente de l\u2019Union des Villes et Communes de C\u00f4te d&rsquo;Ivoire (UVICOCI). <\/p>\n\n\n\n<p>Dans cette entit\u00e9 territoriale d\u00e9centralis\u00e9e de pr\u00e8s de 50 000 habitants, elle initie des projets, cr\u00e9\u00e9 des opportunit\u00e9s d\u2019emplois pour les jeunes et investit dans l\u2019autonomisation de la femme. En 2014, elle obtient du Pr\u00e9sident de la R\u00e9publique Alassane Ouattara, \u00ab\u00a0Le Prix d&rsquo;excellence du meilleur maire de C\u00f4te d&rsquo;Ivoire\u00a0\u00bb, apr\u00e8s deux ans de gestion communale.<\/p>\n\n\n\n<p>Musulmane pratiquante, elle agit aupr\u00e8s de la communaut\u00e9 et s\u2019active dans l\u2019humanitaire. Elle a proc\u00e9d\u00e9 \u00e0 la r\u00e9habilitation de la plus grande mosqu\u00e9e de la ville et d\u2019Odienn\u00e9 et assiste les populations en difficult\u00e9s \u00e0 travers la Fondation \u00ab Faso Kanou \u00bb. Par ailleurs, d\u00e9sign\u00e9e marraine de la Fondation de la Dominique Ouattara, Children of Africa, Nasseneba Tour\u00e9 est tr\u00e8s active dans le domaine de la sant\u00e9, l\u2019\u00e9ducation et le bien-\u00eatre des populations.<\/p>\n\n\n\n<p>En tant que Maire, elle participe \u00e0 plusieurs rencontres internationales au sein de Cit\u00e9s et Gouvernements locaux unis (CGLU).<\/p>\n\n\n\n<p>\u00c0 la faveur du projet de nouvelle Constitution ivoirienne introduite par le Pr\u00e9sident Alassane Ouattara, le Maire d\u2019Odienn\u00e9 a appel\u00e9 \u00e0 voter \u00ab Oui \u00bb lors du r\u00e9f\u00e9rendum du 30 octobre 2016. Candidate \u00e0 la candidature du Rassemblement des r\u00e9publicains de C\u00f4te d\u2019Ivoire(RDR) pour les prochaines \u00e9lections l\u00e9gislatives pour un si\u00e8ge de parlementaire \u00e0 Odienn\u00e9, cette Vice-pr\u00e9sidente du Rassemblement des femmes r\u00e9publicaines (RFR) a renonc\u00e9 pour plus de coh\u00e9sion au sein de son parti.<\/p>\n\n\n\n<p><strong>Distinctions<\/strong><\/p>\n\n\n\n<ul class=\"wp-block-list\"><li>Mai 2014 &#8211; Officier de l\u2019ordre national de la R\u00e9publique de C\u00f4te d&rsquo;Ivoire<\/li><li>Aout 2014 \u2013 Prix d\u2019excellence du meilleur manager des Collectivit\u00e9s territoriales de C\u00f4te d\u2019Ivoire de la Pr\u00e9sidence de la R\u00e9publique<\/li><li>Avril 2015 &#8211; Commandeur dans l\u2019ordre de l\u2019\u00c9ducation Nationale de C\u00f4te d&rsquo;Ivoire<\/li><li>Septembre 2015 \u2013 Prix du meilleur artisan de d\u00e9veloppement 2015 par Collectif des artisans de C\u00f4te d\u2019Ivoire<\/li><\/ul>\n\n\n\n<p><strong> Parcours et fonctions politiques<\/strong> <\/p>\n\n\n\n<ul class=\"wp-block-list\"><li><span style=\"font-size: revert;\">Coordinatrice du Rassemblement des houphou\u00ebtistes pour la d\u00e9mocratie et la paix (RHDP) du D\u00e9partement d\u2019Odienn\u00e9<\/span><\/li><li><span style=\"font-size: revert;\">Directrice d\u00e9partementale de campagne Rassemblement des houphou\u00ebtistes pour la d\u00e9mocratie et la paix (RHDP) \u00e0 l\u2019\u00e9lection pr\u00e9sidentielle 2015 \u00e0 Odienn\u00e9<\/span><\/li><li><span style=\"font-size: revert;\">Militante ayant particip\u00e9 \u00e0 la cr\u00e9ation du Rassemblement des r\u00e9publicains de C\u00f4te d&rsquo;Ivoire (RDR) pour la diaspora am\u00e9ricaine<\/span><\/li><li><span style=\"font-size: revert;\">Vice-pr\u00e9sidente du Rassemblement des femmes r\u00e9publicaines (RFR)<\/span><\/li><li><span style=\"font-size: revert;\">Secr\u00e9taire nationale adjointe du RDR charg\u00e9e des PME et de l\u2019artisanat<\/span> <\/li><\/ul>\n","protected":false},"excerpt":{"rendered":"<div class=\"pvc_clear\"><\/div>\n<p class=\"pvc_stats total_only \" data-element-id=\"4717\" style=\"\"><i class=\"pvc-stats-icon medium\" aria-hidden=\"true\"><svg aria-hidden=\"true\" focusable=\"false\" data-prefix=\"far\" data-icon=\"chart-bar\" role=\"img\" xmlns=\"http:\/\/www.w3.org\/2000\/svg\" viewBox=\"0 0 512 512\" class=\"svg-inline--fa fa-chart-bar fa-w-16 fa-2x\"><path fill=\"currentColor\" d=\"M396.8 352h22.4c6.4 0 12.8-6.4 12.8-12.8V108.8c0-6.4-6.4-12.8-12.8-12.8h-22.4c-6.4 0-12.8 6.4-12.8 12.8v230.4c0 6.4 6.4 12.8 12.8 12.8zm-192 0h22.4c6.4 0 12.8-6.4 12.8-12.8V140.8c0-6.4-6.4-12.8-12.8-12.8h-22.4c-6.4 0-12.8 6.4-12.8 12.8v198.4c0 6.4 6.4 12.8 12.8 12.8zm96 0h22.4c6.4 0 12.8-6.4 12.8-12.8V204.8c0-6.4-6.4-12.8-12.8-12.8h-22.4c-6.4 0-12.8 6.4-12.8 12.8v134.4c0 6.4 6.4 12.8 12.8 12.8zM496 400H48V80c0-8.84-7.16-16-16-16H16C7.16 64 0 71.16 0 80v336c0 17.67 14.33 32 32 32h464c8.84 0 16-7.16 16-16v-16c0-8.84-7.16-16-16-16zm-387.2-48h22.4c6.4 0 12.8-6.4 12.8-12.8v-70.4c0-6.4-6.4-12.8-12.8-12.8h-22.4c-6.4 0-12.8 6.4-12.8 12.8v70.4c0 6.4 6.4 12.8 12.8 12.8z\" class=\"\"><\/path><\/svg><\/i> &nbsp;1,607&nbsp;vues<\/p>\n<div class=\"pvc_clear\"><\/div>\n<p>&nbsp;1,607&nbsp;vues Biographie de la Ministre Nass\u00e9n\u00e9ba TOUR\u00c9 Mme Nasseneba Tour\u00e9 est n\u00e9e le 24 septembre 1972 \u00e0 Korhogo o\u00f9 elle d\u00e9bute son cursus scolaire. \u00c0 19 ans, apr\u00e8s le baccalaur\u00e9at, elle part poursuivre ses \u00e9tudes aux \u00c9tats-Unis. C\u2019est l\u00e0-bas qu&rsquo;elle d\u00e9bute la politique. Dipl\u00f4m\u00e9e en informatique et<\/p>\n","protected":false},"author":1,"featured_media":0,"parent":0,"menu_order":0,"comment_status":"closed","ping_status":"closed","template":"page-PageTemplate3.php","meta":{"footnotes":""},"class_list":["post-4717","page","type-page","status-publish","hentry"],"_links":{"self":[{"href":"https:\/\/mffe.ci\/MFFE\/site_famille\/wp-json\/wp\/v2\/pages\/4717","targetHints":{"allow":["GET"]}}],"collection":[{"href":"https:\/\/mffe.ci\/MFFE\/site_famille\/wp-json\/wp\/v2\/pages"}],"about":[{"href":"https:\/\/mffe.ci\/MFFE\/site_famille\/wp-json\/wp\/v2\/types\/page"}],"author":[{"embeddable":true,"href":"https:\/\/mffe.ci\/MFFE\/site_famille\/wp-json\/wp\/v2\/users\/1"}],"replies":[{"embeddable":true,"href":"https:\/\/mffe.ci\/MFFE\/site_famille\/wp-json\/wp\/v2\/comments?post=4717"}],"version-history":[{"count":13,"href":"https:\/\/mffe.ci\/MFFE\/site_famille\/wp-json\/wp\/v2\/pages\/4717\/revisions"}],"predecessor-version":[{"id":5133,"href":"https:\/\/mffe.ci\/MFFE\/site_famille\/wp-json\/wp\/v2\/pages\/4717\/revisions\/5133"}],"wp:attachment":[{"href":"https:\/\/mffe.ci\/MFFE\/site_famille\/wp-json\/wp\/v2\/media?parent=4717"}],"curies":[{"name":"wp","href":"https:\/\/api.w.org\/{rel}","templated":true}]}}