{"id":4739,"date":"2021-11-10T17:18:38","date_gmt":"2021-11-10T16:18:38","guid":{"rendered":"https:\/\/mffe.ci\/MFFE\/site_famille\/?page_id=4739"},"modified":"2022-01-19T19:50:18","modified_gmt":"2022-01-19T18:50:18","slug":"direction-des-affaires-financieres-et-du-patrimoine-dafp","status":"publish","type":"page","link":"https:\/\/mffe.ci\/MFFE\/site_famille\/ministere\/services-et-directions-rattachees-au-cabinet\/direction-des-affaires-financieres-et-du-patrimoine-dafp\/","title":{"rendered":"Direction des Affaires Financi\u00e8res et du Patrimoine (DAFP)"},"content":{"rendered":"<div class=\"pvc_clear\"><\/div><p class=\"pvc_stats total_only \" data-element-id=\"4739\" style=\"\"><i class=\"pvc-stats-icon medium\" aria-hidden=\"true\"><svg aria-hidden=\"true\" focusable=\"false\" data-prefix=\"far\" data-icon=\"chart-bar\" role=\"img\" xmlns=\"http:\/\/www.w3.org\/2000\/svg\" viewBox=\"0 0 512 512\" class=\"svg-inline--fa fa-chart-bar fa-w-16 fa-2x\"><path fill=\"currentColor\" d=\"M396.8 352h22.4c6.4 0 12.8-6.4 12.8-12.8V108.8c0-6.4-6.4-12.8-12.8-12.8h-22.4c-6.4 0-12.8 6.4-12.8 12.8v230.4c0 6.4 6.4 12.8 12.8 12.8zm-192 0h22.4c6.4 0 12.8-6.4 12.8-12.8V140.8c0-6.4-6.4-12.8-12.8-12.8h-22.4c-6.4 0-12.8 6.4-12.8 12.8v198.4c0 6.4 6.4 12.8 12.8 12.8zm96 0h22.4c6.4 0 12.8-6.4 12.8-12.8V204.8c0-6.4-6.4-12.8-12.8-12.8h-22.4c-6.4 0-12.8 6.4-12.8 12.8v134.4c0 6.4 6.4 12.8 12.8 12.8zM496 400H48V80c0-8.84-7.16-16-16-16H16C7.16 64 0 71.16 0 80v336c0 17.67 14.33 32 32 32h464c8.84 0 16-7.16 16-16v-16c0-8.84-7.16-16-16-16zm-387.2-48h22.4c6.4 0 12.8-6.4 12.8-12.8v-70.4c0-6.4-6.4-12.8-12.8-12.8h-22.4c-6.4 0-12.8 6.4-12.8 12.8v70.4c0 6.4 6.4 12.8 12.8 12.8z\" class=\"\"><\/path><\/svg><\/i> &nbsp;387&nbsp;vues<\/p><div class=\"pvc_clear\"><\/div>\n<h5 class=\"wp-block-heading\"><strong>Les attributions de la Direction des Affaires Financi\u00e8res et du Patrimoine<\/strong><\/h5>\n\n\n\n<button class=\"collapsible\"> 1 &#8211; MISSIONS<\/button>\n\t\t\t\t<div class=\"content\">\n\t\t\t\t  <p>\n\t\t\t\t\tConform\u00e9ment \u00e0 <strong> l\u2019article 6 du d\u00e9cret n\u00b0 2019-1010 du 04 D\u00e9cembre 2019 <\/strong> portant organisation du \n\t\t\t\t\tMinist\u00e8re de la Femme, de la Famille et de l&rsquo;Enfant, la Direction des Affaires Financi\u00e8res et du Patrimoine est charg\u00e9e : \n\t\t\t\t\t<ul>\n\t\t\t\t\t\t<li> d\u2019\u00e9laborer, en relation avec le Cabinet et les structures du Minist\u00e8re, le budget et d\u2019en assurer l\u2019ex\u00e9cution ;<\/li>\n\t\t\t\t\t\t<li> de pr\u00e9parer les actes de gestion du Minist\u00e8re ;<\/li>\n\t\t\t\t\t\t<li> d\u2019assurer le suivi des projets d\u2019investissement ;<\/li>\n\t\t\t\t\t\t<li> d&rsquo;assurer la gestion du patrimoine mobilier et immobilier du Minist\u00e8re;<\/li>\n\t\t\t\t\t\t<li> d\u2019assurer le suivi de l\u2019ex\u00e9cution des appuis hors budget et le financement des projets ;<\/li> \n\t\t\t\t\t\t<li>de coordonner et de contr\u00f4ler la r\u00e9ception et l\u2019utilisation des dons et legs faits aux structures du Minist\u00e8re.<\/li>\n\t\t\t\t\t<\/ul>\n\t\t\t\t  <\/p>\n\t\t\t\t  \n\t\t\t\t<\/div>\n\n\n\n<button class=\"collapsible\"> 2 &#8211; ORGANISATION<\/button>\n\t\t\t\t<div class=\"content\">\n\t\t\t\t  <p>\n\t\t\t\t\t La Direction des Affaires Financi\u00e8res est dirig\u00e9e par un Directeur nomm\u00e9 par d\u00e9cret pris en Conseil des Ministres. Il a rang de Directeur d\u2019Administration Centrale.\n\t\t\t\t\t<br\/>\n\t\t\t\t\tLa Direction des Affaires Financi\u00e8res comprend deux Sous-directions : \n\t\t\t\t\t<ul>\n\t\t\t\t\t\t<li>La Sous-direction du Budget et de la Comptabilit\u00e9 ;<\/li>\n\t\t\t\t\t\t<li>La Sous-direction des Moyens G\u00e9n\u00e9raux, du Patrimoine et des Investissements.<\/li>\n\t\t\t\t\t<\/ul>\n\t\t\t\t\tLes Sous-directions sont dirig\u00e9es par des Sous-directeurs nomm\u00e9s par arr\u00eat\u00e9. Ils ont rang de Sous-directeur d\u2019Administration Centrale.\n\n\t\t\t\t  <\/p>\n\t\t\t\t  \n\t\t\t\t<\/div>\n","protected":false},"excerpt":{"rendered":"<div class=\"pvc_clear\"><\/div>\n<p class=\"pvc_stats total_only \" data-element-id=\"4739\" style=\"\"><i class=\"pvc-stats-icon medium\" aria-hidden=\"true\"><svg aria-hidden=\"true\" focusable=\"false\" data-prefix=\"far\" data-icon=\"chart-bar\" role=\"img\" xmlns=\"http:\/\/www.w3.org\/2000\/svg\" viewBox=\"0 0 512 512\" class=\"svg-inline--fa fa-chart-bar fa-w-16 fa-2x\"><path fill=\"currentColor\" d=\"M396.8 352h22.4c6.4 0 12.8-6.4 12.8-12.8V108.8c0-6.4-6.4-12.8-12.8-12.8h-22.4c-6.4 0-12.8 6.4-12.8 12.8v230.4c0 6.4 6.4 12.8 12.8 12.8zm-192 0h22.4c6.4 0 12.8-6.4 12.8-12.8V140.8c0-6.4-6.4-12.8-12.8-12.8h-22.4c-6.4 0-12.8 6.4-12.8 12.8v198.4c0 6.4 6.4 12.8 12.8 12.8zm96 0h22.4c6.4 0 12.8-6.4 12.8-12.8V204.8c0-6.4-6.4-12.8-12.8-12.8h-22.4c-6.4 0-12.8 6.4-12.8 12.8v134.4c0 6.4 6.4 12.8 12.8 12.8zM496 400H48V80c0-8.84-7.16-16-16-16H16C7.16 64 0 71.16 0 80v336c0 17.67 14.33 32 32 32h464c8.84 0 16-7.16 16-16v-16c0-8.84-7.16-16-16-16zm-387.2-48h22.4c6.4 0 12.8-6.4 12.8-12.8v-70.4c0-6.4-6.4-12.8-12.8-12.8h-22.4c-6.4 0-12.8 6.4-12.8 12.8v70.4c0 6.4 6.4 12.8 12.8 12.8z\" class=\"\"><\/path><\/svg><\/i> &nbsp;387&nbsp;vues<\/p>\n<div class=\"pvc_clear\"><\/div>\n<p>&nbsp;387&nbsp;vues Les attributions de la Direction des Affaires Financi\u00e8res et du Patrimoine 1 &#8211; MISSIONS Conform\u00e9ment \u00e0 l\u2019article 6 du d\u00e9cret n\u00b0 2019-1010 du 04 D\u00e9cembre 2019 portant organisation du Minist\u00e8re de la Femme, de la Famille et de l&rsquo;Enfant, la Direction des Affaires Financi\u00e8res et du<\/p>\n","protected":false},"author":1,"featured_media":0,"parent":4731,"menu_order":0,"comment_status":"closed","ping_status":"closed","template":"page-PageTemplate3.php","meta":{"footnotes":""},"class_list":["post-4739","page","type-page","status-publish","hentry"],"_links":{"self":[{"href":"https:\/\/mffe.ci\/MFFE\/site_famille\/wp-json\/wp\/v2\/pages\/4739","targetHints":{"allow":["GET"]}}],"collection":[{"href":"https:\/\/mffe.ci\/MFFE\/site_famille\/wp-json\/wp\/v2\/pages"}],"about":[{"href":"https:\/\/mffe.ci\/MFFE\/site_famille\/wp-json\/wp\/v2\/types\/page"}],"author":[{"embeddable":true,"href":"https:\/\/mffe.ci\/MFFE\/site_famille\/wp-json\/wp\/v2\/users\/1"}],"replies":[{"embeddable":true,"href":"https:\/\/mffe.ci\/MFFE\/site_famille\/wp-json\/wp\/v2\/comments?post=4739"}],"version-history":[{"count":5,"href":"https:\/\/mffe.ci\/MFFE\/site_famille\/wp-json\/wp\/v2\/pages\/4739\/revisions"}],"predecessor-version":[{"id":5421,"href":"https:\/\/mffe.ci\/MFFE\/site_famille\/wp-json\/wp\/v2\/pages\/4739\/revisions\/5421"}],"up":[{"embeddable":true,"href":"https:\/\/mffe.ci\/MFFE\/site_famille\/wp-json\/wp\/v2\/pages\/4731"}],"wp:attachment":[{"href":"https:\/\/mffe.ci\/MFFE\/site_famille\/wp-json\/wp\/v2\/media?parent=4739"}],"curies":[{"name":"wp","href":"https:\/\/api.w.org\/{rel}","templated":true}]}}