{"id":4747,"date":"2021-11-10T17:22:22","date_gmt":"2021-11-10T16:22:22","guid":{"rendered":"https:\/\/mffe.ci\/MFFE\/site_famille\/?page_id=4747"},"modified":"2022-01-19T19:36:25","modified_gmt":"2022-01-19T18:36:25","slug":"service-de-coordination-des-structures-educatives-de-base-scseb","status":"publish","type":"page","link":"https:\/\/mffe.ci\/MFFE\/site_famille\/ministere\/services-et-directions-rattachees-au-cabinet\/service-de-coordination-des-structures-educatives-de-base-scseb\/","title":{"rendered":"Service de Coordination des Structures Educatives de Base (SCSEB)"},"content":{"rendered":"<div class=\"pvc_clear\"><\/div><p class=\"pvc_stats total_only \" data-element-id=\"4747\" style=\"\"><i class=\"pvc-stats-icon medium\" aria-hidden=\"true\"><svg aria-hidden=\"true\" focusable=\"false\" data-prefix=\"far\" data-icon=\"chart-bar\" role=\"img\" xmlns=\"http:\/\/www.w3.org\/2000\/svg\" viewBox=\"0 0 512 512\" class=\"svg-inline--fa fa-chart-bar fa-w-16 fa-2x\"><path fill=\"currentColor\" d=\"M396.8 352h22.4c6.4 0 12.8-6.4 12.8-12.8V108.8c0-6.4-6.4-12.8-12.8-12.8h-22.4c-6.4 0-12.8 6.4-12.8 12.8v230.4c0 6.4 6.4 12.8 12.8 12.8zm-192 0h22.4c6.4 0 12.8-6.4 12.8-12.8V140.8c0-6.4-6.4-12.8-12.8-12.8h-22.4c-6.4 0-12.8 6.4-12.8 12.8v198.4c0 6.4 6.4 12.8 12.8 12.8zm96 0h22.4c6.4 0 12.8-6.4 12.8-12.8V204.8c0-6.4-6.4-12.8-12.8-12.8h-22.4c-6.4 0-12.8 6.4-12.8 12.8v134.4c0 6.4 6.4 12.8 12.8 12.8zM496 400H48V80c0-8.84-7.16-16-16-16H16C7.16 64 0 71.16 0 80v336c0 17.67 14.33 32 32 32h464c8.84 0 16-7.16 16-16v-16c0-8.84-7.16-16-16-16zm-387.2-48h22.4c6.4 0 12.8-6.4 12.8-12.8v-70.4c0-6.4-6.4-12.8-12.8-12.8h-22.4c-6.4 0-12.8 6.4-12.8 12.8v70.4c0 6.4 6.4 12.8 12.8 12.8z\" class=\"\"><\/path><\/svg><\/i> &nbsp;863&nbsp;vues<\/p><div class=\"pvc_clear\"><\/div>\n<h5 class=\"wp-block-heading\">Service de Coordination des Structures Educatives de Base (SCSEB)<\/h5>\n\n\n\n<button class=\"collapsible\"> 1 &#8211; MISSIONS<\/button>\n\t\t\t\t<div class=\"content\">\n\t\t\t\t  <p>\n\t\t\t\t\t Conform\u00e9ment \u00e0 <strong> l\u2019article 12 du d\u00e9cret n\u00b0 2019-1010 du 04 D\u00e9cembre 2019 <\/strong> portant organisation du \n\t\t\t\tMinist\u00e8re de la Femme, de la Famille et de l&rsquo;Enfant, le Service de Coordination des Etablissements et Services \u00e0 Caract\u00e8re Social de Protection de la Petite Enfance et des Complexes Socio-\u00e9ducatifs est charg\u00e9 :  \n\t\t\t\t<ul>\n\t\t\t\t\t<li> de promouvoir, de d\u00e9velopper et de coordonner les activit\u00e9s concernant les structures de base que sont les Complexes Socio-\u00e9ducatifs, les Cr\u00e8ches, les Garderies, les Pouponni\u00e8res, les Haltes garderies, les Centres de Protection de la Petite Enfance et les Centres d\u2019Action Communautaire pour l\u2019Enfance ;<\/li>\n\t\t\t\t\t<li> de suivre, d&rsquo;\u00e9valuer les activit\u00e9s p\u00e9dagogiques et d&rsquo;en rendre compte ;<\/li>\n\t\t\t\t\t\n\t\t\t\t<\/ul>\n\t\t\t\tLe Service de Coordination des Etablissements et Services \u00e0 Caract\u00e8re Social de Protection de la Petite Enfance et des Complexes Socio-\u00e9ducatifs est dirig\u00e9 par un chef de Service nomm\u00e9 par arr\u00eat\u00e9. IL a rang de Sous-directeur d\u2019Administration Centrale.\n\t\t\t\t  <\/p>\n\t\t\t\t  \n\t\t\t\t<\/div>\n\n\n\n<p><strong>Arr\u00eat\u00e9 no 613\/MSFFE\/CAB du 24 novembre 2015 Portant organisation et fonctionnement des Etablissements et Services \u00e0 caract\u00e8re social de Protection de la Petite Enfance.<\/strong><\/p>\n\n\n\n<button class=\"collapsible\"> LE MINISTRE,<\/button>\n\t\t\t\t<div class=\"content\">\n\t\t\t\t\t<p>\n\t\t\t\t\t\t<strong> LE MINISTRE DE LA SOLIDARITE DE LA FAMILLE, DE LA FEMME ET DE L\u2019ENFANT,<\/strong> <br\/>\n\t\t\t\t\t\tVu la constitution ;<br\/>\n\t\t\t\t\t\tVu la convention des Nations-Unies relatives aux Droits de l\u2019Enfant ;<br\/>\n\t\t\t\t\t\tVu la Charte Africaine des Droits et du Bien Etre de l\u2019Enfant ;<br\/>\n\t\t\t\t\t\tVu les Directives des Nations Unies relatives \u00e0 la protection de remplacement pour les enfants de novembre 2009 ;<br\/>\n\t\t\t\t\t\tVu le d\u00e9cret no 91-814 du 11 d\u00e9cembre 1991 portant classification des \u00e9tablissements sanitaires et sociaux ;<br\/>\n\t\t\t\t\t\tVu le d\u00e9cret no 2012-1118 du 21 novembre 2012 portant nomination du Premier Ministre, Chef du Gouvernement ;<br\/>\n\t\t\t\t\t\tVu le d\u00e9cret 2012-1119 du 22 novembre 2012 portant nomination des membres du Gouvernement, tel que modifi\u00e9 par les d\u00e9crets no 2013-505 du 25 juillet 2013, no 2013-784, no 2013-785, no 2013-786 du 19 novembre 2013, no 2014-89 du 12 mars 2014, no 2015-334, no 2015-335 et no 2015-336 du 13 mai 2015 ;<br\/>\n\t\t\t\t\t\tVu le d\u00e9cret no 2013-506 du 25 juillet 2013 portant attributions des Membres du Gouvernement, tel que modifi\u00e9 par les d\u00e9crets no 2013-802 du 21 novembre 2013, no 2015-445, no 2015-446, no 2015-447, no 2015-447 et no 2015-449 du 24 juin 2015 ;<br\/>\n\t\t\t\t\t\tVu le d\u00e9cret no 2014-841 du 17 d\u00e9cembre 2014 portant organisation du Minist\u00e8re de la Solidarit\u00e9, de la Famille, de la Femme et de l\u2019Enfant,<br\/>\n\t\t\t\t\t\t<br\/>\n\t\t\t\t\t<\/p>\n\t\t\t\t\t<p class=\"\">\n\t\t\t        \t<center> \n\t\t\t        \t\t<strong>\n\t\t\t        \t\tARRETE :\n\t\t\t        \t\t<\/strong>\n\t\t\t        \t<\/center>\n\t\t\t\t\t\t\n\t\t\t\t\t<\/p>\n\t\t\t\t  \n\t\t\t\t<\/div>\n\n\n\n<button class=\"collapsible\"> CHAPITRE I : DISPOSITION GENERALES<\/button>\n\t\t\t\t<div class=\"content\">\n\t\t\t\t  <p>\n\t\t\t\t\t\t<STRONG>Article 1 :<\/STRONG> Le pr\u00e9sent arr\u00eat\u00e9 a pour objet de pr\u00e9ciser l\u2019organisation et le fonctionnement des Etablissements et Services \u00e0 caract\u00e8re social de Protection de la Petite Enfance. \n\t\t\t\t<\/p>\n\t\t\t\t<p >\n\t\t\t\t\t\n\t\t\t\t\t<STRONG>Article 2 :<\/STRONG>  Les Etablissements et Services \u00e0 caract\u00e8re social de Protection de la Petite Enfance sont des structures qui re\u00e7oivent les enfants de la tranche d\u2019\u00e2ge de 0 \u00e0 6 ans compris.<br\/>\n\t\t\t\t\tA ce titre,<br\/>\n\t\t\t\t\t<ul>\n\t\t\t\t\t<li> Ils concourent \u00e0 leur \u00e9panouissement physique, affectif, moral et cognitif en vue de permettre une meilleure r\u00e9ussite scolaire et sociale ;<\/li>\n\t\t\t\t\t<li> Ils favorisent l\u2019int\u00e9gration sociale des enfants ayant un handicap ou \u00e0 besoins sp\u00e9ciaux et veillent \u00e0 leur s\u00e9curit\u00e9 ;<\/li>\n\t\t\t\t\t<li> Ils apportent leur aide aux parents afin de leur permettre de concilier leur vie professionnelle et familiale.<\/li>\n\t\t\t\t\t\n\t\t\t\t<\/ul>\n\t\t\t\tCes \u00e9tablissements et structures assurent l\u2019accueil collectif non permanent d\u2019enfants. Ils peuvent assurer un multi accueil r\u00e9gulier et occasionnel.\n\t\t\t\t<\/p>\n\t\t\t\t\n\t\t\t\t<p>\n\t\t\t\t<STRONG>Article 3:<\/STRONG> Les Etablissements et Services \u00e0 caract\u00e8re social et Protection de la Petite Enfance comprennent les \u00e9tablissements et services publics, priv\u00e9s, semi priv\u00e9s, associatifs ou communautaires suivants :\n\t\t\t\t<ul>\n\t\t\t\t\t<li> Les Cr\u00e8ches ;<\/li>\n\t\t\t\t\t<li> Les Garderies ;<\/li>\n\t\t\t\t\t<li> Les Haltes-Garderies ;<\/li>\n\t\t\t\t\t<li> Les Centres de Protection de la Petite Enfance (CPPE) ;<\/li>\n\t\t\t\t\t<li> Les Centres d\u2019Action Communautaire pour l\u2019Enfance (CACE) ;<\/li>\n\t\t\t\t\t\n\t\t\t\t<\/ul>\n\t\t\t\t<\/p>\n\t\t\t\t  \n\t\t\t\t<\/div>\n\n\n\n<button class=\"collapsible\"> CHAPITRE II : ORGANISATION<\/button>\n\t\t\t\t<div class=\"content\">\n\t\t\t\t  <p>\n\t\t\t\t<STRONG>Article 4 :<\/STRONG> Les Etablissements et Services \u00e0 caract\u00e8re social et Protection de la Petite Enfance sont dirig\u00e9s par des Educateurs Pr\u00e9scolaires nomm\u00e9s par arr\u00eat\u00e9 du Ministre de tutelle.<br\/>\n\t\t\t\tLe Responsable est charg\u00e9 de la gestion administrative technique et financi\u00e8re de l\u2019Etablissement. Il en assure la repr\u00e9sentation.<br\/>\n\n\t\t\t\t<\/p>\n\t\t\t\t<p>\n\t\t\t\t\t<STRONG>Article 5 :<\/STRONG> Les Etablissements et Services \u00e0 caract\u00e8re social et Protection de la Petite Enfance comprennent en g\u00e9n\u00e9ral :\n\t\t\t\t\t<ul>\n\t\t\t\t\t\t<li> Un Service Administratif et Financier ;<\/li>\n\t\t\t\t\t\t<li> Un Service Educatif et P\u00e9dagogique.<\/li>\n\n\t\t\t\t\t<\/ul>\n\t\t\t\t\tLes Services sont dirig\u00e9s par des chefs de service nomm\u00e9s par le Responsable de l\u2019Etablissement.\n\t\t\t\t<\/p>\n\n\t\t\t\t<p>\n\t\t\t\t<STRONG>Article 6 :<\/STRONG> Le Service Administratif et Financier ex\u00e9cute, sur instruction du Responsable de l\u2019Etablissement, les activit\u00e9s de gestion administrative et financi\u00e8re des Etablissements et Services ci-dessus mentionn\u00e9s.<br\/>\n\t\t\t\tA ce titre, il est charg\u00e9 :\n\t\t\t\t<ul>\n\t\t\t\t\t<li> D\u2019assurer les t\u00e2ches administratives en faveur de la protection des enfants y admis ;<\/li>\n\t\t\t\t\t<li> D\u2019organiser les services de l\u2019Etablissement ;<\/li>\n\t\t\t\t\t<li> D\u2019\u00e9tablir et suivre les actes administratifs et les dossiers du personnel et des enfants ;<\/li>\n\t\t\t\t\t<li> D\u2019assurer la gestion du courrier ;<\/li>\n\t\t\t\t\t<li> D\u2019organiser les r\u00e9unions techniques du personnel ;<\/li>\n\t\t\t\t\t<li> De g\u00e9rer le personnel ;<\/li>\n\t\t\t\t\t<li> De constituer une base de donn\u00e9es sur le personnel ;<\/li>\n\t\t\t\t\t<li> D\u2019\u00e9laborer le projet du budget ;<\/li>\n\t\t\t\t\t<li> D\u2019ex\u00e9cuter le budget ;<\/li>\n\t\t\t\t\t<li> D\u2019\u00e9tablir le bilan comptable de chaque exercice ;<\/li>\n\t\t\t\t\t<li> De proc\u00e9der au paiement du personnel non fonctionnaire ;<\/li>\n\t\t\t\t\t<li> D\u2019\u00e9tablir le bilan comptable de chaque exercice. <\/li>\n\n\t\t\t\t<\/ul>\n\t\t\t\t<\/p>\n\t\t\t\t\n\t\t\t\t<p>\n\t\t\t\t<STRONG>Article 7 :<\/STRONG> Le Service Educatif et P\u00e9dagogique est charg\u00e9 :\n\t\t\t\t<ul>\n\t\t\t\t\t<li> De planifier les activit\u00e9s en fonction du th\u00e8me p\u00e9dagogique choisi ;<\/li>\n\t\t\t\t\t<li> De suivre et d\u2019\u00e9valuer les Projets p\u00e9dagogiques des diff\u00e9rentes unit\u00e9s ;<\/li>\n\t\t\t\t\t<li> De former, de coordonner et d\u2019\u00e9valuer les membres de l\u2019\u00e9quipe p\u00e9dagogique ;<\/li>\n\t\t\t\t\t<li> De r\u00e9aliser les activit\u00e9s d\u2019animation communautaire et de d\u00e9veloppement sociale ;<\/li>\n\t\t\t\t\t<li> D\u2019initier et superviser les activit\u00e9s r\u00e9cr\u00e9atives et de loisirs ;<\/li>\n\t\t\t\t\t<li> De r\u00e9diger le bilan annuel des activit\u00e9s.<\/li>\n\n\t\t\t\t<\/ul>\n\t\t\t\t<\/p>\n\t\t\t\t\n\t\t\t\t<p>\n\t\t\t\t<STRONG>Article 8 :<\/STRONG>  Le personnel d\u2019encadrement des Etablissements et Services \u00e0 caract\u00e8re social de Protection de la Petite Enfance est compos\u00e9 de Personnels fonctionnaires \u00e0 savoir :\n\t\t\t\t<ul>\n\t\t\t\t\t<li> Des Educateurs Pr\u00e9scolaires ;<\/li>\n\t\t\t\t\t<li> Des Educateurs Pr\u00e9scolaires Adjoints ;<\/li>\n\t\t\t\t\t<li> Des Ma\u00eetres d\u2019Education Sp\u00e9cialis\u00e9s ;<\/li>\n\t\t\t\t\t<li> Des Auxiliaires sociales ;<\/li>\n\t\t\t\t\t<li> Des Assistants sociaux ;<\/li>\n\t\t\t\t\t<li> Des Pu\u00e9ricultrices.<\/li>\n\n\t\t\t\t<\/ul>\n\t\t\t\t<\/p>\n\t\t\t\t\n\t\t\t\t<p>\n\t\t\t\t<STRONG>Article 9 :<\/STRONG> Le personnel des Etablissements et Services \u00e0 caract\u00e8re social de Protection de la Petite Enfance comprend \u00e9galement un personnel non fonctionnaire \u00e0 savoir :\n\t\t\t\t<ul>\n\t\t\t\t\t<li> Des Techniciens de surfaces ;<\/li>\n\t\t\t\t\t<li> Des Garderies ;<\/li>\n\t\t\t\t\t<li> Des Ouvriers ;<\/li>\n\t\t\t\t\t<li> Des Jardiniers ;<\/li>\n\t\t\t\t\t<li> Des Femmes de charge.<\/li>\n\n\t\t\t\t<\/ul>\n\t\t\t\tLe personnel non fonctionnaire recrut\u00e9 sur la base d\u2019un contrat de travail est plac\u00e9 sous l\u2019autorit\u00e9 du Responsable de la structure.\n\n\t\t\t\t<\/p>\n\t\t\t\t  \n\t\t\t\t<\/div>\n\n\n\n<button class=\"collapsible\"> CHAPITRE III : FONCTIONNEMENT<\/button>\n\t\t\t\t<div class=\"content\">\n\t\t\t\t  <STRONG>Article 10 :<\/STRONG>  Les Etablissements et Services \u00e0 caract\u00e8re social de Protection de la Petite Enfance ont une capacit\u00e9 d\u2019accueil de soixante places pour chaque unit\u00e9.\n\t\t\t\t<br\/>\n\t\t\t\tLa capacit\u00e9 globale de ces Etablissements ne peut \u00eatre sup\u00e9rieure \u00e0 deux cent enfants pour les trois unit\u00e9s.\n\t\t\t\t<\/p>\n\t\t\t\t\n\t\t\t\t<p>\n\t\t\t\t<STRONG>Article 11 :<\/STRONG>  Le ratio d\u2019encadrement personnel\/enfants se pr\u00e9sente comme suit :\n\t\t\t\t<ul>\n\t\t\t\t\t<li> CPPE et CACE : un Educateur pour trente enfants et un Auxiliaire pour vingt-cinq enfants ;<\/li>\n\t\t\t\t\t<li> Cr\u00e8ches : un Educateur pour huit enfants et Auxiliaire pour cinq enfants ;<\/li>\n\t\t\t\t\t<li> Garderie : un Educateur pour quinze enfants et un Auxiliaire pour dx enfants.<\/li>\n\n\t\t\t\t<\/ul>\n\t\t\t\t<\/p>\n\t\t\t\t\n\t\t\t\t<p>\n\t\t\t\t<STRONG>Article 12 :<\/STRONG>  Les Etablissements et Services \u00e0 caract\u00e8re social de Protection de la Petite Enfance fonctionne du lundi au vendredi, selon les horaires suivants :\n\t\t\t\t<ul>\n\t\t\t\t\t<li> CPPE et CACE :\n\t\t\t\t\t\t<ul> \n\t\t\t\t\t\t\t<li> Le matin : 08 heures \u2013 12 heures ;<\/li>\n\t\t\t\t\t\t\t<li> L\u2019apr\u00e8s-midi : 14heures 30 minutes \u2013 16 heures 30 minutes.<\/li>\n\t\t\t\t\t\t<\/ul>\n\t\t\t\t\t<\/li>\n\t\t\t\t\t<li> Cr\u00e8ches, Garderies et Halte-Garderie : Tous les jours de la semaine, de 08 heures \u00e0 17 heures 30 minutes.<\/li>\n\t\t\t\t<\/ul>\n\t\t\t\t<\/p>\n\t\t\t\t\n\t\t\t\t<p>\n\t\t\t\t<STRONG>Article 13 :<\/STRONG>  \n\t\t\t\tLes Etablissements et Services \u00e0 caract\u00e8re social de Protection de la Petite Enfance \u00e9tablissent un programme de permanence pendant les vacances scolaires.\n\t\t\t\t\n\t\t\t\t<\/p>\n\t\t\t\t<p>\n\n\t\t\t\t<STRONG>Article 14 :<\/STRONG>  \n\t\t\t\tLes Etablissements et Services \u00e0 caract\u00e8re social de Protection de la Petite Enfance sont dot\u00e9s de Comit\u00e9s de Parents d\u2019Enfants.<br\/>\n\t\t\t\tL\u2019organisation, les missions et le fonctionnement de ces comit\u00e9s sont d\u00e9termin\u00e9s par arr\u00eat\u00e9 du Minist\u00e8re en charge de l\u2019Enfant.\n\t\t\t\t<\/p>\n\t\t\t\t  \n\t\t\t\t<\/div>\n\n\n\n<button class=\"collapsible\"> CHAPITRE IV : DISPOSITION FINALE<\/button>\n\t\t\t\t<div class=\"content\">\n\t\t\t\t  <p>\n\t\t\t\t\t<strong>Article 15 :<\/strong>\n\t\t\t\t\tLe Directeur de Cabinet assure l\u2019ex\u00e9cution du pr\u00e9sent arr\u00eat\u00e9 qui prend effet \u00e0 compter de sa signature et sera publi\u00e9 au Journal de la R\u00e9publique de C\u00f4te d\u2019Ivoire.\n\t\t\t\t\t<\/p>\n\t\t\t\t  \n\t\t\t\t<\/div>\n","protected":false},"excerpt":{"rendered":"<div class=\"pvc_clear\"><\/div>\n<p class=\"pvc_stats total_only \" data-element-id=\"4747\" style=\"\"><i class=\"pvc-stats-icon medium\" aria-hidden=\"true\"><svg aria-hidden=\"true\" focusable=\"false\" data-prefix=\"far\" data-icon=\"chart-bar\" role=\"img\" xmlns=\"http:\/\/www.w3.org\/2000\/svg\" viewBox=\"0 0 512 512\" class=\"svg-inline--fa fa-chart-bar fa-w-16 fa-2x\"><path fill=\"currentColor\" d=\"M396.8 352h22.4c6.4 0 12.8-6.4 12.8-12.8V108.8c0-6.4-6.4-12.8-12.8-12.8h-22.4c-6.4 0-12.8 6.4-12.8 12.8v230.4c0 6.4 6.4 12.8 12.8 12.8zm-192 0h22.4c6.4 0 12.8-6.4 12.8-12.8V140.8c0-6.4-6.4-12.8-12.8-12.8h-22.4c-6.4 0-12.8 6.4-12.8 12.8v198.4c0 6.4 6.4 12.8 12.8 12.8zm96 0h22.4c6.4 0 12.8-6.4 12.8-12.8V204.8c0-6.4-6.4-12.8-12.8-12.8h-22.4c-6.4 0-12.8 6.4-12.8 12.8v134.4c0 6.4 6.4 12.8 12.8 12.8zM496 400H48V80c0-8.84-7.16-16-16-16H16C7.16 64 0 71.16 0 80v336c0 17.67 14.33 32 32 32h464c8.84 0 16-7.16 16-16v-16c0-8.84-7.16-16-16-16zm-387.2-48h22.4c6.4 0 12.8-6.4 12.8-12.8v-70.4c0-6.4-6.4-12.8-12.8-12.8h-22.4c-6.4 0-12.8 6.4-12.8 12.8v70.4c0 6.4 6.4 12.8 12.8 12.8z\" class=\"\"><\/path><\/svg><\/i> &nbsp;863&nbsp;vues<\/p>\n<div class=\"pvc_clear\"><\/div>\n<p>&nbsp;863&nbsp;vues Service de Coordination des Structures Educatives de Base (SCSEB) 1 &#8211; MISSIONS Conform\u00e9ment \u00e0 l\u2019article 12 du d\u00e9cret n\u00b0 2019-1010 du 04 D\u00e9cembre 2019 portant organisation du Minist\u00e8re de la Femme, de la Famille et de l&rsquo;Enfant, le Service de Coordination des Etablissements et Services \u00e0<\/p>\n","protected":false},"author":1,"featured_media":0,"parent":4731,"menu_order":0,"comment_status":"closed","ping_status":"closed","template":"page-PageTemplate3.php","meta":{"footnotes":""},"class_list":["post-4747","page","type-page","status-publish","hentry"],"_links":{"self":[{"href":"https:\/\/mffe.ci\/MFFE\/site_famille\/wp-json\/wp\/v2\/pages\/4747","targetHints":{"allow":["GET"]}}],"collection":[{"href":"https:\/\/mffe.ci\/MFFE\/site_famille\/wp-json\/wp\/v2\/pages"}],"about":[{"href":"https:\/\/mffe.ci\/MFFE\/site_famille\/wp-json\/wp\/v2\/types\/page"}],"author":[{"embeddable":true,"href":"https:\/\/mffe.ci\/MFFE\/site_famille\/wp-json\/wp\/v2\/users\/1"}],"replies":[{"embeddable":true,"href":"https:\/\/mffe.ci\/MFFE\/site_famille\/wp-json\/wp\/v2\/comments?post=4747"}],"version-history":[{"count":3,"href":"https:\/\/mffe.ci\/MFFE\/site_famille\/wp-json\/wp\/v2\/pages\/4747\/revisions"}],"predecessor-version":[{"id":5417,"href":"https:\/\/mffe.ci\/MFFE\/site_famille\/wp-json\/wp\/v2\/pages\/4747\/revisions\/5417"}],"up":[{"embeddable":true,"href":"https:\/\/mffe.ci\/MFFE\/site_famille\/wp-json\/wp\/v2\/pages\/4731"}],"wp:attachment":[{"href":"https:\/\/mffe.ci\/MFFE\/site_famille\/wp-json\/wp\/v2\/media?parent=4747"}],"curies":[{"name":"wp","href":"https:\/\/api.w.org\/{rel}","templated":true}]}}