{"id":4761,"date":"2021-11-10T17:32:39","date_gmt":"2021-11-10T16:32:39","guid":{"rendered":"https:\/\/mffe.ci\/MFFE\/site_famille\/?page_id=4761"},"modified":"2022-01-10T16:34:46","modified_gmt":"2022-01-10T15:34:46","slug":"cellule-de-lutte-contre-la-traite-lexploitation-et-le-travail-des-enfants-cltte","status":"publish","type":"page","link":"https:\/\/mffe.ci\/MFFE\/site_famille\/programmes-rattaches\/cellule-de-lutte-contre-la-traite-lexploitation-et-le-travail-des-enfants-cltte\/","title":{"rendered":"Cellule de Lutte Contre la Traite, l&rsquo;Exploitation et le Travail des Enfants (CLTTE)"},"content":{"rendered":"<div class=\"pvc_clear\"><\/div><p class=\"pvc_stats total_only \" data-element-id=\"4761\" style=\"\"><i class=\"pvc-stats-icon medium\" aria-hidden=\"true\"><svg aria-hidden=\"true\" focusable=\"false\" data-prefix=\"far\" data-icon=\"chart-bar\" role=\"img\" xmlns=\"http:\/\/www.w3.org\/2000\/svg\" viewBox=\"0 0 512 512\" class=\"svg-inline--fa fa-chart-bar fa-w-16 fa-2x\"><path fill=\"currentColor\" d=\"M396.8 352h22.4c6.4 0 12.8-6.4 12.8-12.8V108.8c0-6.4-6.4-12.8-12.8-12.8h-22.4c-6.4 0-12.8 6.4-12.8 12.8v230.4c0 6.4 6.4 12.8 12.8 12.8zm-192 0h22.4c6.4 0 12.8-6.4 12.8-12.8V140.8c0-6.4-6.4-12.8-12.8-12.8h-22.4c-6.4 0-12.8 6.4-12.8 12.8v198.4c0 6.4 6.4 12.8 12.8 12.8zm96 0h22.4c6.4 0 12.8-6.4 12.8-12.8V204.8c0-6.4-6.4-12.8-12.8-12.8h-22.4c-6.4 0-12.8 6.4-12.8 12.8v134.4c0 6.4 6.4 12.8 12.8 12.8zM496 400H48V80c0-8.84-7.16-16-16-16H16C7.16 64 0 71.16 0 80v336c0 17.67 14.33 32 32 32h464c8.84 0 16-7.16 16-16v-16c0-8.84-7.16-16-16-16zm-387.2-48h22.4c6.4 0 12.8-6.4 12.8-12.8v-70.4c0-6.4-6.4-12.8-12.8-12.8h-22.4c-6.4 0-12.8 6.4-12.8 12.8v70.4c0 6.4 6.4 12.8 12.8 12.8z\" class=\"\"><\/path><\/svg><\/i> &nbsp;282&nbsp;vues<\/p><div class=\"pvc_clear\"><\/div>\n<h5 class=\"wp-block-heading\">PR\u00c9SENTATION DE LA CLTETE<\/h5>\n\n\n\n<button class=\"collapsible\"> Contexte et Justification<\/button>\n\t\t\t\t<div class=\"content\">\n\t\t\t\t  <p>\n\t\t\t\t  \t <strong> La Cellule de Lutte contre la Traite, l\u2019Exploitation et Travail des   Enfant (  CLTETE ) <\/strong> a \u00e9t\u00e9  institu\u00e9e en aout 2013,  \n\t\t\t\t  \t par Arr\u00eate Minist\u00e9riel  pour  permettre au Minist\u00e8re de la  Solidarit\u00e9 de la Famille  et de la protection de l\u2019enfant d\u2019antan, \n\t\t\t\t  \t de prendre une part active dans la conduite des actions de lutte contre le ph\u00e9nom\u00e8ne de la traite et des   pires  formes de travail \n\t\t\t\t  \t des  enfants  au sein du <strong>(C I M) Comit\u00e9 interminist\u00e9riel<\/strong>. \n\t\t\t\t  \t<\/p>\n\t\t\t\t  <p>\n\t\t\t\t  \tElle est dirig\u00e9e par un  Administrateur de Protection de l\u2019Enfance de grade A4.  \n\t\t\t\t\tLa CLTETE  fait partie des structures ou services rattaches au Cabinet.\n\t\t\t\t  <\/p>\n\t\t\t\t  \n\t\t\t\t<\/div>\n\n\n\n<button class=\"collapsible\"> 1-\tMissons <\/button>\n\t\t\t\t<div class=\"content\">\n\t\t\t\t  <p> \n\t\t\t\t  \tL\u2019administrateur charg\u00e9 de la prise en charge des enfants victimes de traite et\/ou d\u2019exploitation,\n\t\t\t\t  \t organise les services de la Structure qu\u2019il administre, de mani\u00e8re \u00e0 assurer que ceux -ci soient fonctionnels et que les prestations minimum de prise en charge soient disponibles. \n\t\t\t\t  \t Elles seront dispens\u00e9es directement par ses services sp\u00e9cialis\u00e9s et\/ou avec le concours de leurs partenaires agr\u00e9\u00e9s. \n\t\t\t\t  \tLes prestations minimum sont :\n\t\t\t\t  \t<ul>\n\t\t\t\t  \t\t<li> Accueil, \u00e9coute, ouverture de dossier ; <\/li>\n\t\t\t\t  \t\t<li> R\u00e9f\u00e9rence \u00e0 l\u2019h\u00e9bergement d\u2019urgence si n\u00e9cessaire et suivi de la r\u00e9f\u00e9rence ; <\/li>\n\t\t\t\t  \t\t<li> R\u00e9f\u00e9rence aux soins d\u2019urgence, si n\u00e9cessaire, et suivi de la r\u00e9f\u00e9rence ; <\/li>\n\t\t\t\t  \t\t<li> Recherche de la famille, si n\u00e9cessaire, en collaboration avec la Police\/Gendarmerie et toute autre organisation pouvant collaborer ; <\/li>\n\t\t\t\t  \t\t<li> Etude personnelle et sociale ; <\/li>\n\t\t\t\t  \t\t<li> D\u00e9termination d\u2019un plan de prise en charge\/gestion du cas (\u00e9crit) en concertation avec l\u2019enfant et ses responsables, comprenant des actions parmi lesquelles : \n\t\t\t\t  \t\t\t<ul>\n\t\t\t\t  \t\t\t\t<li> l\u2019accompagnement m\u00e9dical et la r\u00e9alisation d\u2019expertises ; <\/li>\n\t\t\t\t  \t\t\t\t<li> la m\u00e9diation familiale ; <\/li>\n\t\t\t\t  \t\t\t\t<li> la r\u00e9int\u00e9gration familiale ;<\/li>\n\t\t\t\t  \t\t\t\t<li> le placement provisoire de l\u2019enfant ;<\/li>\n\t\t\t\t  \t\t\t\t<li> le conseil juridique ;<\/li>\n\t\t\t\t  \t\t\t\t<li> la r\u00e9f\u00e9rence : \n\t\t\t\t\t\t\t\t\tPrise en charge psychoth\u00e9rapeutique, psychiatrique, et de sant\u00e9 mentale \n\t\t\t\t\t\t\t\t\tServices d\u2019assistance juridique; \n\t\t\t\t\t\t\t\t<\/li>\n\t\t\t\t  \t\t\t<\/ul>\n\t\t\t\t  \t\t<\/li>\n\t\t\t\t  \t\t<li> Mise en oeuvre des mesures\/actions pr\u00e9vues dans le plan de prise en charge\/gestion du cas ; <\/li>\n\t\t\t\t  \t\t<li> Suivi et \u00e9valuation ; <\/li>\n\t\t\t\t  \t\t<li> Cl\u00f4ture du dossier.<\/li>\n\t\t\t\t  \t<\/ul>\n\t\t\t\t  <\/p>\n\t\t\t\t<\/div>\n\n\n\n<button class=\"collapsible\">2-\tObjectif strat\u00e9gique de la prise en charge  <\/a><\/button>\n\t\t\t\t<div class=\"content\">\n\t\t\t\t\tAssurer une assistance ad\u00e9quate aux enfants victimes et \u00e0 leurs familles.\n\n\t\t\t\t<\/div>\n\n\n\n<button class=\"collapsible\"> 3-\tR\u00e9sultats strat\u00e9giques <\/a><\/button>\n\t\t\t\t<div class=\"content\">\n\t\t\t\t  <p> \n\t\t\t\t  \tles cas de violence ou d\u2019exploitation touchant l\u2019enfant sont effectivement pris en charge par les services comp\u00e9tents de la Cellule\n\t\t\t\t\tChaque cas identifi\u00e9 et \/ou port\u00e9 \u00e0 la connaissance de la cellule par le signalement, la plainte, et la d\u00e9nonciation,  fait l\u2019objet d\u2019\u00e9valuation rapide en vue d\u2019une prise en charge  assur\u00e9e par les services  sp\u00e9cialis\u00e9s\n\t\t\t\t\t\n\t\t\t\t\t<\/p>\n\t\t\t\t<\/div>\n\n\n\n\n<button class=\"collapsible\"> 4-\tLa prise en charge <\/a><\/button>\n\t\t\t\t<div class=\"content\">\n\t\t\t\t  <p> \n\t\t\t\t  \tLa prise en charge  vise \u00e0 assurer la s\u00e9curisation, la r\u00e9cup\u00e9ration physique et \u00e9motionnelle de l\u2019enfant, ainsi que le r\u00e9tablissement d\u2019une dynamique familiale saine et la stabilisation de la situation sociale. \n\t\t\t\t  \tElle tien toujours compte de son environnement familial, afin  d\u2019apporter la r\u00e9ponse la plus appropri\u00e9e au cas de la victime, tout en sauvegardant et en renfor\u00e7ant \n\t\t\t\t  \tles liens familiaux et communautaires : une intervention au titre de la protection de l\u2019enfant ne devrait jamais provoquer le rel\u00e2chement des liens familiaux ou la d\u00e9mission des parents et de la communaut\u00e9 par rapport \u00e0 l\u2019enfant.\n\t\t\t\t  \t<\/p>\n\t\t\t\t<\/div>\n\n\n\n<button class=\"collapsible\"> L\u2019entr\u00e9e dans le syst\u00e8me de prise en charge  <\/a><\/button>\n\t\t\t\t<div class=\"content\"> \n\t\t\t\t  <p>\n\t\t\t\t  \tLes cas d\u2019enfants victimes de traite ou d\u2019exploitation sont souvent identifi\u00e9s et r\u00e9f\u00e9r\u00e9s :\n\t\t\t\t  \t<ul>\n\t\t\t\t  \t\t<li>  par les services de sant\u00e9 qui re\u00e7oivent l\u2019enfant pour lui dispenser des soins ; <\/li>\n\t\t\t\t  \t\t<li> <strong> par les services de s\u00e9curit\u00e9 et justice \u00e0 travers la plainte de la part des parents \/ou responsables, la d\u00e9nonciation de la part de tiers ou la d\u00e9tection au cours de leurs activit\u00e9s de routine <\/strong> ;<\/li>\n\t\t\t\t  \t\t<li> par les services sociaux en g\u00e9n\u00e9ral et les services charg\u00e9s de la protection de l\u2019enfant, qui re\u00e7oivent directement la\/les personne(s) concern\u00e9e(s), \n\t\t\t\t  \t\t\t\tqui re\u00e7oivent le signalement ou qui d\u00e9tectent le cas par les modalit\u00e9s de d\u00e9tection ; <\/li>\n\t\t\t\t  \t\t<li> par les \u00e9tablissements scolaires qui d\u00e9tectent les signes de maltraitance, abus et exploitation et alertent les autorit\u00e9s administratives de protection de l\u2019enfant et\/ou les services de s\u00e9curit\u00e9 et justice ; <\/li>\n\t\t\t\t  \t\t<li> <strong> Par tous autres services et modalit\u00e9s de d\u00e9tection et de signalement<\/strong>.<\/li>\n\t\t\t\t\t<\/ul>\n\t\t\t\t   <\/p>\n\t\t\t\t<\/div>\n\n\n\n<button class=\"collapsible\"> Processus de prise en charge  <\/a><\/button>\n\t\t\t\t<div class=\"content\">\n\t\t\t\t  <p>\n\t\t\t\t\tLe processus de prise en charge vise la mise \u00e0 l\u2019abri de la victime et \n\t\t\t\t\tla r\u00e9cup\u00e9ration d\u2019un \u00e9tat suffisant de bien-\u00eatre physique et psychologique, par la mise en place d\u2019une assistance ad\u00e9quate.\n\t\t\t\t\t<\/p>\n\t\t\t\t\t<p>\n\t\t\t\t\t\tLa Structure publique de protection de l\u2019enfant (la CLTETE)  est responsable de la prise en charge de tous les cas de violences, \n\t\t\t\t\t\td\u2019abus et d\u2019exploitations quelles qu\u2019en soient les formes, jusqu\u2019\u00e0 leur compl\u00e8te r\u00e9solution. \n\t\t\t\t\t<\/p>\n\t\t\t\t\t<p> A la suite de la d\u00e9tection ou du signalement simple, les services Sp\u00e9cialis\u00e9s de l\u2019enfant \n\t\t\t\t\t\tauront l\u2019obligation de s\u2019occuper du cas, jusqu\u2019\u00e0 l\u2019obtention d\u2019un r\u00e9sultat positif pour \n\t\t\t\t\t\tl\u2019enfant et sa famille.\n\t\t\t\t\t<p> \n\t\t\t\t\t\tLe responsable du service comp\u00e9tent, r\u00e9pond aux autorit\u00e9s sup\u00e9rieures quant \u00e0 l\u2019atteinte de ce r\u00e9sultat.\n\t\t\t\t\t<\/p>\n\t\t\t\t\t\t<p>\n\t\t\t\t\t\tLe processus de prise en charge\/d\u2019accompagnement peut \u00eatre long et laborieux, dans la mesure o\u00f9 il d\u00e9pend de la profondeur du traumatisme et des dynamiques familiales en place. \n\t\t\t\t\t\tLa prise en charge ne parviendra \u00e0 son terme qu\u2019avec la mise hors de danger, la stabilisation \u00e9motionnelle et la normalisation des conditions de vie de l\u2019enfant au sein de son milieu familial.\n\t\t\t\t\t<\/p>\n\t\t\t\t<\/div>\n","protected":false},"excerpt":{"rendered":"<div class=\"pvc_clear\"><\/div>\n<p class=\"pvc_stats total_only \" data-element-id=\"4761\" style=\"\"><i class=\"pvc-stats-icon medium\" aria-hidden=\"true\"><svg aria-hidden=\"true\" focusable=\"false\" data-prefix=\"far\" data-icon=\"chart-bar\" role=\"img\" xmlns=\"http:\/\/www.w3.org\/2000\/svg\" viewBox=\"0 0 512 512\" class=\"svg-inline--fa fa-chart-bar fa-w-16 fa-2x\"><path fill=\"currentColor\" d=\"M396.8 352h22.4c6.4 0 12.8-6.4 12.8-12.8V108.8c0-6.4-6.4-12.8-12.8-12.8h-22.4c-6.4 0-12.8 6.4-12.8 12.8v230.4c0 6.4 6.4 12.8 12.8 12.8zm-192 0h22.4c6.4 0 12.8-6.4 12.8-12.8V140.8c0-6.4-6.4-12.8-12.8-12.8h-22.4c-6.4 0-12.8 6.4-12.8 12.8v198.4c0 6.4 6.4 12.8 12.8 12.8zm96 0h22.4c6.4 0 12.8-6.4 12.8-12.8V204.8c0-6.4-6.4-12.8-12.8-12.8h-22.4c-6.4 0-12.8 6.4-12.8 12.8v134.4c0 6.4 6.4 12.8 12.8 12.8zM496 400H48V80c0-8.84-7.16-16-16-16H16C7.16 64 0 71.16 0 80v336c0 17.67 14.33 32 32 32h464c8.84 0 16-7.16 16-16v-16c0-8.84-7.16-16-16-16zm-387.2-48h22.4c6.4 0 12.8-6.4 12.8-12.8v-70.4c0-6.4-6.4-12.8-12.8-12.8h-22.4c-6.4 0-12.8 6.4-12.8 12.8v70.4c0 6.4 6.4 12.8 12.8 12.8z\" class=\"\"><\/path><\/svg><\/i> &nbsp;282&nbsp;vues<\/p>\n<div class=\"pvc_clear\"><\/div>\n<p>&nbsp;282&nbsp;vues PR\u00c9SENTATION DE LA CLTETE Contexte et Justification La Cellule de Lutte contre la Traite, l\u2019Exploitation et Travail des Enfant ( CLTETE ) a \u00e9t\u00e9 institu\u00e9e en aout 2013, par Arr\u00eate Minist\u00e9riel pour permettre au Minist\u00e8re de la Solidarit\u00e9 de la Famille et de la protection de<\/p>\n","protected":false},"author":1,"featured_media":0,"parent":4749,"menu_order":0,"comment_status":"closed","ping_status":"closed","template":"page-PageTemplate3.php","meta":{"footnotes":""},"class_list":["post-4761","page","type-page","status-publish","hentry"],"_links":{"self":[{"href":"https:\/\/mffe.ci\/MFFE\/site_famille\/wp-json\/wp\/v2\/pages\/4761","targetHints":{"allow":["GET"]}}],"collection":[{"href":"https:\/\/mffe.ci\/MFFE\/site_famille\/wp-json\/wp\/v2\/pages"}],"about":[{"href":"https:\/\/mffe.ci\/MFFE\/site_famille\/wp-json\/wp\/v2\/types\/page"}],"author":[{"embeddable":true,"href":"https:\/\/mffe.ci\/MFFE\/site_famille\/wp-json\/wp\/v2\/users\/1"}],"replies":[{"embeddable":true,"href":"https:\/\/mffe.ci\/MFFE\/site_famille\/wp-json\/wp\/v2\/comments?post=4761"}],"version-history":[{"count":2,"href":"https:\/\/mffe.ci\/MFFE\/site_famille\/wp-json\/wp\/v2\/pages\/4761\/revisions"}],"predecessor-version":[{"id":5225,"href":"https:\/\/mffe.ci\/MFFE\/site_famille\/wp-json\/wp\/v2\/pages\/4761\/revisions\/5225"}],"up":[{"embeddable":true,"href":"https:\/\/mffe.ci\/MFFE\/site_famille\/wp-json\/wp\/v2\/pages\/4749"}],"wp:attachment":[{"href":"https:\/\/mffe.ci\/MFFE\/site_famille\/wp-json\/wp\/v2\/media?parent=4761"}],"curies":[{"name":"wp","href":"https:\/\/api.w.org\/{rel}","templated":true}]}}