{"id":4773,"date":"2021-11-10T17:41:34","date_gmt":"2021-11-10T16:41:34","guid":{"rendered":"https:\/\/mffe.ci\/MFFE\/site_famille\/?page_id=4773"},"modified":"2022-01-11T20:18:19","modified_gmt":"2022-01-11T19:18:19","slug":"communiques","status":"publish","type":"page","link":"https:\/\/mffe.ci\/MFFE\/site_famille\/document-dinteret-public\/communiques\/","title":{"rendered":"Communiqu\u00e9s"},"content":{"rendered":"<div class=\"pvc_clear\"><\/div><p class=\"pvc_stats total_only \" data-element-id=\"4773\" style=\"\"><i class=\"pvc-stats-icon medium\" aria-hidden=\"true\"><svg aria-hidden=\"true\" focusable=\"false\" data-prefix=\"far\" data-icon=\"chart-bar\" role=\"img\" xmlns=\"http:\/\/www.w3.org\/2000\/svg\" viewBox=\"0 0 512 512\" class=\"svg-inline--fa fa-chart-bar fa-w-16 fa-2x\"><path fill=\"currentColor\" d=\"M396.8 352h22.4c6.4 0 12.8-6.4 12.8-12.8V108.8c0-6.4-6.4-12.8-12.8-12.8h-22.4c-6.4 0-12.8 6.4-12.8 12.8v230.4c0 6.4 6.4 12.8 12.8 12.8zm-192 0h22.4c6.4 0 12.8-6.4 12.8-12.8V140.8c0-6.4-6.4-12.8-12.8-12.8h-22.4c-6.4 0-12.8 6.4-12.8 12.8v198.4c0 6.4 6.4 12.8 12.8 12.8zm96 0h22.4c6.4 0 12.8-6.4 12.8-12.8V204.8c0-6.4-6.4-12.8-12.8-12.8h-22.4c-6.4 0-12.8 6.4-12.8 12.8v134.4c0 6.4 6.4 12.8 12.8 12.8zM496 400H48V80c0-8.84-7.16-16-16-16H16C7.16 64 0 71.16 0 80v336c0 17.67 14.33 32 32 32h464c8.84 0 16-7.16 16-16v-16c0-8.84-7.16-16-16-16zm-387.2-48h22.4c6.4 0 12.8-6.4 12.8-12.8v-70.4c0-6.4-6.4-12.8-12.8-12.8h-22.4c-6.4 0-12.8 6.4-12.8 12.8v70.4c0 6.4 6.4 12.8 12.8 12.8z\" class=\"\"><\/path><\/svg><\/i> &nbsp;686&nbsp;vues<\/p><div class=\"pvc_clear\"><\/div>\n<h5 class=\"wp-block-heading\">COMMUNIQU\u00c9S<\/h5>\n\n\n\n<figure class=\"wp-block-table is-style-regular\"><table><tbody><tr><td><strong>Titre document<\/strong><\/td><td><strong>Description du document<\/strong><\/td><td><strong>Voir<\/strong><\/td><\/tr><tr><td><strong>Note d&rsquo;information &#8211; Renforcement de capacit\u00e9s des nouveaux agents<\/strong><\/td><td>Note d&rsquo;information &#8211; Renforcement de capacit\u00e9s des nouveaux agents du Minist\u00e8re de la Femme, de la Famille et de l&rsquo;Enfant.<\/td><td><a href=\"https:\/\/mffe.ci\/MFFE\/site_famille\/wp-content\/uploads\/2022\/01\/Note_Info_2940_MFFE_DRH_2020.pdf\" data-type=\"URL\" data-id=\"https:\/\/mffe.ci\/MFFE\/site_famille\/wp-content\/uploads\/2022\/01\/Note_Info_2940_MFFE_DRH_2020.pdf\" target=\"_blank\" rel=\"noreferrer noopener\">T\u00e9l\u00e9charger le document<\/a><\/td><\/tr><tr><td><strong>Appel \u00e0 projets de l&rsquo;Organisation de la Coop\u00e9ration Islamique (OCI)<\/strong><\/td><td>L&rsquo;Organisation de la Coop\u00e9ration Islamique (OCI) invite les Etats Membres \u00e0 soumettre les Termes de R\u00e9f\u00e9rences de projets de leur choix<\/td><td><a href=\"https:\/\/mffe.ci\/MFFE\/site_famille\/wp-content\/uploads\/2022\/01\/Note_service_MFFE_0933_2021.pdf\" data-type=\"URL\" data-id=\"https:\/\/mffe.ci\/MFFE\/site_famille\/wp-content\/uploads\/2022\/01\/Note_service_MFFE_0933_2021.pdf\" target=\"_blank\" rel=\"noreferrer noopener\">T\u00e9l\u00e9charger le document<\/a><\/td><\/tr><tr><td><strong>CONDITION ET PROCEDURE DE DELIVRANCES D\u2019AUTORISATION DE CREATION DES ETABLISSEMENTS ASSOCIES AU SERVICE PUBLIC DE LA PROMOTION ET DE LA PROTECTION DE LA FEMME, DE LA FAMILLE ET DE L\u2019ENFANT<\/strong><\/td><td>CONDITION ET PROCEDURE DE DELIVRANCES D\u2019AUTORISATION DE CREATION DES ETABLISSEMENTS ASSOCIES AU SERVICE PUBLIC DE LA PROMOTION ET DE LA PROTECTION DE LA FEMME, DE LA FAMILLE ET DE L\u2019ENFANT<\/td><td><a href=\"https:\/\/mffe.ci\/MFFE\/site_famille\/wp-content\/uploads\/2022\/01\/Procedure_delivrance_creation_etablissement.pdf\" data-type=\"URL\" data-id=\"https:\/\/mffe.ci\/MFFE\/site_famille\/wp-content\/uploads\/2022\/01\/Procedure_delivrance_creation_etablissement.pdf\" target=\"_blank\" rel=\"noreferrer noopener\">T\u00e9l\u00e9charger le document<\/a><\/td><\/tr><tr><td><\/td><td><\/td><td><\/td><\/tr><tr><td><\/td><td><\/td><td><\/td><\/tr><\/tbody><\/table><\/figure>\n","protected":false},"excerpt":{"rendered":"<div class=\"pvc_clear\"><\/div>\n<p class=\"pvc_stats total_only \" data-element-id=\"4773\" style=\"\"><i class=\"pvc-stats-icon medium\" aria-hidden=\"true\"><svg aria-hidden=\"true\" focusable=\"false\" data-prefix=\"far\" data-icon=\"chart-bar\" role=\"img\" xmlns=\"http:\/\/www.w3.org\/2000\/svg\" viewBox=\"0 0 512 512\" class=\"svg-inline--fa fa-chart-bar fa-w-16 fa-2x\"><path fill=\"currentColor\" d=\"M396.8 352h22.4c6.4 0 12.8-6.4 12.8-12.8V108.8c0-6.4-6.4-12.8-12.8-12.8h-22.4c-6.4 0-12.8 6.4-12.8 12.8v230.4c0 6.4 6.4 12.8 12.8 12.8zm-192 0h22.4c6.4 0 12.8-6.4 12.8-12.8V140.8c0-6.4-6.4-12.8-12.8-12.8h-22.4c-6.4 0-12.8 6.4-12.8 12.8v198.4c0 6.4 6.4 12.8 12.8 12.8zm96 0h22.4c6.4 0 12.8-6.4 12.8-12.8V204.8c0-6.4-6.4-12.8-12.8-12.8h-22.4c-6.4 0-12.8 6.4-12.8 12.8v134.4c0 6.4 6.4 12.8 12.8 12.8zM496 400H48V80c0-8.84-7.16-16-16-16H16C7.16 64 0 71.16 0 80v336c0 17.67 14.33 32 32 32h464c8.84 0 16-7.16 16-16v-16c0-8.84-7.16-16-16-16zm-387.2-48h22.4c6.4 0 12.8-6.4 12.8-12.8v-70.4c0-6.4-6.4-12.8-12.8-12.8h-22.4c-6.4 0-12.8 6.4-12.8 12.8v70.4c0 6.4 6.4 12.8 12.8 12.8z\" class=\"\"><\/path><\/svg><\/i> &nbsp;686&nbsp;vues<\/p>\n<div class=\"pvc_clear\"><\/div>\n<p>&nbsp;686&nbsp;vues COMMUNIQU\u00c9S Titre document Description du document Voir Note d&rsquo;information &#8211; Renforcement de capacit\u00e9s des nouveaux agents Note d&rsquo;information &#8211; Renforcement de capacit\u00e9s des nouveaux agents du Minist\u00e8re de la Femme, de la Famille et de l&rsquo;Enfant. T\u00e9l\u00e9charger le document Appel \u00e0 projets de l&rsquo;Organisation de la<\/p>\n","protected":false},"author":1,"featured_media":0,"parent":4765,"menu_order":0,"comment_status":"closed","ping_status":"closed","template":"","meta":{"footnotes":""},"class_list":["post-4773","page","type-page","status-publish","hentry"],"_links":{"self":[{"href":"https:\/\/mffe.ci\/MFFE\/site_famille\/wp-json\/wp\/v2\/pages\/4773","targetHints":{"allow":["GET"]}}],"collection":[{"href":"https:\/\/mffe.ci\/MFFE\/site_famille\/wp-json\/wp\/v2\/pages"}],"about":[{"href":"https:\/\/mffe.ci\/MFFE\/site_famille\/wp-json\/wp\/v2\/types\/page"}],"author":[{"embeddable":true,"href":"https:\/\/mffe.ci\/MFFE\/site_famille\/wp-json\/wp\/v2\/users\/1"}],"replies":[{"embeddable":true,"href":"https:\/\/mffe.ci\/MFFE\/site_famille\/wp-json\/wp\/v2\/comments?post=4773"}],"version-history":[{"count":4,"href":"https:\/\/mffe.ci\/MFFE\/site_famille\/wp-json\/wp\/v2\/pages\/4773\/revisions"}],"predecessor-version":[{"id":5278,"href":"https:\/\/mffe.ci\/MFFE\/site_famille\/wp-json\/wp\/v2\/pages\/4773\/revisions\/5278"}],"up":[{"embeddable":true,"href":"https:\/\/mffe.ci\/MFFE\/site_famille\/wp-json\/wp\/v2\/pages\/4765"}],"wp:attachment":[{"href":"https:\/\/mffe.ci\/MFFE\/site_famille\/wp-json\/wp\/v2\/media?parent=4773"}],"curies":[{"name":"wp","href":"https:\/\/api.w.org\/{rel}","templated":true}]}}