{"id":4779,"date":"2021-11-10T17:44:19","date_gmt":"2021-11-10T16:44:19","guid":{"rendered":"https:\/\/mffe.ci\/MFFE\/site_famille\/?page_id=4779"},"modified":"2022-01-11T20:40:02","modified_gmt":"2022-01-11T19:40:02","slug":"dons-et-legs","status":"publish","type":"page","link":"https:\/\/mffe.ci\/MFFE\/site_famille\/document-dinteret-public\/dons-et-legs\/","title":{"rendered":"Dons et legs"},"content":{"rendered":"<div class=\"pvc_clear\"><\/div><p class=\"pvc_stats total_only \" data-element-id=\"4779\" style=\"\"><i class=\"pvc-stats-icon medium\" aria-hidden=\"true\"><svg aria-hidden=\"true\" focusable=\"false\" data-prefix=\"far\" data-icon=\"chart-bar\" role=\"img\" xmlns=\"http:\/\/www.w3.org\/2000\/svg\" viewBox=\"0 0 512 512\" class=\"svg-inline--fa fa-chart-bar fa-w-16 fa-2x\"><path fill=\"currentColor\" d=\"M396.8 352h22.4c6.4 0 12.8-6.4 12.8-12.8V108.8c0-6.4-6.4-12.8-12.8-12.8h-22.4c-6.4 0-12.8 6.4-12.8 12.8v230.4c0 6.4 6.4 12.8 12.8 12.8zm-192 0h22.4c6.4 0 12.8-6.4 12.8-12.8V140.8c0-6.4-6.4-12.8-12.8-12.8h-22.4c-6.4 0-12.8 6.4-12.8 12.8v198.4c0 6.4 6.4 12.8 12.8 12.8zm96 0h22.4c6.4 0 12.8-6.4 12.8-12.8V204.8c0-6.4-6.4-12.8-12.8-12.8h-22.4c-6.4 0-12.8 6.4-12.8 12.8v134.4c0 6.4 6.4 12.8 12.8 12.8zM496 400H48V80c0-8.84-7.16-16-16-16H16C7.16 64 0 71.16 0 80v336c0 17.67 14.33 32 32 32h464c8.84 0 16-7.16 16-16v-16c0-8.84-7.16-16-16-16zm-387.2-48h22.4c6.4 0 12.8-6.4 12.8-12.8v-70.4c0-6.4-6.4-12.8-12.8-12.8h-22.4c-6.4 0-12.8 6.4-12.8 12.8v70.4c0 6.4 6.4 12.8 12.8 12.8z\" class=\"\"><\/path><\/svg><\/i> &nbsp;654&nbsp;vues<\/p><div class=\"pvc_clear\"><\/div>\n<h5 class=\"wp-block-heading\">DONS ET LEGS<\/h5>\n\n\n\n<figure class=\"wp-block-table\"><table><tbody><tr><td><strong>Titre document<\/strong><\/td><td><strong>Description du document<\/strong><\/td><td><strong>Voir<\/strong><\/td><\/tr><tr><td><strong>Dons de la Turquie aux pensionnaires des Orphelinats et pouponni\u00e8res<\/strong><\/td><td>Dons de la Turquie aux pensionnaires des Orphelinats et pouponni\u00e8res de C\u00f4te d&rsquo;Ivoire<\/td><td><a href=\"https:\/\/mffe.ci\/MFFE\/site_famille\/wp-content\/uploads\/2022\/01\/Don_de_la_Turqui.pdf\" data-type=\"URL\" data-id=\"https:\/\/mffe.ci\/MFFE\/site_famille\/wp-content\/uploads\/2022\/01\/Don_de_la_Turqui.pdf\" target=\"_blank\" rel=\"noreferrer noopener\">T\u00e9l\u00e9charger le document<\/a><\/td><\/tr><tr><td><\/td><td><\/td><td><\/td><\/tr><\/tbody><\/table><\/figure>\n","protected":false},"excerpt":{"rendered":"<div class=\"pvc_clear\"><\/div>\n<p class=\"pvc_stats total_only \" data-element-id=\"4779\" style=\"\"><i class=\"pvc-stats-icon medium\" aria-hidden=\"true\"><svg aria-hidden=\"true\" focusable=\"false\" data-prefix=\"far\" data-icon=\"chart-bar\" role=\"img\" xmlns=\"http:\/\/www.w3.org\/2000\/svg\" viewBox=\"0 0 512 512\" class=\"svg-inline--fa fa-chart-bar fa-w-16 fa-2x\"><path fill=\"currentColor\" d=\"M396.8 352h22.4c6.4 0 12.8-6.4 12.8-12.8V108.8c0-6.4-6.4-12.8-12.8-12.8h-22.4c-6.4 0-12.8 6.4-12.8 12.8v230.4c0 6.4 6.4 12.8 12.8 12.8zm-192 0h22.4c6.4 0 12.8-6.4 12.8-12.8V140.8c0-6.4-6.4-12.8-12.8-12.8h-22.4c-6.4 0-12.8 6.4-12.8 12.8v198.4c0 6.4 6.4 12.8 12.8 12.8zm96 0h22.4c6.4 0 12.8-6.4 12.8-12.8V204.8c0-6.4-6.4-12.8-12.8-12.8h-22.4c-6.4 0-12.8 6.4-12.8 12.8v134.4c0 6.4 6.4 12.8 12.8 12.8zM496 400H48V80c0-8.84-7.16-16-16-16H16C7.16 64 0 71.16 0 80v336c0 17.67 14.33 32 32 32h464c8.84 0 16-7.16 16-16v-16c0-8.84-7.16-16-16-16zm-387.2-48h22.4c6.4 0 12.8-6.4 12.8-12.8v-70.4c0-6.4-6.4-12.8-12.8-12.8h-22.4c-6.4 0-12.8 6.4-12.8 12.8v70.4c0 6.4 6.4 12.8 12.8 12.8z\" class=\"\"><\/path><\/svg><\/i> &nbsp;654&nbsp;vues<\/p>\n<div class=\"pvc_clear\"><\/div>\n<p>&nbsp;654&nbsp;vues DONS ET LEGS Titre document Description du document Voir Dons de la Turquie aux pensionnaires des Orphelinats et pouponni\u00e8res Dons de la Turquie aux pensionnaires des Orphelinats et pouponni\u00e8res de C\u00f4te d&rsquo;Ivoire T\u00e9l\u00e9charger le document<\/p>\n","protected":false},"author":1,"featured_media":0,"parent":4765,"menu_order":0,"comment_status":"closed","ping_status":"closed","template":"","meta":{"footnotes":""},"class_list":["post-4779","page","type-page","status-publish","hentry"],"_links":{"self":[{"href":"https:\/\/mffe.ci\/MFFE\/site_famille\/wp-json\/wp\/v2\/pages\/4779","targetHints":{"allow":["GET"]}}],"collection":[{"href":"https:\/\/mffe.ci\/MFFE\/site_famille\/wp-json\/wp\/v2\/pages"}],"about":[{"href":"https:\/\/mffe.ci\/MFFE\/site_famille\/wp-json\/wp\/v2\/types\/page"}],"author":[{"embeddable":true,"href":"https:\/\/mffe.ci\/MFFE\/site_famille\/wp-json\/wp\/v2\/users\/1"}],"replies":[{"embeddable":true,"href":"https:\/\/mffe.ci\/MFFE\/site_famille\/wp-json\/wp\/v2\/comments?post=4779"}],"version-history":[{"count":2,"href":"https:\/\/mffe.ci\/MFFE\/site_famille\/wp-json\/wp\/v2\/pages\/4779\/revisions"}],"predecessor-version":[{"id":5289,"href":"https:\/\/mffe.ci\/MFFE\/site_famille\/wp-json\/wp\/v2\/pages\/4779\/revisions\/5289"}],"up":[{"embeddable":true,"href":"https:\/\/mffe.ci\/MFFE\/site_famille\/wp-json\/wp\/v2\/pages\/4765"}],"wp:attachment":[{"href":"https:\/\/mffe.ci\/MFFE\/site_famille\/wp-json\/wp\/v2\/media?parent=4779"}],"curies":[{"name":"wp","href":"https:\/\/api.w.org\/{rel}","templated":true}]}}