{"id":4801,"date":"2021-11-10T17:59:51","date_gmt":"2021-11-10T16:59:51","guid":{"rendered":"https:\/\/mffe.ci\/MFFE\/site_famille\/?page_id=4801"},"modified":"2022-01-18T20:23:08","modified_gmt":"2022-01-18T19:23:08","slug":"textes-juridiques","status":"publish","type":"page","link":"https:\/\/mffe.ci\/MFFE\/site_famille\/document-dinteret-public\/textes-juridiques\/","title":{"rendered":"Textes juridiques"},"content":{"rendered":"<div class=\"pvc_clear\"><\/div><p class=\"pvc_stats total_only \" data-element-id=\"4801\" style=\"\"><i class=\"pvc-stats-icon medium\" aria-hidden=\"true\"><svg aria-hidden=\"true\" focusable=\"false\" data-prefix=\"far\" data-icon=\"chart-bar\" role=\"img\" xmlns=\"http:\/\/www.w3.org\/2000\/svg\" viewBox=\"0 0 512 512\" class=\"svg-inline--fa fa-chart-bar fa-w-16 fa-2x\"><path fill=\"currentColor\" d=\"M396.8 352h22.4c6.4 0 12.8-6.4 12.8-12.8V108.8c0-6.4-6.4-12.8-12.8-12.8h-22.4c-6.4 0-12.8 6.4-12.8 12.8v230.4c0 6.4 6.4 12.8 12.8 12.8zm-192 0h22.4c6.4 0 12.8-6.4 12.8-12.8V140.8c0-6.4-6.4-12.8-12.8-12.8h-22.4c-6.4 0-12.8 6.4-12.8 12.8v198.4c0 6.4 6.4 12.8 12.8 12.8zm96 0h22.4c6.4 0 12.8-6.4 12.8-12.8V204.8c0-6.4-6.4-12.8-12.8-12.8h-22.4c-6.4 0-12.8 6.4-12.8 12.8v134.4c0 6.4 6.4 12.8 12.8 12.8zM496 400H48V80c0-8.84-7.16-16-16-16H16C7.16 64 0 71.16 0 80v336c0 17.67 14.33 32 32 32h464c8.84 0 16-7.16 16-16v-16c0-8.84-7.16-16-16-16zm-387.2-48h22.4c6.4 0 12.8-6.4 12.8-12.8v-70.4c0-6.4-6.4-12.8-12.8-12.8h-22.4c-6.4 0-12.8 6.4-12.8 12.8v70.4c0 6.4 6.4 12.8 12.8 12.8z\" class=\"\"><\/path><\/svg><\/i> &nbsp;2,107&nbsp;vues<\/p><div class=\"pvc_clear\"><\/div>\n<h5 class=\"wp-block-heading\">Textes juridiques<\/h5>\n\n\n\n<figure class=\"wp-block-table\"><table><tbody><tr><td><strong>Titre document<\/strong><\/td><td><strong>Description du document<\/strong><\/td><td><strong>Voir<\/strong><\/td><\/tr><tr><td><strong>Constitution 2016<\/strong><\/td><td>Loi no 2016-886 portant Constitution de la R\u00e9publique de C\u00f4te d&rsquo;Ivoire<\/td><td><a href=\"https:\/\/mffe.ci\/MFFE\/site_famille\/wp-content\/uploads\/2022\/01\/constitution_2016.pdf\" data-type=\"URL\" data-id=\"https:\/\/mffe.ci\/MFFE\/site_famille\/wp-content\/uploads\/2022\/01\/constitution_2016.pdf\" target=\"_blank\" rel=\"noreferrer noopener\">T\u00e9l\u00e9charger le document<\/a><\/td><\/tr><tr><td><strong>Loi n\u00b02018-863 du 19 novembre 2018 instituant une proc\u00e9dure sp\u00e9ciale de d\u00e9claration de naissance, de r\u00e9tablissement d&rsquo;identit\u00e9 et de transcription d&rsquo;acte de naissance.<\/strong><\/td><td>Loi n\u00b02018-863 du 19 novembre 2018 instituant une proc\u00e9dure sp\u00e9ciale de d\u00e9claration de naissance, de r\u00e9tablissement d&rsquo;identit\u00e9 et de transcription d&rsquo;acte de naissance.<\/td><td><a href=\"https:\/\/mffe.ci\/MFFE\/site_famille\/wp-content\/uploads\/2022\/01\/loi_numero_2018_863_du_19_11_2018_instituant_une_procedure_declaration_naissance.pdf\" data-type=\"URL\" data-id=\"https:\/\/mffe.ci\/MFFE\/site_famille\/wp-content\/uploads\/2022\/01\/loi_numero_2018_863_du_19_11_2018_instituant_une_procedure_declaration_naissance.pdf\" target=\"_blank\" rel=\"noreferrer noopener\">T\u00e9l\u00e9charger le document<\/a><\/td><\/tr><tr><td><strong>D\u00e9cret No 2020-209 du 05 F\u00e9vrier 2020 portant nomination d&rsquo;un Directeurs des Etudes, de la Planification et des Statistiques<\/strong><\/td><td>D\u00e9cret No 2020-209 du 05 F\u00e9vrier 2020 portant nomination d&rsquo;un Directeurs des Etudes, de la Planification et des Statistiques au Minist\u00e8re de la Femme, de la Famille et de l&rsquo;Enfant<\/td><td><a href=\"https:\/\/mffe.ci\/MFFE\/site_famille\/wp-content\/uploads\/2022\/01\/arrete_NOMINATION_DU_DIRECTEUR_DES_ETUDES_PLANIFICATION_ET_DES_STATISTIQUES.pdf\" data-type=\"URL\" data-id=\"https:\/\/mffe.ci\/MFFE\/site_famille\/wp-content\/uploads\/2022\/01\/arrete_NOMINATION_DU_DIRECTEUR_DES_ETUDES_PLANIFICATION_ET_DES_STATISTIQUES.pdf\" target=\"_blank\" rel=\"noreferrer noopener\">T\u00e9l\u00e9charger le document<\/a><\/td><\/tr><tr><td><strong>D\u00e9cret No 2020-210 du 05 F\u00e9vrier 2020 portant nomination de Directeurs Centraux<\/strong><\/td><td>D\u00e9cret No 2020-210 du 05 F\u00e9vrier 2020 portant nomination de Directeurs Centraux au Minist\u00e8re de la Femme, de la Famille et de l&rsquo;Enfant<\/td><td><a href=\"https:\/\/mffe.ci\/MFFE\/site_famille\/wp-content\/uploads\/2022\/01\/arrete_NOMINATION_DES_DIRECTEURS_CENTRAUX.pdf\" data-type=\"URL\" data-id=\"https:\/\/mffe.ci\/MFFE\/site_famille\/wp-content\/uploads\/2022\/01\/arrete_NOMINATION_DES_DIRECTEURS_CENTRAUX.pdf\" target=\"_blank\" rel=\"noreferrer noopener\">T\u00e9l\u00e9charger le document<\/a><\/td><\/tr><tr><td><strong>Arr\u00eat\u00e9 No 634\/MFFE\/CAB du 14 ao\u00fbt 2019 portant nomination de Conseillers Techniques<\/strong><\/td><td>Arr\u00eat\u00e9 No 634\/MFFE\/CAB du 14 ao\u00fbt 2019 portant nomination de Conseillers Techniques au Minist\u00e8re de la Femme, de la Famille et de l&rsquo;Enfant<\/td><td><a href=\"https:\/\/mffe.ci\/MFFE\/site_famille\/wp-content\/uploads\/2022\/01\/arrete_NOMINATION_DE_CONSEILLERS_TECHNIQUES.pdf\" data-type=\"URL\" data-id=\"https:\/\/mffe.ci\/MFFE\/site_famille\/wp-content\/uploads\/2022\/01\/arrete_NOMINATION_DE_CONSEILLERS_TECHNIQUES.pdf\" target=\"_blank\" rel=\"noreferrer noopener\">T\u00e9l\u00e9charger le document<\/a><\/td><\/tr><tr><td><strong>D\u00e9cret num\u00e9ro 2020-208 du 05 F\u00e9vrier 2020 portant nomination d&rsquo;Inspecteur Technique<\/strong><\/td><td>D\u00e9cret num\u00e9ro 2020-208 du 05 F\u00e9vrier 2020 portant nomination d&rsquo;Inspecteur Technique au Minist\u00e8re de la Femme, de la Famille et de l&rsquo;Enfant<\/td><td><a href=\"https:\/\/mffe.ci\/MFFE\/site_famille\/wp-content\/uploads\/2022\/01\/decret_NOMINATION_D_INSPECTEUR_TECHNIQUE.pdf\" data-type=\"URL\" data-id=\"https:\/\/mffe.ci\/MFFE\/site_famille\/wp-content\/uploads\/2022\/01\/decret_NOMINATION_D_INSPECTEUR_TECHNIQUE.pdf\" target=\"_blank\" rel=\"noreferrer noopener\">T\u00e9l\u00e9charger le document<\/a><\/td><\/tr><tr><td><strong>D\u00e9cret num\u00e9ro 2020-207 du 05 F\u00e9vrier 2020 portant nomination de l&rsquo;Inspecteur G\u00e9n\u00e9ral<\/strong><\/td><td>D\u00e9cret num\u00e9ro 2020-207 du 05 F\u00e9vrier 2020 portant nomination de l&rsquo;Inspecteur G\u00e9n\u00e9ral du Minist\u00e8re de la Femme, de la Famille et de l&rsquo;Enfant<\/td><td><a href=\"https:\/\/mffe.ci\/MFFE\/site_famille\/wp-content\/uploads\/2022\/01\/decret_NOMINATION_D_INSPECTEUR_GENERAL.pdf\" data-type=\"URL\" data-id=\"https:\/\/mffe.ci\/MFFE\/site_famille\/wp-content\/uploads\/2022\/01\/decret_NOMINATION_D_INSPECTEUR_GENERAL.pdf\" target=\"_blank\" rel=\"noreferrer noopener\">T\u00e9l\u00e9charger le document<\/a><\/td><\/tr><tr><td><strong>Arr\u00eate num\u00e9ro 082 du 27\/08\/2019 Portant cr\u00e9ation attribution, composition et fonctionnement de la Commission d&rsquo;affectation et de Mutation des Personnels<\/strong><\/td><td>Arr\u00eat\u00e9 num\u00e9ro 082 du 27\/08\/2019 Portant cr\u00e9ation attribution, composition et fonctionnement de la Commission d&rsquo;affectation et de Mutation des Personnels, en abr\u00e9g\u00e9 C.M.P.<\/td><td><a href=\"https:\/\/mffe.ci\/MFFE\/site_famille\/wp-content\/uploads\/2022\/01\/Arrete_082_du_27_8_2019_Portant_creation_attribution_composit.pdf\" data-type=\"URL\" data-id=\"https:\/\/mffe.ci\/MFFE\/site_famille\/wp-content\/uploads\/2022\/01\/Arrete_082_du_27_8_2019_Portant_creation_attribution_composit.pdf\" target=\"_blank\" rel=\"noreferrer noopener\">T\u00e9l\u00e9charger le document<\/a><\/td><\/tr><tr><td><strong>D\u00e9cret no 2020-219 du 05 F\u00e9vrier 2020 portant nomination d&rsquo;un des Etudes, de la Planification et des Statistiques au MFFE<\/strong><\/td><td>D\u00e9cret no 2020-219 du 05 F\u00e9vrier 2020 portant nomination d&rsquo;un des Etudes, de la Planification et des Statistiques au MFFE<\/td><td><a href=\"https:\/\/mffe.ci\/MFFE\/site_famille\/wp-content\/uploads\/2022\/01\/1293372134.pdf\" data-type=\"URL\" data-id=\"https:\/\/mffe.ci\/MFFE\/site_famille\/wp-content\/uploads\/2022\/01\/1293372134.pdf\" target=\"_blank\" rel=\"noreferrer noopener\">T\u00e9l\u00e9charger le document<\/a><\/td><\/tr><tr><td><strong>D\u00e9cret no 2020-208 du 05 F\u00e9vrier 2020 portant nomination d&rsquo;Inspecteurs Technique au MFFE<\/strong><\/td><td>D\u00e9cret no 2020-208 du 05 F\u00e9vrier 2020 portant nomination d&rsquo;Inspecteurs Technique au MFFE<\/td><td><a href=\"https:\/\/mffe.ci\/MFFE\/site_famille\/wp-content\/uploads\/2022\/01\/1200164845_Nomination_inspecteur_technique.pdf\" data-type=\"URL\" data-id=\"https:\/\/mffe.ci\/MFFE\/site_famille\/wp-content\/uploads\/2022\/01\/1200164845_Nomination_inspecteur_technique.pdf\" target=\"_blank\" rel=\"noreferrer noopener\">T\u00e9l\u00e9charger le document<\/a><\/td><\/tr><tr><td><strong>D\u00e9cret no 2020-207 du 05 F\u00e9vrier 2020 portant nomination de l&rsquo;Inspecteur G\u00e9n\u00e9ral du MFFE<\/strong><\/td><td>D\u00e9cret no 2020-207 du 05 F\u00e9vrier 2020 portant nomination de l&rsquo;Inspecteur G\u00e9n\u00e9ral du MFFE<\/td><td><a href=\"https:\/\/mffe.ci\/MFFE\/site_famille\/wp-content\/uploads\/2022\/01\/1682392568_nomination_inspecteur_general.pdf\" data-type=\"URL\" data-id=\"https:\/\/mffe.ci\/MFFE\/site_famille\/wp-content\/uploads\/2022\/01\/1682392568_nomination_inspecteur_general.pdf\" target=\"_blank\" rel=\"noreferrer noopener\">T\u00e9l\u00e9charger le document<\/a><\/td><\/tr><tr><td><strong>D\u00e9cret no 2020-210 du 05 F\u00e9vrier 2020 portant nomination de Directeurs Centraux au MFFE<\/strong><\/td><td>D\u00e9cret no 2020-210 du 05 F\u00e9vrier 2020 portant nomination de Directeurs Centraux au MFFE<\/td><td><a href=\"https:\/\/mffe.ci\/MFFE\/site_famille\/wp-content\/uploads\/2022\/01\/1863656180_nomination_directeurs_centraux.pdf\" data-type=\"URL\" data-id=\"https:\/\/mffe.ci\/MFFE\/site_famille\/wp-content\/uploads\/2022\/01\/1863656180_nomination_directeurs_centraux.pdf\" target=\"_blank\" rel=\"noreferrer noopener\">T\u00e9l\u00e9charger le document<\/a><\/td><\/tr><tr><td><strong>DECRET DU 22 MAI 2020 MFFE Mise en vacances des enfants des CPPE CACE<\/strong><\/td><td>Communiqu\u00e9 du minist\u00e8re de la Femme, de la Famille et de l&rsquo;Enfant Mise en vacances des enfants des Centres de Protection de la Petite Enfance (CPPE) et des Centres d&rsquo;Action Communautaire pour l&rsquo;Enfance (CACE)<\/td><td><a href=\"https:\/\/mffe.ci\/MFFE\/site_famille\/wp-content\/uploads\/2022\/01\/809021624_Communique_2031_22MAI2020.pdf\" data-type=\"URL\" data-id=\"https:\/\/mffe.ci\/MFFE\/site_famille\/wp-content\/uploads\/2022\/01\/809021624_Communique_2031_22MAI2020.pdf\" target=\"_blank\" rel=\"noreferrer noopener\">T\u00e9l\u00e9charger le document<\/a><\/td><\/tr><tr><td><strong>Loi n\u00b02018-862 du 19 novembre 2018 relative \u00e0 l&rsquo;\u00e9tat civil.<\/strong><\/td><td>Loi n\u00b02018-862 du 19 novembre 2018 relative \u00e0 l&rsquo;\u00e9tat civil.<\/td><td><a href=\"https:\/\/mffe.ci\/MFFE\/site_famille\/wp-content\/uploads\/2022\/01\/loi_numero_2018_862_du_19_11_2018_etat_civil.pdf\" data-type=\"URL\" data-id=\"https:\/\/mffe.ci\/MFFE\/site_famille\/wp-content\/uploads\/2022\/01\/loi_numero_2018_862_du_19_11_2018_etat_civil.pdf\" target=\"_blank\" rel=\"noreferrer noopener\">T\u00e9l\u00e9charger le document<\/a><\/td><\/tr><tr><td><strong>D\u00e9cret 2018-498 du 23-5-2018 Portant cr\u00e9ation de la CNFA<\/strong><\/td><td>DECRET No 2019-592 DU 3 JUILLET 2019 PORTANT CREATION, ORGANISATION ET FONCTIONNEMENT DE L&rsquo;OBSERVATOIRE NATIONAL DE L&rsquo;EQUITE ET DU GENRE<\/td><td><a href=\"https:\/\/mffe.ci\/MFFE\/site_famille\/wp-content\/uploads\/2022\/01\/Decret_2019-592_portant_creation_attributions_organisation_et_fonctionnement_de__ONEG.pdf\" data-type=\"URL\" data-id=\"https:\/\/mffe.ci\/MFFE\/site_famille\/wp-content\/uploads\/2022\/01\/Decret_2019-592_portant_creation_attributions_organisation_et_fonctionnement_de__ONEG.pdf\" target=\"_blank\" rel=\"noreferrer noopener\">T\u00e9l\u00e9charger le document<\/a><\/td><\/tr><tr><td><strong>D\u00c9CRET No 2019-779 relatif au comit\u00e9 interminist\u00e9riel de protection de l&rsquo;enfant<\/strong><\/td><td>D\u00c9CRET No 2019-779 portant cr\u00e9ation, attributions, organisation et fonctionnement du comit\u00e9 interminist\u00e9riel de protection de l&rsquo;enfant.<\/td><td><a href=\"https:\/\/mffe.ci\/MFFE\/site_famille\/wp-content\/uploads\/2022\/01\/19838507999_decret_2019_779_comite_interministeriel_enfant.pdf\" data-type=\"URL\" data-id=\"https:\/\/mffe.ci\/MFFE\/site_famille\/wp-content\/uploads\/2022\/01\/19838507999_decret_2019_779_comite_interministeriel_enfant.pdf\" target=\"_blank\" rel=\"noreferrer noopener\">T\u00e9l\u00e9charger le document<\/a><\/td><\/tr><tr><td><strong>Loi 2019-870 favorisant la repr\u00e9sentation de la femme dans les assembl\u00e9es \u00e9lues<\/strong><\/td><td>Loi 2019-870 favorisant la repr\u00e9sentation de la femme dans les assembl\u00e9es \u00e9lues.<\/td><td><a href=\"https:\/\/mffe.ci\/MFFE\/site_famille\/wp-content\/uploads\/2022\/01\/19838507_loi_favorisant_la_representation_de_la_femme_dans_les_ensemblees_elues.pdf\" data-type=\"URL\" data-id=\"https:\/\/mffe.ci\/MFFE\/site_famille\/wp-content\/uploads\/2022\/01\/19838507_loi_favorisant_la_representation_de_la_femme_dans_les_ensemblees_elues.pdf\" target=\"_blank\" rel=\"noreferrer noopener\">T\u00e9l\u00e9charger le document<\/a><\/td><\/tr><tr><td><strong>DECRET n\u00b0 2019-592 du 3 juillet 2019 portant cr\u00e9ation, organisation et fonctionnement de l&rsquo;Observatoire national de l&rsquo;Equit\u00e9 et du Genre (ONEG).<\/strong><\/td><td>DECRET n\u00b0 2019-592 du 3 juillet 2019 portant cr\u00e9ation, organisation et fonctionnement de l&rsquo;Observatoire national de l&rsquo;Equit\u00e9 et du Genre (ONEG).<\/td><td><a href=\"https:\/\/mffe.ci\/MFFE\/site_famille\/wp-content\/uploads\/2022\/01\/188345113.pdf\" data-type=\"URL\" data-id=\"https:\/\/mffe.ci\/MFFE\/site_famille\/wp-content\/uploads\/2022\/01\/188345113.pdf\" target=\"_blank\" rel=\"noreferrer noopener\">T\u00e9l\u00e9charger le document<\/a><\/td><\/tr><tr><td><strong>D\u00e9cret 2011-290 du 12 octobre 2011 portant institution du poste de Directeur des Ressources Humaines dans tous les Minist\u00e8res.<\/strong><\/td><td>D\u00e9cret 2011-290 du 12 octobre 2011 portant institution du poste de Directeur des Ressources Humaines dans tous les Minist\u00e8res.<\/td><td><a href=\"https:\/\/mffe.ci\/MFFE\/site_famille\/wp-content\/uploads\/2022\/01\/1006075662_institution_poste_du_DRH_des_Ministeres.pdf\" data-type=\"URL\" data-id=\"https:\/\/mffe.ci\/MFFE\/site_famille\/wp-content\/uploads\/2022\/01\/1006075662_institution_poste_du_DRH_des_Ministeres.pdf\" target=\"_blank\" rel=\"noreferrer noopener\">T\u00e9l\u00e9charger le document<\/a><\/td><\/tr><tr><td><strong>Loi n\u00b02016-1111 du 08 d\u00e9cembre 2016 relative \u00e0 la lutte contre la traite des personnes<\/strong><\/td><td>Loi n\u00b02016-1111 du 08 d\u00e9cembre 2016 du 8 d\u00e9cembre 2016 relative \u00e0 la lutte contre la traite des personnes<\/td><td><a href=\"https:\/\/mffe.ci\/MFFE\/site_famille\/wp-content\/uploads\/2022\/01\/loi_2016-1111_du_08_decembre_2016_relative_a_la_lutte_contre_la_traite_des_personnes.pdf\" data-type=\"URL\" data-id=\"https:\/\/mffe.ci\/MFFE\/site_famille\/wp-content\/uploads\/2022\/01\/loi_2016-1111_du_08_decembre_2016_relative_a_la_lutte_contre_la_traite_des_personnes.pdf\" target=\"_blank\" rel=\"noreferrer noopener\">T\u00e9l\u00e9charger le document<\/a><\/td><\/tr><tr><td><strong>Loi n\u00b02019-570 sur le mariage<\/strong><\/td><td>Loi n\u00b02019-573 du 26 Juin 2019 relative le mariage<\/td><td><a href=\"https:\/\/mffe.ci\/MFFE\/site_famille\/wp-content\/uploads\/2022\/01\/loi_2019-570_sur_le_mariage.pdf\" data-type=\"URL\" data-id=\"https:\/\/mffe.ci\/MFFE\/site_famille\/wp-content\/uploads\/2022\/01\/loi_2019-570_sur_le_mariage.pdf\" target=\"_blank\" rel=\"noreferrer noopener\">T\u00e9l\u00e9charger le document<\/a><\/td><\/tr><tr><td><strong>Loi n\u00b02019-573 sur la succession<\/strong><\/td><td>Loi n\u00b02019-573 du 26 Juin 2019 relative aux successions<\/td><td><a href=\"https:\/\/mffe.ci\/MFFE\/site_famille\/wp-content\/uploads\/2022\/01\/loi_2019-573_sur_la_succession.pdf\" data-type=\"URL\" data-id=\"https:\/\/mffe.ci\/MFFE\/site_famille\/wp-content\/uploads\/2022\/01\/loi_2019-573_sur_la_succession.pdf\" target=\"_blank\" rel=\"noreferrer noopener\">T\u00e9l\u00e9charger le document<\/a><\/td><\/tr><tr><td><strong>Loi 2019-574 portant code p\u00e9nal<\/strong><\/td><td>Loi 2019-574 portant code p\u00e9nal<\/td><td><a href=\"https:\/\/mffe.ci\/MFFE\/site_famille\/wp-content\/uploads\/2022\/01\/loi_2019-574_portant_code_penal.pdf\" data-type=\"URL\" data-id=\"https:\/\/mffe.ci\/MFFE\/site_famille\/wp-content\/uploads\/2022\/01\/loi_2019-574_portant_code_penal.pdf\" target=\"_blank\" rel=\"noreferrer noopener\">T\u00e9l\u00e9charger le document<\/a><\/td><\/tr><tr><td><strong>Loi n\u00b02015-539 du 20 Juillet 2015 portant statut de pupille de l\u2019\u00c9tat<\/strong><\/td><td>\u00a0portant statut de pupille de l\u2019\u00c9tat<br>loi n\u00b02015-539 du 20 Juillet 2015 portant statut de pupille de l&rsquo;Etat<\/td><td><a href=\"https:\/\/mffe.ci\/MFFE\/site_famille\/wp-content\/uploads\/2022\/01\/loi_2015-539_pupille_de_l-Etat.pdf\" data-type=\"URL\" data-id=\"https:\/\/mffe.ci\/MFFE\/site_famille\/wp-content\/uploads\/2022\/01\/loi_2015-539_pupille_de_l-Etat.pdf\" target=\"_blank\" rel=\"noreferrer noopener\">T\u00e9l\u00e9charger le document<\/a><\/td><\/tr><tr><td><strong>Loi n\u00b0 2018-975 du 27 d\u00e9cembre 2018 portant Code de Proc\u00e9dure p\u00e9nale.<\/strong><\/td><td>Loi n\u00b0 2018-975 du 27 d\u00e9cembre 2018 portant Code de Proc\u00e9dure p\u00e9nale.<\/td><td><a href=\"https:\/\/mffe.ci\/MFFE\/site_famille\/wp-content\/uploads\/2022\/01\/Loi_2018-975_du_27_decembre_2018_portant_Code_de_Procedure_penale.pdf\" data-type=\"URL\" data-id=\"https:\/\/mffe.ci\/MFFE\/site_famille\/wp-content\/uploads\/2022\/01\/Loi_2018-975_du_27_decembre_2018_portant_Code_de_Procedure_penale.pdf\" target=\"_blank\" rel=\"noreferrer noopener\">T\u00e9l\u00e9charger le document<\/a><\/td><\/tr><tr><td><strong>D\u00e9cret n\u00b094-219 du 20 avril 1994 portant cr\u00e9ation et organisation du Fonds national Femme et D\u00e9veloppement<\/strong><\/td><td>D\u00e9cret n\u00b094-219 du 20 avril 1994 portant cr\u00e9ation et organisation du Fonds national Femme et D\u00e9veloppement<\/td><td><a href=\"https:\/\/mffe.ci\/MFFE\/site_famille\/wp-content\/uploads\/2022\/01\/582065809.pdf\" data-type=\"URL\" data-id=\"https:\/\/mffe.ci\/MFFE\/site_famille\/wp-content\/uploads\/2022\/01\/582065809.pdf\" target=\"_blank\" rel=\"noreferrer noopener\">T\u00e9l\u00e9charger le document<\/a><\/td><\/tr><tr><td><strong>D\u00e9cret n\u00b0 2018-950 portant organisation du MFFE<\/strong><\/td><td>DECRET No 2018-950 DU 18 DECEMBRE 2018 PORTANT ORGANISATION DU MINISTERE DE LA FEMME, DE LA FAMILLE ET DE L&rsquo;ENFANT<\/td><td><a href=\"https:\/\/mffe.ci\/MFFE\/site_famille\/wp-content\/uploads\/2022\/01\/3066336.pdf\" data-type=\"URL\" data-id=\"https:\/\/mffe.ci\/MFFE\/site_famille\/wp-content\/uploads\/2022\/01\/3066336.pdf\" target=\"_blank\" rel=\"noreferrer noopener\">T\u00e9l\u00e9charger le document<\/a><\/td><\/tr><tr><td><strong>Proc\u00e9dures l\u00e9gales pour une adoption en r\u00e9publique de C\u00f4te d&rsquo;Ivoire.<\/strong><\/td><td>Proc\u00e9dures l\u00e9gales pour une adoption en r\u00e9publique de C\u00f4te d&rsquo;Ivoire.<\/td><td><a href=\"https:\/\/mffe.ci\/MFFE\/site_famille\/wp-content\/uploads\/2022\/01\/1724365129_adoption_enfant.pdf\" data-type=\"URL\" data-id=\"https:\/\/mffe.ci\/MFFE\/site_famille\/wp-content\/uploads\/2022\/01\/1724365129_adoption_enfant.pdf\" target=\"_blank\" rel=\"noreferrer noopener\">T\u00e9l\u00e9charger le document<\/a><\/td><\/tr><tr><td><\/td><td><\/td><td><\/td><\/tr><\/tbody><\/table><\/figure>\n","protected":false},"excerpt":{"rendered":"<div class=\"pvc_clear\"><\/div>\n<p class=\"pvc_stats total_only \" data-element-id=\"4801\" style=\"\"><i class=\"pvc-stats-icon medium\" aria-hidden=\"true\"><svg aria-hidden=\"true\" focusable=\"false\" data-prefix=\"far\" data-icon=\"chart-bar\" role=\"img\" xmlns=\"http:\/\/www.w3.org\/2000\/svg\" viewBox=\"0 0 512 512\" class=\"svg-inline--fa fa-chart-bar fa-w-16 fa-2x\"><path fill=\"currentColor\" d=\"M396.8 352h22.4c6.4 0 12.8-6.4 12.8-12.8V108.8c0-6.4-6.4-12.8-12.8-12.8h-22.4c-6.4 0-12.8 6.4-12.8 12.8v230.4c0 6.4 6.4 12.8 12.8 12.8zm-192 0h22.4c6.4 0 12.8-6.4 12.8-12.8V140.8c0-6.4-6.4-12.8-12.8-12.8h-22.4c-6.4 0-12.8 6.4-12.8 12.8v198.4c0 6.4 6.4 12.8 12.8 12.8zm96 0h22.4c6.4 0 12.8-6.4 12.8-12.8V204.8c0-6.4-6.4-12.8-12.8-12.8h-22.4c-6.4 0-12.8 6.4-12.8 12.8v134.4c0 6.4 6.4 12.8 12.8 12.8zM496 400H48V80c0-8.84-7.16-16-16-16H16C7.16 64 0 71.16 0 80v336c0 17.67 14.33 32 32 32h464c8.84 0 16-7.16 16-16v-16c0-8.84-7.16-16-16-16zm-387.2-48h22.4c6.4 0 12.8-6.4 12.8-12.8v-70.4c0-6.4-6.4-12.8-12.8-12.8h-22.4c-6.4 0-12.8 6.4-12.8 12.8v70.4c0 6.4 6.4 12.8 12.8 12.8z\" class=\"\"><\/path><\/svg><\/i> &nbsp;2,107&nbsp;vues<\/p>\n<div class=\"pvc_clear\"><\/div>\n<p>&nbsp;2,107&nbsp;vues Textes juridiques Titre document Description du document Voir Constitution 2016 Loi no 2016-886 portant Constitution de la R\u00e9publique de C\u00f4te d&rsquo;Ivoire T\u00e9l\u00e9charger le document Loi n\u00b02018-863 du 19 novembre 2018 instituant une proc\u00e9dure sp\u00e9ciale de d\u00e9claration de naissance, de r\u00e9tablissement d&rsquo;identit\u00e9 et de transcription d&rsquo;acte de<\/p>\n","protected":false},"author":1,"featured_media":0,"parent":4765,"menu_order":0,"comment_status":"closed","ping_status":"closed","template":"","meta":{"footnotes":""},"class_list":["post-4801","page","type-page","status-publish","hentry"],"_links":{"self":[{"href":"https:\/\/mffe.ci\/MFFE\/site_famille\/wp-json\/wp\/v2\/pages\/4801","targetHints":{"allow":["GET"]}}],"collection":[{"href":"https:\/\/mffe.ci\/MFFE\/site_famille\/wp-json\/wp\/v2\/pages"}],"about":[{"href":"https:\/\/mffe.ci\/MFFE\/site_famille\/wp-json\/wp\/v2\/types\/page"}],"author":[{"embeddable":true,"href":"https:\/\/mffe.ci\/MFFE\/site_famille\/wp-json\/wp\/v2\/users\/1"}],"replies":[{"embeddable":true,"href":"https:\/\/mffe.ci\/MFFE\/site_famille\/wp-json\/wp\/v2\/comments?post=4801"}],"version-history":[{"count":2,"href":"https:\/\/mffe.ci\/MFFE\/site_famille\/wp-json\/wp\/v2\/pages\/4801\/revisions"}],"predecessor-version":[{"id":5381,"href":"https:\/\/mffe.ci\/MFFE\/site_famille\/wp-json\/wp\/v2\/pages\/4801\/revisions\/5381"}],"up":[{"embeddable":true,"href":"https:\/\/mffe.ci\/MFFE\/site_famille\/wp-json\/wp\/v2\/pages\/4765"}],"wp:attachment":[{"href":"https:\/\/mffe.ci\/MFFE\/site_famille\/wp-json\/wp\/v2\/media?parent=4801"}],"curies":[{"name":"wp","href":"https:\/\/api.w.org\/{rel}","templated":true}]}}