{"id":5058,"date":"2021-11-30T15:22:39","date_gmt":"2021-11-30T14:22:39","guid":{"rendered":"https:\/\/mffe.ci\/MFFE\/site_famille\/?page_id=5058"},"modified":"2022-01-19T17:51:35","modified_gmt":"2022-01-19T16:51:35","slug":"direction-du-genre-et-de-lequite","status":"publish","type":"page","link":"https:\/\/mffe.ci\/MFFE\/site_famille\/autres-directions\/direction-du-genre-et-de-lequite\/","title":{"rendered":"Direction du Genre et de l&rsquo;Equit\u00e9"},"content":{"rendered":"<div class=\"pvc_clear\"><\/div><p class=\"pvc_stats total_only \" data-element-id=\"5058\" style=\"\"><i class=\"pvc-stats-icon medium\" aria-hidden=\"true\"><svg aria-hidden=\"true\" focusable=\"false\" data-prefix=\"far\" data-icon=\"chart-bar\" role=\"img\" xmlns=\"http:\/\/www.w3.org\/2000\/svg\" viewBox=\"0 0 512 512\" class=\"svg-inline--fa fa-chart-bar fa-w-16 fa-2x\"><path fill=\"currentColor\" d=\"M396.8 352h22.4c6.4 0 12.8-6.4 12.8-12.8V108.8c0-6.4-6.4-12.8-12.8-12.8h-22.4c-6.4 0-12.8 6.4-12.8 12.8v230.4c0 6.4 6.4 12.8 12.8 12.8zm-192 0h22.4c6.4 0 12.8-6.4 12.8-12.8V140.8c0-6.4-6.4-12.8-12.8-12.8h-22.4c-6.4 0-12.8 6.4-12.8 12.8v198.4c0 6.4 6.4 12.8 12.8 12.8zm96 0h22.4c6.4 0 12.8-6.4 12.8-12.8V204.8c0-6.4-6.4-12.8-12.8-12.8h-22.4c-6.4 0-12.8 6.4-12.8 12.8v134.4c0 6.4 6.4 12.8 12.8 12.8zM496 400H48V80c0-8.84-7.16-16-16-16H16C7.16 64 0 71.16 0 80v336c0 17.67 14.33 32 32 32h464c8.84 0 16-7.16 16-16v-16c0-8.84-7.16-16-16-16zm-387.2-48h22.4c6.4 0 12.8-6.4 12.8-12.8v-70.4c0-6.4-6.4-12.8-12.8-12.8h-22.4c-6.4 0-12.8 6.4-12.8 12.8v70.4c0 6.4 6.4 12.8 12.8 12.8z\" class=\"\"><\/path><\/svg><\/i> &nbsp;833&nbsp;vues<\/p><div class=\"pvc_clear\"><\/div>\n<h5 class=\"wp-block-heading\">Direction du Genre et de l&rsquo;Equit\u00e9<\/h5>\n\n\n\n<button class=\"collapsible\"> 1 &#8211; MISSIONS<\/button>\n\t\t\t\t<div class=\"content\">\n\t\t\t\t  <p>\n\t\t\t\t\tLes missions de la Direction du Genre et de l&rsquo;Equit\u00e9 d\u00e9coulent essentiellement de <strong> l&rsquo;article 15 du d\u00e9cret n\u00b0 2019-1010 du 04 D\u00e9cembre 2019 <\/strong> portant organisation du \n\t\t\t\t\tMinist\u00e8re de la Femme, de la Famille et de l&rsquo;Enfant. Elle est charg\u00e9e : \n\t\t\t\t<ul>\n\t\t\t\t\t<li> d&rsquo;assurer le respect de l&rsquo;\u00e9quit\u00e9 et de l&rsquo;\u00e9galit\u00e9 entre les hommes et les femmes ;<\/li>\n\t\t\t\t\t<li> de faire prendre des mesures correctives dans le sens de l&rsquo;\u00e9quit\u00e9 et de justice sociale ;<\/li>\n\t\t\t\t\t<li> de concevoir et de mettre en \u0153uvre des programmes de formation et de sensibilisation en Genre et D\u00e9veloppement ;<\/li>\n\t\t\t\t\t<li> de mettre en \u0153uvre le plan d&rsquo;op\u00e9rationnalisation du document de politique nationale sur l&rsquo;\u00e9galit\u00e9 des chances, l&rsquo;\u00e9quit\u00e9 et le genre ;<\/li>\n\t\t\t\t\t<li> de coordonner les activit\u00e9s des points focaux et des cellules sectorielles Genre, ainsi que d&rsquo;autres structures actives en mati\u00e8re de Genre et de D\u00e9veloppement ;<\/li>\n\t\t\t\t\t<li> de mettre en \u0153uvre des engagements internationaux en mati\u00e8re d&rsquo;\u00e9quit\u00e9 et d&rsquo;\u00e9galit\u00e9 entre les sexes ;<\/li>\n\t\t\t\t\t<li> de veiller \u00e0 une int\u00e9gration syst\u00e9matique du Genre dans l&rsquo;\u00e9laboration, la mise en \u0153uvre et l&rsquo;\u00e9valuation des documents cadres, programmes et projets nationaux de d\u00e9veloppement ;<\/li>\n\t\t\t\t\t<li> de mettre en \u0153uvre des engagements internationaux en mati\u00e8re d&rsquo;\u00e9quit\u00e9 et d&rsquo;\u00e9galit\u00e9 entre les sexes ;<\/li>\n\t\t\t\t\t<li> de veiller \u00e0 une int\u00e9gration syst\u00e9matique du Genre dans l&rsquo;\u00e9laboration, la mise en \u0153uvre et l&rsquo;\u00e9valuation des documents cadres, programmes et projets nationaux de d\u00e9veloppement ;<\/li>\n\t\t\t\t\t<li> d&rsquo;assurer la coordination nationale de toutes les interventions li\u00e9es \u00e0 la th\u00e9matique Genre et \u00e9galit\u00e9 entre les sexes ;<\/li>\n\t\t\t\t\t<li> d&rsquo;assurer la participation des femmes au processus \u00e9lectoral ou politique.<\/li>\n\t\t\t\t\t\n\t\t\t\t<\/ul>\n\t\t\t\t  <\/p>\n\t\t\t\t  \n\t\t\t\t<\/div>\n\n\n\n<button class=\"collapsible\"> 2 &#8211; ORGANISATION<\/button>\n\t\t\t\t<div class=\"content\">\n\t\t\t\t  <p>\n\t\t\t\tLa Direction du Genre et de l&rsquo;Equit\u00e9 est dirig\u00e9e par un Directeur nomm\u00e9 par d\u00e9cret pris en Conseil des Ministres. Il a rang de Directeur d\u2019Administration Centrale.\n\t\t\t\tLa Direction du Genre et de l&rsquo;Equit\u00e9 comprend deux Sous-directions :\n\t\t\t\t<ul> \n\t\t\t\t\t<li> la Sous-direction du Renforcement des Capacit\u00e9s en Genre ;<\/li> \n\t\t\t\t\t<li> la Sous-direction des Etudes et Recherches en Genre.<\/li> \n\t\t\t\t\n\t\t\t\t<\/ul>\n\t\t\t\tLes Sous-directions sont dirig\u00e9es par des Sous-directeurs nomm\u00e9s par arr\u00eat\u00e9. Ils ont rang de Sous-directeur d\u2019Administration Centrale.\n\t\t\t\t  <\/p>\n\t\t\t\t  \n\t\t\t\t<\/div>\n","protected":false},"excerpt":{"rendered":"<div class=\"pvc_clear\"><\/div>\n<p class=\"pvc_stats total_only \" data-element-id=\"5058\" style=\"\"><i class=\"pvc-stats-icon medium\" aria-hidden=\"true\"><svg aria-hidden=\"true\" focusable=\"false\" data-prefix=\"far\" data-icon=\"chart-bar\" role=\"img\" xmlns=\"http:\/\/www.w3.org\/2000\/svg\" viewBox=\"0 0 512 512\" class=\"svg-inline--fa fa-chart-bar fa-w-16 fa-2x\"><path fill=\"currentColor\" d=\"M396.8 352h22.4c6.4 0 12.8-6.4 12.8-12.8V108.8c0-6.4-6.4-12.8-12.8-12.8h-22.4c-6.4 0-12.8 6.4-12.8 12.8v230.4c0 6.4 6.4 12.8 12.8 12.8zm-192 0h22.4c6.4 0 12.8-6.4 12.8-12.8V140.8c0-6.4-6.4-12.8-12.8-12.8h-22.4c-6.4 0-12.8 6.4-12.8 12.8v198.4c0 6.4 6.4 12.8 12.8 12.8zm96 0h22.4c6.4 0 12.8-6.4 12.8-12.8V204.8c0-6.4-6.4-12.8-12.8-12.8h-22.4c-6.4 0-12.8 6.4-12.8 12.8v134.4c0 6.4 6.4 12.8 12.8 12.8zM496 400H48V80c0-8.84-7.16-16-16-16H16C7.16 64 0 71.16 0 80v336c0 17.67 14.33 32 32 32h464c8.84 0 16-7.16 16-16v-16c0-8.84-7.16-16-16-16zm-387.2-48h22.4c6.4 0 12.8-6.4 12.8-12.8v-70.4c0-6.4-6.4-12.8-12.8-12.8h-22.4c-6.4 0-12.8 6.4-12.8 12.8v70.4c0 6.4 6.4 12.8 12.8 12.8z\" class=\"\"><\/path><\/svg><\/i> &nbsp;833&nbsp;vues<\/p>\n<div class=\"pvc_clear\"><\/div>\n<p>&nbsp;833&nbsp;vues Direction du Genre et de l&rsquo;Equit\u00e9 1 &#8211; MISSIONS Les missions de la Direction du Genre et de l&rsquo;Equit\u00e9 d\u00e9coulent essentiellement de l&rsquo;article 15 du d\u00e9cret n\u00b0 2019-1010 du 04 D\u00e9cembre 2019 portant organisation du Minist\u00e8re de la Femme, de la Famille et de l&rsquo;Enfant. Elle<\/p>\n","protected":false},"author":1,"featured_media":0,"parent":5056,"menu_order":0,"comment_status":"closed","ping_status":"closed","template":"page-PageTemplate3.php","meta":{"footnotes":""},"class_list":["post-5058","page","type-page","status-publish","hentry"],"_links":{"self":[{"href":"https:\/\/mffe.ci\/MFFE\/site_famille\/wp-json\/wp\/v2\/pages\/5058","targetHints":{"allow":["GET"]}}],"collection":[{"href":"https:\/\/mffe.ci\/MFFE\/site_famille\/wp-json\/wp\/v2\/pages"}],"about":[{"href":"https:\/\/mffe.ci\/MFFE\/site_famille\/wp-json\/wp\/v2\/types\/page"}],"author":[{"embeddable":true,"href":"https:\/\/mffe.ci\/MFFE\/site_famille\/wp-json\/wp\/v2\/users\/1"}],"replies":[{"embeddable":true,"href":"https:\/\/mffe.ci\/MFFE\/site_famille\/wp-json\/wp\/v2\/comments?post=5058"}],"version-history":[{"count":5,"href":"https:\/\/mffe.ci\/MFFE\/site_famille\/wp-json\/wp\/v2\/pages\/5058\/revisions"}],"predecessor-version":[{"id":5400,"href":"https:\/\/mffe.ci\/MFFE\/site_famille\/wp-json\/wp\/v2\/pages\/5058\/revisions\/5400"}],"up":[{"embeddable":true,"href":"https:\/\/mffe.ci\/MFFE\/site_famille\/wp-json\/wp\/v2\/pages\/5056"}],"wp:attachment":[{"href":"https:\/\/mffe.ci\/MFFE\/site_famille\/wp-json\/wp\/v2\/media?parent=5058"}],"curies":[{"name":"wp","href":"https:\/\/api.w.org\/{rel}","templated":true}]}}