{"id":5201,"date":"2022-01-06T18:36:07","date_gmt":"2022-01-06T17:36:07","guid":{"rendered":"https:\/\/mffe.ci\/MFFE\/site_famille\/?page_id=5201"},"modified":"2022-01-19T18:20:32","modified_gmt":"2022-01-19T17:20:32","slug":"direction-de-la-protection-de-l-enfant","status":"publish","type":"page","link":"https:\/\/mffe.ci\/MFFE\/site_famille\/autres-directions\/direction-de-la-protection-de-l-enfant\/","title":{"rendered":"Direction de la Protection de l&rsquo; Enfant"},"content":{"rendered":"<div class=\"pvc_clear\"><\/div><p class=\"pvc_stats total_only \" data-element-id=\"5201\" style=\"\"><i class=\"pvc-stats-icon medium\" aria-hidden=\"true\"><svg aria-hidden=\"true\" focusable=\"false\" data-prefix=\"far\" data-icon=\"chart-bar\" role=\"img\" xmlns=\"http:\/\/www.w3.org\/2000\/svg\" viewBox=\"0 0 512 512\" class=\"svg-inline--fa fa-chart-bar fa-w-16 fa-2x\"><path fill=\"currentColor\" d=\"M396.8 352h22.4c6.4 0 12.8-6.4 12.8-12.8V108.8c0-6.4-6.4-12.8-12.8-12.8h-22.4c-6.4 0-12.8 6.4-12.8 12.8v230.4c0 6.4 6.4 12.8 12.8 12.8zm-192 0h22.4c6.4 0 12.8-6.4 12.8-12.8V140.8c0-6.4-6.4-12.8-12.8-12.8h-22.4c-6.4 0-12.8 6.4-12.8 12.8v198.4c0 6.4 6.4 12.8 12.8 12.8zm96 0h22.4c6.4 0 12.8-6.4 12.8-12.8V204.8c0-6.4-6.4-12.8-12.8-12.8h-22.4c-6.4 0-12.8 6.4-12.8 12.8v134.4c0 6.4 6.4 12.8 12.8 12.8zM496 400H48V80c0-8.84-7.16-16-16-16H16C7.16 64 0 71.16 0 80v336c0 17.67 14.33 32 32 32h464c8.84 0 16-7.16 16-16v-16c0-8.84-7.16-16-16-16zm-387.2-48h22.4c6.4 0 12.8-6.4 12.8-12.8v-70.4c0-6.4-6.4-12.8-12.8-12.8h-22.4c-6.4 0-12.8 6.4-12.8 12.8v70.4c0 6.4 6.4 12.8 12.8 12.8z\" class=\"\"><\/path><\/svg><\/i> &nbsp;1,543&nbsp;vues<\/p><div class=\"pvc_clear\"><\/div>\n<h5 class=\"wp-block-heading\">Direction de la Protection de l&rsquo; Enfant<\/h5>\n\n\n\n<button class=\"collapsible\"> 1 &#8211; MISSIONS<\/button>\n\t\t\t\t<div class=\"content\">\n\t\t\t\t  <p>\n\t\t\t\t\tLes missions de la Direction de la Protection de l&rsquo; Enfant d\u00e9coulent essentiellement de <strong> l&rsquo;article 18 du d\u00e9cret n\u00b0 2019-1010 du 04 D\u00e9cembre 2019 <\/strong> portant organisation du Minist\u00e8re de la Femme, de la Famille et de l&rsquo;Enfant. Elle est charg\u00e9e : \n\t\t\t\t<ul>\n\t\t\t\t\t<li> de mettre en \u0153uvre et d&rsquo;assurer le suivi de la Politique Nationale de la Protection de l&rsquo;Enfant;<\/li>\n\t\t\t\t\t<li> d&rsquo;\u00e9laborer les lois et r\u00e8glements en mati\u00e8re de protection de l&rsquo;enfant et d&rsquo;en assurer le suivi de l&rsquo;application en liaison avec les services comp\u00e9tents ;<\/li>\n\t\t\t\t\t<li> de promouvoir les droits de l&rsquo;enfant ;<\/li>\n\t\t\t\t\t<li> de coordonner les activit\u00e9s de protection de l&rsquo;enfant ;<\/li>\n\t\t\t\t\t<li> d&rsquo;assurer la gestion et la coordination des \u00e9tablissements de protection de remplacement publics et priv\u00e9s de prise en charge des enfants ;<\/li>\n\t\t\t\t\t<li> d&rsquo;assurer la coordination et le contr\u00f4le de la proc\u00e9dure administrative en mati\u00e8re d&rsquo;adoption d&rsquo;enfants ;<\/li>\n\t\t\t\t\t<li> de lutter contre les abondons d&rsquo;enfants ;<\/li>\n\t\t\t\t\t<li> de lutter contre les abus \u00e0 l&rsquo;\u00e9gard des enfants et les violences qui leur sont faites ;<\/li>\n\t\t\t\t\t<li> de participer \u00e0 la coordination, \u00e0 l&rsquo;identification, \u00e0 la mise en \u0153uvre et au suivi des mesures dans le domaine de la lutte contre la traite, l&rsquo;exploitation et les pires formes de travail des enfants en liaison avec les Minist\u00e8res techniques concern\u00e9s.<\/li>\n\t\t\t\t\t\n\n\t\t\t\t<\/ul>\n\t\t\t\t  <\/p>\n\t\t\t\t  \n\t\t\t\t<\/div>\n\n\n\n<button class=\"collapsible\"> 2 &#8211; ORGANISATION<\/button>\n\t\t\t\t<div class=\"content\">\n\t\t\t\t  <p>\n                                La Direction de la Protection de l\u2019Enfant est dirig\u00e9e par un Directeur nomm\u00e9 par d\u00e9cret pris en Conseil des Ministres. Il a rang de Directeur d&rsquo;Administration Centrale.<br\/>\n\t\t\t\tLa Direction de la Protection de l\u2019Enfant comprend trois Sous-directions :\n\t\t\t\t<ul> \n\t\t\t\t\t<li> La Sous-Direction de la Promotion des Droits de l&rsquo;Enfant et de la Lutte contre les Abus et Violences ;<\/li> \n\t\t\t\t\t<li> La Sous-Direction de la Coordination et de l&rsquo;Encadrement des Etablissements de Protection de Remplacement ;<\/li>\n\t\t\t\t\t<li> La Sous-Direction des Placements et de l&rsquo;Adoption.<\/li> \n\t\t\t\t\n\t\t\t\t<\/ul>\n\t\t\t\tLes Sous-directions sont dirig\u00e9es par des Sous-directeurs nomm\u00e9s par arr\u00eat\u00e9. Ils ont rang de Sous-directeur d\u2019Administration Centrale.\n\t\t\t\t  <\/p>\n\t\t\t\t  \n\t\t\t\t<\/div>\n","protected":false},"excerpt":{"rendered":"<div class=\"pvc_clear\"><\/div>\n<p class=\"pvc_stats total_only \" data-element-id=\"5201\" style=\"\"><i class=\"pvc-stats-icon medium\" aria-hidden=\"true\"><svg aria-hidden=\"true\" focusable=\"false\" data-prefix=\"far\" data-icon=\"chart-bar\" role=\"img\" xmlns=\"http:\/\/www.w3.org\/2000\/svg\" viewBox=\"0 0 512 512\" class=\"svg-inline--fa fa-chart-bar fa-w-16 fa-2x\"><path fill=\"currentColor\" d=\"M396.8 352h22.4c6.4 0 12.8-6.4 12.8-12.8V108.8c0-6.4-6.4-12.8-12.8-12.8h-22.4c-6.4 0-12.8 6.4-12.8 12.8v230.4c0 6.4 6.4 12.8 12.8 12.8zm-192 0h22.4c6.4 0 12.8-6.4 12.8-12.8V140.8c0-6.4-6.4-12.8-12.8-12.8h-22.4c-6.4 0-12.8 6.4-12.8 12.8v198.4c0 6.4 6.4 12.8 12.8 12.8zm96 0h22.4c6.4 0 12.8-6.4 12.8-12.8V204.8c0-6.4-6.4-12.8-12.8-12.8h-22.4c-6.4 0-12.8 6.4-12.8 12.8v134.4c0 6.4 6.4 12.8 12.8 12.8zM496 400H48V80c0-8.84-7.16-16-16-16H16C7.16 64 0 71.16 0 80v336c0 17.67 14.33 32 32 32h464c8.84 0 16-7.16 16-16v-16c0-8.84-7.16-16-16-16zm-387.2-48h22.4c6.4 0 12.8-6.4 12.8-12.8v-70.4c0-6.4-6.4-12.8-12.8-12.8h-22.4c-6.4 0-12.8 6.4-12.8 12.8v70.4c0 6.4 6.4 12.8 12.8 12.8z\" class=\"\"><\/path><\/svg><\/i> &nbsp;1,543&nbsp;vues<\/p>\n<div class=\"pvc_clear\"><\/div>\n<p>&nbsp;1,543&nbsp;vues Direction de la Protection de l&rsquo; Enfant 1 &#8211; MISSIONS Les missions de la Direction de la Protection de l&rsquo; Enfant d\u00e9coulent essentiellement de l&rsquo;article 18 du d\u00e9cret n\u00b0 2019-1010 du 04 D\u00e9cembre 2019 portant organisation du Minist\u00e8re de la Femme, de la Famille et de<\/p>\n","protected":false},"author":1,"featured_media":0,"parent":5056,"menu_order":0,"comment_status":"closed","ping_status":"closed","template":"page-PageTemplate3.php","meta":{"footnotes":""},"class_list":["post-5201","page","type-page","status-publish","hentry"],"_links":{"self":[{"href":"https:\/\/mffe.ci\/MFFE\/site_famille\/wp-json\/wp\/v2\/pages\/5201","targetHints":{"allow":["GET"]}}],"collection":[{"href":"https:\/\/mffe.ci\/MFFE\/site_famille\/wp-json\/wp\/v2\/pages"}],"about":[{"href":"https:\/\/mffe.ci\/MFFE\/site_famille\/wp-json\/wp\/v2\/types\/page"}],"author":[{"embeddable":true,"href":"https:\/\/mffe.ci\/MFFE\/site_famille\/wp-json\/wp\/v2\/users\/1"}],"replies":[{"embeddable":true,"href":"https:\/\/mffe.ci\/MFFE\/site_famille\/wp-json\/wp\/v2\/comments?post=5201"}],"version-history":[{"count":4,"href":"https:\/\/mffe.ci\/MFFE\/site_famille\/wp-json\/wp\/v2\/pages\/5201\/revisions"}],"predecessor-version":[{"id":5406,"href":"https:\/\/mffe.ci\/MFFE\/site_famille\/wp-json\/wp\/v2\/pages\/5201\/revisions\/5406"}],"up":[{"embeddable":true,"href":"https:\/\/mffe.ci\/MFFE\/site_famille\/wp-json\/wp\/v2\/pages\/5056"}],"wp:attachment":[{"href":"https:\/\/mffe.ci\/MFFE\/site_famille\/wp-json\/wp\/v2\/media?parent=5201"}],"curies":[{"name":"wp","href":"https:\/\/api.w.org\/{rel}","templated":true}]}}